{"id":18244,"date":"2020-09-24T15:28:29","date_gmt":"2020-09-24T12:28:29","guid":{"rendered":"https:\/\/tempakimya.com.tr\/2020\/?page_id=18244"},"modified":"2020-10-02T09:21:41","modified_gmt":"2020-10-02T06:21:41","slug":"maby-tec-krem-bit-partikullu-personel-el-sabunu","status":"publish","type":"page","link":"https:\/\/www.tempakimya.com.tr\/TURKISH\/urunler\/el-yikama-grubu\/maby-tec-krem-bit-partikullu-personel-el-sabunu\/","title":{"rendered":"MABY TEC KREM B\u0130T PART\u0130K\u00dcLL\u00dc PERSONEL EL SABUNU"},"content":{"rendered":"<p>MABY TEC KREM B\u0130T PART\u0130K\u00dcLL\u00dc PERSONEL EL SABUNU<\/p>\n<p><strong>Kullan\u0131m Alanlar\u0131:<\/strong> \u0130\u00e7erisindeki partik\u00fcller sayesinde ellerde cildin i\u00e7ine i\u015flemi\u015f ya\u011f kal\u0131nt\u0131lar\u0131n\u0131 temizler.<\/p>\n<p><strong>Kullan\u0131m \u015eekli:<\/strong> Direkt uygulan\u0131r.<\/p>\n","protected":false},"excerpt":{"rendered":"<p>MABY TEC KREM B\u0130T PART\u0130K\u00dcLL\u00dc PERSONEL EL SABUNU Kullan\u0131m Alanlar\u0131: \u0130\u00e7erisindeki partik\u00fcller sayesinde ellerde cildin i\u00e7ine i\u015flemi\u015f ya\u011f kal\u0131nt\u0131lar\u0131n\u0131 temizler. Kullan\u0131m \u015eekli: Direkt uygulan\u0131r.<\/p>\n","protected":false},"author":2,"featured_media":0,"parent":17914,"menu_order":0,"comment_status":"closed","ping_status":"closed","template":"","meta":[],"_links":{"self":[{"href":"https:\/\/www.tempakimya.com.tr\/TURKISH\/wp-json\/wp\/v2\/pages\/18244"}],"collection":[{"href":"https:\/\/www.tempakimya.com.tr\/TURKISH\/wp-json\/wp\/v2\/pages"}],"about":[{"href":"https:\/\/www.tempakimya.com.tr\/TURKISH\/wp-json\/wp\/v2\/types\/page"}],"author":[{"embeddable":true,"href":"https:\/\/www.tempakimya.com.tr\/TURKISH\/wp-json\/wp\/v2\/users\/2"}],"replies":[{"embeddable":true,"href":"https:\/\/www.tempakimya.com.tr\/TURKISH\/wp-json\/wp\/v2\/comments?post=18244"}],"version-history":[{"count":2,"href":"https:\/\/www.tempakimya.com.tr\/TURKISH\/wp-json\/wp\/v2\/pages\/18244\/revisions"}],"predecessor-version":[{"id":18476,"href":"https:\/\/www.tempakimya.com.tr\/TURKISH\/wp-json\/wp\/v2\/pages\/18244\/revisions\/18476"}],"up":[{"embeddable":true,"href":"https:\/\/www.tempakimya.com.tr\/TURKISH\/wp-json\/wp\/v2\/pages\/17914"}],"wp:attachment":[{"href":"https:\/\/www.tempakimya.com.tr\/TURKISH\/wp-json\/wp\/v2\/media?parent=18244"}],"curies":[{"name":"wp","href":"https:\/\/api.w.org\/{rel}","templated":true}]}}