{"id":18242,"date":"2020-09-24T15:27:57","date_gmt":"2020-09-24T12:27:57","guid":{"rendered":"https:\/\/tempakimya.com.tr\/2020\/?page_id=18242"},"modified":"2020-10-02T09:21:28","modified_gmt":"2020-10-02T06:21:28","slug":"maby-tec-jel-k-konsantre-sivi-sabun","status":"publish","type":"page","link":"https:\/\/www.tempakimya.com.tr\/TURKISH\/urunler\/el-yikama-grubu\/maby-tec-jel-k-konsantre-sivi-sabun\/","title":{"rendered":"MABY TEC JEL K KONSANTRE SIVI SABUN"},"content":{"rendered":"<p>MABY TEC JEL K KONSANTRE SIVI SABUN<\/p>\n<p><strong>Kullan\u0131m Alanlar\u0131:<\/strong> Konsantre oldu\u011fundan ekonomik bir \u00fcr\u00fcnd\u00fcr. B\u00fcro ve evlerde cilt temizleme s\u0131v\u0131s\u0131 olarak kullan\u0131l\u0131r.<\/p>\n<p><strong>Kullan\u0131m \u015eekli:<\/strong> 1\/3-1\/8 oran\u0131nda konsantredir. S\u0131v\u0131 sabun aparatlar\u0131nda kullan\u0131l\u0131r.<\/p>\n","protected":false},"excerpt":{"rendered":"<p>MABY TEC JEL K KONSANTRE SIVI SABUN Kullan\u0131m Alanlar\u0131: Konsantre oldu\u011fundan ekonomik bir \u00fcr\u00fcnd\u00fcr. B\u00fcro ve evlerde cilt temizleme s\u0131v\u0131s\u0131 olarak kullan\u0131l\u0131r. Kullan\u0131m \u015eekli: 1\/3-1\/8 oran\u0131nda konsantredir. S\u0131v\u0131 sabun aparatlar\u0131nda kullan\u0131l\u0131r.<\/p>\n","protected":false},"author":2,"featured_media":0,"parent":17914,"menu_order":0,"comment_status":"closed","ping_status":"closed","template":"","meta":[],"_links":{"self":[{"href":"https:\/\/www.tempakimya.com.tr\/TURKISH\/wp-json\/wp\/v2\/pages\/18242"}],"collection":[{"href":"https:\/\/www.tempakimya.com.tr\/TURKISH\/wp-json\/wp\/v2\/pages"}],"about":[{"href":"https:\/\/www.tempakimya.com.tr\/TURKISH\/wp-json\/wp\/v2\/types\/page"}],"author":[{"embeddable":true,"href":"https:\/\/www.tempakimya.com.tr\/TURKISH\/wp-json\/wp\/v2\/users\/2"}],"replies":[{"embeddable":true,"href":"https:\/\/www.tempakimya.com.tr\/TURKISH\/wp-json\/wp\/v2\/comments?post=18242"}],"version-history":[{"count":2,"href":"https:\/\/www.tempakimya.com.tr\/TURKISH\/wp-json\/wp\/v2\/pages\/18242\/revisions"}],"predecessor-version":[{"id":18475,"href":"https:\/\/www.tempakimya.com.tr\/TURKISH\/wp-json\/wp\/v2\/pages\/18242\/revisions\/18475"}],"up":[{"embeddable":true,"href":"https:\/\/www.tempakimya.com.tr\/TURKISH\/wp-json\/wp\/v2\/pages\/17914"}],"wp:attachment":[{"href":"https:\/\/www.tempakimya.com.tr\/TURKISH\/wp-json\/wp\/v2\/media?parent=18242"}],"curies":[{"name":"wp","href":"https:\/\/api.w.org\/{rel}","templated":true}]}}