{"id":18230,"date":"2020-09-24T15:24:20","date_gmt":"2020-09-24T12:24:20","guid":{"rendered":"https:\/\/tempakimya.com.tr\/2020\/?page_id=18230"},"modified":"2020-10-02T09:15:20","modified_gmt":"2020-10-02T06:15:20","slug":"maby-tec-m-1-kmetal-yuzeyinden-pas-alma-ve-metal-yuzey-hazirlayicisi","status":"publish","type":"page","link":"https:\/\/www.tempakimya.com.tr\/TURKISH\/urunler\/metal-temizlik-ve-bakim-grubu\/maby-tec-m-1-kmetal-yuzeyinden-pas-alma-ve-metal-yuzey-hazirlayicisi\/","title":{"rendered":"MABY TEC M 1 METAL Y\u00dcZEY\u0130NDEN PAS ALMA VE METAL Y\u00dcZEY HAZIRLAYICISI"},"content":{"rendered":"<p>MABY TEC M 1 METAL Y\u00dcZEY\u0130NDEN PAS ALMA VE METAL Y\u00dcZEY HAZIRLAYICI<\/p>\n<p><strong>Kullan\u0131m Alanlar\u0131:<\/strong> Metal y\u00fczeylerde boya i\u015flemi \u00f6ncesi y\u00fczeyde bulunan ya\u011f, kir ve pas\u0131 temizlemek i\u00e7in kullan\u0131l\u0131r.<\/p>\n<p><strong>Kullan\u0131m \u015eekli:<\/strong> 1\/5-1\/10 konsantredir. \u0130\u015flem yap\u0131lacak metal \u00fczerine spreylenerek ya da dald\u0131rma y\u00f6ntemiyle temizlenir.<\/p>\n","protected":false},"excerpt":{"rendered":"<p>MABY TEC M 1 METAL Y\u00dcZEY\u0130NDEN PAS ALMA VE METAL Y\u00dcZEY HAZIRLAYICI Kullan\u0131m Alanlar\u0131: Metal y\u00fczeylerde boya i\u015flemi \u00f6ncesi y\u00fczeyde bulunan ya\u011f, kir ve pas\u0131 temizlemek i\u00e7in kullan\u0131l\u0131r. Kullan\u0131m \u015eekli: 1\/5-1\/10 konsantredir. \u0130\u015flem yap\u0131lacak metal \u00fczerine spreylenerek ya da dald\u0131rma y\u00f6ntemiyle temizlenir.<\/p>\n","protected":false},"author":2,"featured_media":0,"parent":17912,"menu_order":0,"comment_status":"closed","ping_status":"closed","template":"","meta":[],"_links":{"self":[{"href":"https:\/\/www.tempakimya.com.tr\/TURKISH\/wp-json\/wp\/v2\/pages\/18230"}],"collection":[{"href":"https:\/\/www.tempakimya.com.tr\/TURKISH\/wp-json\/wp\/v2\/pages"}],"about":[{"href":"https:\/\/www.tempakimya.com.tr\/TURKISH\/wp-json\/wp\/v2\/types\/page"}],"author":[{"embeddable":true,"href":"https:\/\/www.tempakimya.com.tr\/TURKISH\/wp-json\/wp\/v2\/users\/2"}],"replies":[{"embeddable":true,"href":"https:\/\/www.tempakimya.com.tr\/TURKISH\/wp-json\/wp\/v2\/comments?post=18230"}],"version-history":[{"count":3,"href":"https:\/\/www.tempakimya.com.tr\/TURKISH\/wp-json\/wp\/v2\/pages\/18230\/revisions"}],"predecessor-version":[{"id":18472,"href":"https:\/\/www.tempakimya.com.tr\/TURKISH\/wp-json\/wp\/v2\/pages\/18230\/revisions\/18472"}],"up":[{"embeddable":true,"href":"https:\/\/www.tempakimya.com.tr\/TURKISH\/wp-json\/wp\/v2\/pages\/17912"}],"wp:attachment":[{"href":"https:\/\/www.tempakimya.com.tr\/TURKISH\/wp-json\/wp\/v2\/media?parent=18230"}],"curies":[{"name":"wp","href":"https:\/\/api.w.org\/{rel}","templated":true}]}}