{"id":18226,"date":"2020-09-24T15:23:06","date_gmt":"2020-09-24T12:23:06","guid":{"rendered":"https:\/\/tempakimya.com.tr\/2020\/?page_id=18226"},"modified":"2020-10-02T09:14:36","modified_gmt":"2020-10-02T06:14:36","slug":"maby-tec-m-2-kapali-sistem-temizleyici","status":"publish","type":"page","link":"https:\/\/www.tempakimya.com.tr\/TURKISH\/urunler\/metal-temizlik-ve-bakim-grubu\/maby-tec-m-2-kapali-sistem-temizleyici\/","title":{"rendered":"MABY TEC M 2 KAPALI S\u0130STEM TEM\u0130ZLEY\u0130C\u0130"},"content":{"rendered":"<p>MABY TEC M 2 KAPALI S\u0130STEM TEM\u0130ZLEY\u0130C\u0130<\/p>\n<p><strong>Kullan\u0131m Alanlar\u0131:<\/strong> Kapal\u0131 sistemlerde zamanla olu\u015fabilecek sudan kaynaklanan kire\u00e7lerin temizlenmesinde kullan\u0131l\u0131r.<\/p>\n<p><strong>Kullan\u0131m \u015eekli:<\/strong> 1\/10-1\/20 oran\u0131nda sisteme dozajlanarak sistemde dola\u015f\u0131m\u0131 sa\u011flan\u0131r. Daha sonras\u0131nda sistemden tahliye edilir. Gerekli oldu\u011fu takdirde i\u015flem tekrarlan\u0131r.<\/p>\n","protected":false},"excerpt":{"rendered":"<p>MABY TEC M 2 KAPALI S\u0130STEM TEM\u0130ZLEY\u0130C\u0130 Kullan\u0131m Alanlar\u0131: Kapal\u0131 sistemlerde zamanla olu\u015fabilecek sudan kaynaklanan kire\u00e7lerin temizlenmesinde kullan\u0131l\u0131r. Kullan\u0131m \u015eekli: 1\/10-1\/20 oran\u0131nda sisteme dozajlanarak sistemde dola\u015f\u0131m\u0131 sa\u011flan\u0131r. Daha sonras\u0131nda sistemden tahliye edilir. Gerekli oldu\u011fu takdirde i\u015flem tekrarlan\u0131r.<\/p>\n","protected":false},"author":2,"featured_media":0,"parent":17912,"menu_order":0,"comment_status":"closed","ping_status":"closed","template":"","meta":[],"_links":{"self":[{"href":"https:\/\/www.tempakimya.com.tr\/TURKISH\/wp-json\/wp\/v2\/pages\/18226"}],"collection":[{"href":"https:\/\/www.tempakimya.com.tr\/TURKISH\/wp-json\/wp\/v2\/pages"}],"about":[{"href":"https:\/\/www.tempakimya.com.tr\/TURKISH\/wp-json\/wp\/v2\/types\/page"}],"author":[{"embeddable":true,"href":"https:\/\/www.tempakimya.com.tr\/TURKISH\/wp-json\/wp\/v2\/users\/2"}],"replies":[{"embeddable":true,"href":"https:\/\/www.tempakimya.com.tr\/TURKISH\/wp-json\/wp\/v2\/comments?post=18226"}],"version-history":[{"count":3,"href":"https:\/\/www.tempakimya.com.tr\/TURKISH\/wp-json\/wp\/v2\/pages\/18226\/revisions"}],"predecessor-version":[{"id":18471,"href":"https:\/\/www.tempakimya.com.tr\/TURKISH\/wp-json\/wp\/v2\/pages\/18226\/revisions\/18471"}],"up":[{"embeddable":true,"href":"https:\/\/www.tempakimya.com.tr\/TURKISH\/wp-json\/wp\/v2\/pages\/17912"}],"wp:attachment":[{"href":"https:\/\/www.tempakimya.com.tr\/TURKISH\/wp-json\/wp\/v2\/media?parent=18226"}],"curies":[{"name":"wp","href":"https:\/\/api.w.org\/{rel}","templated":true}]}}