{"id":18223,"date":"2020-09-24T15:21:43","date_gmt":"2020-09-24T12:21:43","guid":{"rendered":"https:\/\/tempakimya.com.tr\/2020\/?page_id=18223"},"modified":"2020-10-02T09:14:15","modified_gmt":"2020-10-02T06:14:15","slug":"maby-tec-t-61-x-parca-yikama-kimyasali","status":"publish","type":"page","link":"https:\/\/www.tempakimya.com.tr\/TURKISH\/urunler\/metal-temizlik-ve-bakim-grubu\/maby-tec-t-61-x-parca-yikama-kimyasali\/","title":{"rendered":"MABY TEC T 61 X PAR\u00c7A YIKAMA K\u0130MYASALI"},"content":{"rendered":"<p>MABY TEC T 61 X PAR\u00c7A YIKAMA K\u0130MYASALI<\/p>\n<p><strong>Kullan\u0131m Alanlar\u0131:<\/strong> Sac, metal par\u00e7alar\u0131n y\u00fczeyinden ya\u011f\u0131n\u0131 alarak koruma yapan \u00f6zellikte bir \u00fcr\u00fcnd\u00fcr. K\u00f6p\u00fc\u011f\u00fc ayarl\u0131d\u0131r.<\/p>\n<p><strong>Kullan\u0131m \u015eekli:<\/strong> %10 ile kurulumu yap\u0131l\u0131r.<\/p>\n","protected":false},"excerpt":{"rendered":"<p>MABY TEC T 61 X PAR\u00c7A YIKAMA K\u0130MYASALI Kullan\u0131m Alanlar\u0131: Sac, metal par\u00e7alar\u0131n y\u00fczeyinden ya\u011f\u0131n\u0131 alarak koruma yapan \u00f6zellikte bir \u00fcr\u00fcnd\u00fcr. K\u00f6p\u00fc\u011f\u00fc ayarl\u0131d\u0131r. Kullan\u0131m \u015eekli: %10 ile kurulumu yap\u0131l\u0131r.<\/p>\n","protected":false},"author":2,"featured_media":0,"parent":17912,"menu_order":0,"comment_status":"closed","ping_status":"closed","template":"","meta":[],"_links":{"self":[{"href":"https:\/\/www.tempakimya.com.tr\/TURKISH\/wp-json\/wp\/v2\/pages\/18223"}],"collection":[{"href":"https:\/\/www.tempakimya.com.tr\/TURKISH\/wp-json\/wp\/v2\/pages"}],"about":[{"href":"https:\/\/www.tempakimya.com.tr\/TURKISH\/wp-json\/wp\/v2\/types\/page"}],"author":[{"embeddable":true,"href":"https:\/\/www.tempakimya.com.tr\/TURKISH\/wp-json\/wp\/v2\/users\/2"}],"replies":[{"embeddable":true,"href":"https:\/\/www.tempakimya.com.tr\/TURKISH\/wp-json\/wp\/v2\/comments?post=18223"}],"version-history":[{"count":2,"href":"https:\/\/www.tempakimya.com.tr\/TURKISH\/wp-json\/wp\/v2\/pages\/18223\/revisions"}],"predecessor-version":[{"id":18470,"href":"https:\/\/www.tempakimya.com.tr\/TURKISH\/wp-json\/wp\/v2\/pages\/18223\/revisions\/18470"}],"up":[{"embeddable":true,"href":"https:\/\/www.tempakimya.com.tr\/TURKISH\/wp-json\/wp\/v2\/pages\/17912"}],"wp:attachment":[{"href":"https:\/\/www.tempakimya.com.tr\/TURKISH\/wp-json\/wp\/v2\/media?parent=18223"}],"curies":[{"name":"wp","href":"https:\/\/api.w.org\/{rel}","templated":true}]}}