{"id":18221,"date":"2020-09-24T15:19:42","date_gmt":"2020-09-24T12:19:42","guid":{"rendered":"https:\/\/tempakimya.com.tr\/2020\/?page_id=18221"},"modified":"2020-10-02T09:07:10","modified_gmt":"2020-10-02T06:07:10","slug":"maby-tec-t-23-asit-icerikli-boya-sokucu","status":"publish","type":"page","link":"https:\/\/www.tempakimya.com.tr\/TURKISH\/urunler\/metal-temizlik-ve-bakim-grubu\/maby-tec-t-23-asit-icerikli-boya-sokucu\/","title":{"rendered":"MABY TEC T 23 AS\u0130T \u0130\u00c7ER\u0130KL\u0130 BOYA S\u00d6K\u00dcC\u00dc"},"content":{"rendered":"<p>MABY TEC T 23 AS\u0130T \u0130\u00c7ER\u0130KL\u0130 BOYA S\u00d6K\u00dcC\u00dc<\/p>\n<p><strong>Kullan\u0131m\u00a0 Alanlar\u0131:<\/strong> Her t\u00fcrl\u00fc boya \u00e7\u00f6z\u00fcmlenmesinde etkin bir malzemedir.<\/p>\n<p><strong>Kullan\u0131m \u015eekli:<\/strong> Direkt \u2013 Dald\u0131rma ile kullan\u0131l\u0131r.<\/p>\n","protected":false},"excerpt":{"rendered":"<p>MABY TEC T 23 AS\u0130T \u0130\u00c7ER\u0130KL\u0130 BOYA S\u00d6K\u00dcC\u00dc Kullan\u0131m\u00a0 Alanlar\u0131: Her t\u00fcrl\u00fc boya \u00e7\u00f6z\u00fcmlenmesinde etkin bir malzemedir. Kullan\u0131m \u015eekli: Direkt \u2013 Dald\u0131rma ile kullan\u0131l\u0131r.<\/p>\n","protected":false},"author":2,"featured_media":0,"parent":17912,"menu_order":0,"comment_status":"closed","ping_status":"closed","template":"","meta":[],"_links":{"self":[{"href":"https:\/\/www.tempakimya.com.tr\/TURKISH\/wp-json\/wp\/v2\/pages\/18221"}],"collection":[{"href":"https:\/\/www.tempakimya.com.tr\/TURKISH\/wp-json\/wp\/v2\/pages"}],"about":[{"href":"https:\/\/www.tempakimya.com.tr\/TURKISH\/wp-json\/wp\/v2\/types\/page"}],"author":[{"embeddable":true,"href":"https:\/\/www.tempakimya.com.tr\/TURKISH\/wp-json\/wp\/v2\/users\/2"}],"replies":[{"embeddable":true,"href":"https:\/\/www.tempakimya.com.tr\/TURKISH\/wp-json\/wp\/v2\/comments?post=18221"}],"version-history":[{"count":2,"href":"https:\/\/www.tempakimya.com.tr\/TURKISH\/wp-json\/wp\/v2\/pages\/18221\/revisions"}],"predecessor-version":[{"id":18469,"href":"https:\/\/www.tempakimya.com.tr\/TURKISH\/wp-json\/wp\/v2\/pages\/18221\/revisions\/18469"}],"up":[{"embeddable":true,"href":"https:\/\/www.tempakimya.com.tr\/TURKISH\/wp-json\/wp\/v2\/pages\/17912"}],"wp:attachment":[{"href":"https:\/\/www.tempakimya.com.tr\/TURKISH\/wp-json\/wp\/v2\/media?parent=18221"}],"curies":[{"name":"wp","href":"https:\/\/api.w.org\/{rel}","templated":true}]}}