{"id":18219,"date":"2020-09-24T15:19:11","date_gmt":"2020-09-24T12:19:11","guid":{"rendered":"https:\/\/tempakimya.com.tr\/2020\/?page_id=18219"},"modified":"2020-10-02T09:06:12","modified_gmt":"2020-10-02T06:06:12","slug":"maby-tec-4-43-parca-yikama-sivisi","status":"publish","type":"page","link":"https:\/\/www.tempakimya.com.tr\/TURKISH\/urunler\/metal-temizlik-ve-bakim-grubu\/maby-tec-4-43-parca-yikama-sivisi\/","title":{"rendered":"MABY TEC 4 43 PAR\u00c7A YIKAMA SIVISI"},"content":{"rendered":"<p>MABY TEC T 43 PAR\u00c7A YIKAMA SIVISI<\/p>\n<p><strong>Kullan\u0131m Alanlar\u0131:<\/strong> A\u011f\u0131r ya\u011f, kir ve tortular\u0131n temizlenmesinde kullan\u0131l\u0131r.<\/p>\n<p><strong>Kullan\u0131m \u015eekli:<\/strong> 1\/5-1\/20 oranlar\u0131nda seyreltilerek kullan\u0131l\u0131r.<\/p>\n","protected":false},"excerpt":{"rendered":"<p>MABY TEC T 43 PAR\u00c7A YIKAMA SIVISI Kullan\u0131m Alanlar\u0131: A\u011f\u0131r ya\u011f, kir ve tortular\u0131n temizlenmesinde kullan\u0131l\u0131r. Kullan\u0131m \u015eekli: 1\/5-1\/20 oranlar\u0131nda seyreltilerek kullan\u0131l\u0131r.<\/p>\n","protected":false},"author":2,"featured_media":0,"parent":17912,"menu_order":0,"comment_status":"closed","ping_status":"closed","template":"","meta":[],"_links":{"self":[{"href":"https:\/\/www.tempakimya.com.tr\/TURKISH\/wp-json\/wp\/v2\/pages\/18219"}],"collection":[{"href":"https:\/\/www.tempakimya.com.tr\/TURKISH\/wp-json\/wp\/v2\/pages"}],"about":[{"href":"https:\/\/www.tempakimya.com.tr\/TURKISH\/wp-json\/wp\/v2\/types\/page"}],"author":[{"embeddable":true,"href":"https:\/\/www.tempakimya.com.tr\/TURKISH\/wp-json\/wp\/v2\/users\/2"}],"replies":[{"embeddable":true,"href":"https:\/\/www.tempakimya.com.tr\/TURKISH\/wp-json\/wp\/v2\/comments?post=18219"}],"version-history":[{"count":2,"href":"https:\/\/www.tempakimya.com.tr\/TURKISH\/wp-json\/wp\/v2\/pages\/18219\/revisions"}],"predecessor-version":[{"id":18468,"href":"https:\/\/www.tempakimya.com.tr\/TURKISH\/wp-json\/wp\/v2\/pages\/18219\/revisions\/18468"}],"up":[{"embeddable":true,"href":"https:\/\/www.tempakimya.com.tr\/TURKISH\/wp-json\/wp\/v2\/pages\/17912"}],"wp:attachment":[{"href":"https:\/\/www.tempakimya.com.tr\/TURKISH\/wp-json\/wp\/v2\/media?parent=18219"}],"curies":[{"name":"wp","href":"https:\/\/api.w.org\/{rel}","templated":true}]}}