{"id":18217,"date":"2020-09-24T15:18:35","date_gmt":"2020-09-24T12:18:35","guid":{"rendered":"https:\/\/tempakimya.com.tr\/2020\/?page_id=18217"},"modified":"2020-10-02T09:05:48","modified_gmt":"2020-10-02T06:05:48","slug":"maby-tec-c-aluminyum-temizleyici-parlatici","status":"publish","type":"page","link":"https:\/\/www.tempakimya.com.tr\/TURKISH\/urunler\/metal-temizlik-ve-bakim-grubu\/maby-tec-c-aluminyum-temizleyici-parlatici\/","title":{"rendered":"MABY TEC C AL\u00dcM\u0130NYUM TEM\u0130ZLEY\u0130C\u0130 PARLATICI"},"content":{"rendered":"<p>MABY TEC C AL\u00dcM\u0130NYUM TEM\u0130ZLEY\u0130C\u0130 PARLATICI<\/p>\n<p><strong>Kullan\u0131m Alanlar\u0131:<\/strong> Al\u00fcminyum y\u00fczeylerde olu\u015fan leke ve oksit temizli\u011finde etkin bir malzemedir.<\/p>\n<p><strong>Kullan\u0131m \u015eekli:<\/strong> 1\/5-1\/20 konsantredir. Y\u00fczeye p\u00fcsk\u00fcrt\u00fcl\u00fcp bez ile silinerek uygulan\u0131r.<\/p>\n","protected":false},"excerpt":{"rendered":"<p>MABY TEC C AL\u00dcM\u0130NYUM TEM\u0130ZLEY\u0130C\u0130 PARLATICI Kullan\u0131m Alanlar\u0131: Al\u00fcminyum y\u00fczeylerde olu\u015fan leke ve oksit temizli\u011finde etkin bir malzemedir. Kullan\u0131m \u015eekli: 1\/5-1\/20 konsantredir. Y\u00fczeye p\u00fcsk\u00fcrt\u00fcl\u00fcp bez ile silinerek uygulan\u0131r.<\/p>\n","protected":false},"author":2,"featured_media":0,"parent":17912,"menu_order":0,"comment_status":"closed","ping_status":"closed","template":"","meta":[],"_links":{"self":[{"href":"https:\/\/www.tempakimya.com.tr\/TURKISH\/wp-json\/wp\/v2\/pages\/18217"}],"collection":[{"href":"https:\/\/www.tempakimya.com.tr\/TURKISH\/wp-json\/wp\/v2\/pages"}],"about":[{"href":"https:\/\/www.tempakimya.com.tr\/TURKISH\/wp-json\/wp\/v2\/types\/page"}],"author":[{"embeddable":true,"href":"https:\/\/www.tempakimya.com.tr\/TURKISH\/wp-json\/wp\/v2\/users\/2"}],"replies":[{"embeddable":true,"href":"https:\/\/www.tempakimya.com.tr\/TURKISH\/wp-json\/wp\/v2\/comments?post=18217"}],"version-history":[{"count":2,"href":"https:\/\/www.tempakimya.com.tr\/TURKISH\/wp-json\/wp\/v2\/pages\/18217\/revisions"}],"predecessor-version":[{"id":18467,"href":"https:\/\/www.tempakimya.com.tr\/TURKISH\/wp-json\/wp\/v2\/pages\/18217\/revisions\/18467"}],"up":[{"embeddable":true,"href":"https:\/\/www.tempakimya.com.tr\/TURKISH\/wp-json\/wp\/v2\/pages\/17912"}],"wp:attachment":[{"href":"https:\/\/www.tempakimya.com.tr\/TURKISH\/wp-json\/wp\/v2\/media?parent=18217"}],"curies":[{"name":"wp","href":"https:\/\/api.w.org\/{rel}","templated":true}]}}