{"id":18214,"date":"2020-09-24T15:17:44","date_gmt":"2020-09-24T12:17:44","guid":{"rendered":"https:\/\/tempakimya.com.tr\/2020\/?page_id=18214"},"modified":"2020-10-02T09:05:21","modified_gmt":"2020-10-02T06:05:21","slug":"maby-tec-paint-jel-boya-sokucu","status":"publish","type":"page","link":"https:\/\/www.tempakimya.com.tr\/TURKISH\/urunler\/metal-temizlik-ve-bakim-grubu\/maby-tec-paint-jel-boya-sokucu\/","title":{"rendered":"MABY TEC PA\u0130NT JEL BOYA S\u00d6K\u00dcC\u00dc"},"content":{"rendered":"<p>MABY TEC PAINT JEL BOYA S\u00d6K\u00dcC\u00dc<\/p>\n<p><strong>Kullan\u0131m Alanlar\u0131:<\/strong> Hidrofobik bir \u00fcr\u00fcnd\u00fcr. Y\u00fczeylerde boya kal\u0131nt\u0131lar\u0131n\u0131 \u00e7\u0131karmakta kullan\u0131l\u0131r. Dik y\u00fczeylerde spreyleme; ta\u015flanabilen par\u00e7alarda ise dald\u0131rma y\u00f6ntemiyle kullan\u0131l\u0131r. Ak\u0131\u015fkan y\u00fczeyde jel k\u0131vam\u0131 ile kolay kullan\u0131m sa\u011flar.<\/p>\n<p><strong>Kullan\u0131m \u015eekli:<\/strong> Boyas\u0131 s\u00f6k\u00fclecek yere jel yal yap\u0131s\u0131 sayesinde s\u00fcr\u00fcl\u00fcr. Bir sure beklendikten sonra kabaran boya spatula yard\u0131m\u0131yla ortamdan uzakla\u015ft\u0131r\u0131l\u0131r.<\/p>\n","protected":false},"excerpt":{"rendered":"<p>MABY TEC PAINT JEL BOYA S\u00d6K\u00dcC\u00dc Kullan\u0131m Alanlar\u0131: Hidrofobik bir \u00fcr\u00fcnd\u00fcr. Y\u00fczeylerde boya kal\u0131nt\u0131lar\u0131n\u0131 \u00e7\u0131karmakta kullan\u0131l\u0131r. Dik y\u00fczeylerde spreyleme; ta\u015flanabilen par\u00e7alarda ise dald\u0131rma y\u00f6ntemiyle kullan\u0131l\u0131r. Ak\u0131\u015fkan y\u00fczeyde jel k\u0131vam\u0131 ile kolay kullan\u0131m sa\u011flar. Kullan\u0131m \u015eekli: Boyas\u0131 s\u00f6k\u00fclecek yere jel yal yap\u0131s\u0131 sayesinde s\u00fcr\u00fcl\u00fcr. Bir sure beklendikten sonra kabaran boya spatula yard\u0131m\u0131yla ortamdan uzakla\u015ft\u0131r\u0131l\u0131r.<\/p>\n","protected":false},"author":2,"featured_media":0,"parent":17912,"menu_order":0,"comment_status":"closed","ping_status":"closed","template":"","meta":[],"_links":{"self":[{"href":"https:\/\/www.tempakimya.com.tr\/TURKISH\/wp-json\/wp\/v2\/pages\/18214"}],"collection":[{"href":"https:\/\/www.tempakimya.com.tr\/TURKISH\/wp-json\/wp\/v2\/pages"}],"about":[{"href":"https:\/\/www.tempakimya.com.tr\/TURKISH\/wp-json\/wp\/v2\/types\/page"}],"author":[{"embeddable":true,"href":"https:\/\/www.tempakimya.com.tr\/TURKISH\/wp-json\/wp\/v2\/users\/2"}],"replies":[{"embeddable":true,"href":"https:\/\/www.tempakimya.com.tr\/TURKISH\/wp-json\/wp\/v2\/comments?post=18214"}],"version-history":[{"count":2,"href":"https:\/\/www.tempakimya.com.tr\/TURKISH\/wp-json\/wp\/v2\/pages\/18214\/revisions"}],"predecessor-version":[{"id":18466,"href":"https:\/\/www.tempakimya.com.tr\/TURKISH\/wp-json\/wp\/v2\/pages\/18214\/revisions\/18466"}],"up":[{"embeddable":true,"href":"https:\/\/www.tempakimya.com.tr\/TURKISH\/wp-json\/wp\/v2\/pages\/17912"}],"wp:attachment":[{"href":"https:\/\/www.tempakimya.com.tr\/TURKISH\/wp-json\/wp\/v2\/media?parent=18214"}],"curies":[{"name":"wp","href":"https:\/\/api.w.org\/{rel}","templated":true}]}}