{"id":18210,"date":"2020-09-24T15:16:59","date_gmt":"2020-09-24T12:16:59","guid":{"rendered":"https:\/\/tempakimya.com.tr\/2020\/?page_id=18210"},"modified":"2020-10-02T09:04:24","modified_gmt":"2020-10-02T06:04:24","slug":"maby-tec-s-30-asidik-aluminyum-temizleyici","status":"publish","type":"page","link":"https:\/\/www.tempakimya.com.tr\/TURKISH\/urunler\/metal-temizlik-ve-bakim-grubu\/maby-tec-s-30-asidik-aluminyum-temizleyici\/","title":{"rendered":"MABY TEC S 30 AS\u0130D\u0130K ALUM\u0130NYUM TEM\u0130ZLEY\u0130C\u0130"},"content":{"rendered":"<p>MABY TEC S 30 AS\u0130D\u0130K AL\u00dcM\u0130NYUM TEM\u0130ZLEY\u0130C\u0130<\/p>\n<p><strong>Kullan\u0131m Alanlar\u0131:<\/strong> Aliminyum y\u00fczey \u00fczerinde her t\u00fcrl\u00fc lekelerin temizli\u011finde etkin bir malzemedir.<\/p>\n<p><strong>Kullan\u0131m \u015eekli:<\/strong> 1\/3-1\/20 konsantredir. Y\u00fczeye p\u00fcsk\u00fcrt\u00fclerek veya dald\u0131rma ile tatbik edilir.<\/p>\n","protected":false},"excerpt":{"rendered":"<p>MABY TEC S 30 AS\u0130D\u0130K AL\u00dcM\u0130NYUM TEM\u0130ZLEY\u0130C\u0130 Kullan\u0131m Alanlar\u0131: Aliminyum y\u00fczey \u00fczerinde her t\u00fcrl\u00fc lekelerin temizli\u011finde etkin bir malzemedir. Kullan\u0131m \u015eekli: 1\/3-1\/20 konsantredir. Y\u00fczeye p\u00fcsk\u00fcrt\u00fclerek veya dald\u0131rma ile tatbik edilir.<\/p>\n","protected":false},"author":2,"featured_media":0,"parent":17912,"menu_order":0,"comment_status":"closed","ping_status":"closed","template":"","meta":[],"_links":{"self":[{"href":"https:\/\/www.tempakimya.com.tr\/TURKISH\/wp-json\/wp\/v2\/pages\/18210"}],"collection":[{"href":"https:\/\/www.tempakimya.com.tr\/TURKISH\/wp-json\/wp\/v2\/pages"}],"about":[{"href":"https:\/\/www.tempakimya.com.tr\/TURKISH\/wp-json\/wp\/v2\/types\/page"}],"author":[{"embeddable":true,"href":"https:\/\/www.tempakimya.com.tr\/TURKISH\/wp-json\/wp\/v2\/users\/2"}],"replies":[{"embeddable":true,"href":"https:\/\/www.tempakimya.com.tr\/TURKISH\/wp-json\/wp\/v2\/comments?post=18210"}],"version-history":[{"count":2,"href":"https:\/\/www.tempakimya.com.tr\/TURKISH\/wp-json\/wp\/v2\/pages\/18210\/revisions"}],"predecessor-version":[{"id":18464,"href":"https:\/\/www.tempakimya.com.tr\/TURKISH\/wp-json\/wp\/v2\/pages\/18210\/revisions\/18464"}],"up":[{"embeddable":true,"href":"https:\/\/www.tempakimya.com.tr\/TURKISH\/wp-json\/wp\/v2\/pages\/17912"}],"wp:attachment":[{"href":"https:\/\/www.tempakimya.com.tr\/TURKISH\/wp-json\/wp\/v2\/media?parent=18210"}],"curies":[{"name":"wp","href":"https:\/\/api.w.org\/{rel}","templated":true}]}}