{"id":18204,"date":"2020-09-24T15:15:20","date_gmt":"2020-09-24T12:15:20","guid":{"rendered":"https:\/\/tempakimya.com.tr\/2020\/?page_id=18204"},"modified":"2020-10-02T09:03:07","modified_gmt":"2020-10-02T06:03:07","slug":"maby-tec-t-28-ph-ayarlayicisi","status":"publish","type":"page","link":"https:\/\/www.tempakimya.com.tr\/TURKISH\/urunler\/metal-temizlik-ve-bakim-grubu\/maby-tec-t-28-ph-ayarlayicisi\/","title":{"rendered":"MABY TEC T 28 PH AYARLAYICISI"},"content":{"rendered":"<p>MABY TEC T 28 PH AYARLAYICI<\/p>\n<p><strong>Kullan\u0131m Alanlar\u0131:<\/strong> Fosfatlama ve y\u0131kama banyosunda kimyasal\u0131n Ph ayarlar\u0131n\u0131 d\u00fczenlemede etkin bir malzemedir.<\/p>\n<p><strong>Kullan\u0131m \u015eekli:<\/strong> Gerekli ph yakalanana kadar banyoya azar azar ilave edilir.<\/p>\n","protected":false},"excerpt":{"rendered":"<p>MABY TEC T 28 PH AYARLAYICI Kullan\u0131m Alanlar\u0131: Fosfatlama ve y\u0131kama banyosunda kimyasal\u0131n Ph ayarlar\u0131n\u0131 d\u00fczenlemede etkin bir malzemedir. Kullan\u0131m \u015eekli: Gerekli ph yakalanana kadar banyoya azar azar ilave edilir.<\/p>\n","protected":false},"author":2,"featured_media":0,"parent":17912,"menu_order":0,"comment_status":"closed","ping_status":"closed","template":"","meta":[],"_links":{"self":[{"href":"https:\/\/www.tempakimya.com.tr\/TURKISH\/wp-json\/wp\/v2\/pages\/18204"}],"collection":[{"href":"https:\/\/www.tempakimya.com.tr\/TURKISH\/wp-json\/wp\/v2\/pages"}],"about":[{"href":"https:\/\/www.tempakimya.com.tr\/TURKISH\/wp-json\/wp\/v2\/types\/page"}],"author":[{"embeddable":true,"href":"https:\/\/www.tempakimya.com.tr\/TURKISH\/wp-json\/wp\/v2\/users\/2"}],"replies":[{"embeddable":true,"href":"https:\/\/www.tempakimya.com.tr\/TURKISH\/wp-json\/wp\/v2\/comments?post=18204"}],"version-history":[{"count":2,"href":"https:\/\/www.tempakimya.com.tr\/TURKISH\/wp-json\/wp\/v2\/pages\/18204\/revisions"}],"predecessor-version":[{"id":18461,"href":"https:\/\/www.tempakimya.com.tr\/TURKISH\/wp-json\/wp\/v2\/pages\/18204\/revisions\/18461"}],"up":[{"embeddable":true,"href":"https:\/\/www.tempakimya.com.tr\/TURKISH\/wp-json\/wp\/v2\/pages\/17912"}],"wp:attachment":[{"href":"https:\/\/www.tempakimya.com.tr\/TURKISH\/wp-json\/wp\/v2\/media?parent=18204"}],"curies":[{"name":"wp","href":"https:\/\/api.w.org\/{rel}","templated":true}]}}