{"id":18202,"date":"2020-09-24T15:12:45","date_gmt":"2020-09-24T12:12:45","guid":{"rendered":"https:\/\/tempakimya.com.tr\/2020\/?page_id=18202"},"modified":"2020-10-02T09:02:40","modified_gmt":"2020-10-02T06:02:40","slug":"maby-tec-hidro-d-1-metal-yuzey-hazirlama-yag-alma-fosfatlayicisi","status":"publish","type":"page","link":"https:\/\/www.tempakimya.com.tr\/TURKISH\/urunler\/metal-temizlik-ve-bakim-grubu\/maby-tec-hidro-d-1-metal-yuzey-hazirlama-yag-alma-fosfatlayicisi\/","title":{"rendered":"MABY TEC H\u0130DRO D 1 METAL Y\u00dcZEY HAZIRLAMA YA\u011e ALMA FOSFATLAYICISI"},"content":{"rendered":"<p>MABY TEC H\u0130DRO D 1 METAL Y\u00dcZEY HAZIRLAMA, YA\u011e ALMA FOSFATLAYICISI<\/p>\n<p><strong>Kullan\u0131m Alanlar\u0131:<\/strong> F\u0131r\u0131n boya \u00f6ncesi metal y\u00fczeylerin paslanmaya ve boya tutumunun g\u00fc\u00e7lenmesi i\u00e7in fosfatlama yapmak i\u00e7in etkin bir malzemedir.<\/p>\n<p><strong>Kullan\u0131m \u015eekli:<\/strong> 1\/15 konsantredir. Manuel silim yap\u0131larak veya dald\u0131rma yap\u0131larak uygulan\u0131r<\/p>\n","protected":false},"excerpt":{"rendered":"<p>MABY TEC H\u0130DRO D 1 METAL Y\u00dcZEY HAZIRLAMA, YA\u011e ALMA FOSFATLAYICISI Kullan\u0131m Alanlar\u0131: F\u0131r\u0131n boya \u00f6ncesi metal y\u00fczeylerin paslanmaya ve boya tutumunun g\u00fc\u00e7lenmesi i\u00e7in fosfatlama yapmak i\u00e7in etkin bir malzemedir. Kullan\u0131m \u015eekli: 1\/15 konsantredir. Manuel silim yap\u0131larak veya dald\u0131rma yap\u0131larak uygulan\u0131r<\/p>\n","protected":false},"author":2,"featured_media":0,"parent":17912,"menu_order":0,"comment_status":"closed","ping_status":"closed","template":"","meta":[],"_links":{"self":[{"href":"https:\/\/www.tempakimya.com.tr\/TURKISH\/wp-json\/wp\/v2\/pages\/18202"}],"collection":[{"href":"https:\/\/www.tempakimya.com.tr\/TURKISH\/wp-json\/wp\/v2\/pages"}],"about":[{"href":"https:\/\/www.tempakimya.com.tr\/TURKISH\/wp-json\/wp\/v2\/types\/page"}],"author":[{"embeddable":true,"href":"https:\/\/www.tempakimya.com.tr\/TURKISH\/wp-json\/wp\/v2\/users\/2"}],"replies":[{"embeddable":true,"href":"https:\/\/www.tempakimya.com.tr\/TURKISH\/wp-json\/wp\/v2\/comments?post=18202"}],"version-history":[{"count":2,"href":"https:\/\/www.tempakimya.com.tr\/TURKISH\/wp-json\/wp\/v2\/pages\/18202\/revisions"}],"predecessor-version":[{"id":18460,"href":"https:\/\/www.tempakimya.com.tr\/TURKISH\/wp-json\/wp\/v2\/pages\/18202\/revisions\/18460"}],"up":[{"embeddable":true,"href":"https:\/\/www.tempakimya.com.tr\/TURKISH\/wp-json\/wp\/v2\/pages\/17912"}],"wp:attachment":[{"href":"https:\/\/www.tempakimya.com.tr\/TURKISH\/wp-json\/wp\/v2\/media?parent=18202"}],"curies":[{"name":"wp","href":"https:\/\/api.w.org\/{rel}","templated":true}]}}