{"id":18200,"date":"2020-09-24T15:11:54","date_gmt":"2020-09-24T12:11:54","guid":{"rendered":"https:\/\/tempakimya.com.tr\/2020\/?page_id=18200"},"modified":"2020-10-02T09:02:16","modified_gmt":"2020-10-02T06:02:16","slug":"maby-tec-40-vibro-capak-alma-ve-metal-yuzey-parlatma-maddesi","status":"publish","type":"page","link":"https:\/\/www.tempakimya.com.tr\/TURKISH\/urunler\/metal-temizlik-ve-bakim-grubu\/maby-tec-40-vibro-capak-alma-ve-metal-yuzey-parlatma-maddesi\/","title":{"rendered":"MABY TEC 40 V\u0130BRO \u00c7APAK ALMA VE METAL Y\u00dcZEY PARLATMA MADDES\u0130"},"content":{"rendered":"<p>MABY TEC 42 V\u0130BRO \u00c7APAK ALMA VE METAL Y\u00dcZEY PARLATMA MADDES\u0130<\/p>\n<p><strong>Kullan\u0131m Alanlar:<\/strong> V\u0130BRASYON makinas\u0131nda ta\u015flar\u0131n \u00e7apak almas\u0131na yard\u0131mc\u0131 olan, \u00e7apa\u011f\u0131 al\u0131nan metal y\u00fczeyinde parlakl\u0131k olu\u015fmas\u0131nda etkin bir malzemedir.<\/p>\n<p><strong>Kullan\u0131m \u015eekli:<\/strong> V\u0130BRASYON makinesinin hazne b\u00fcy\u00fckl\u00fc\u011f\u00fcne gore ilave edilir. 1\/10-1\/60 konsantredir.<\/p>\n","protected":false},"excerpt":{"rendered":"<p>MABY TEC 42 V\u0130BRO \u00c7APAK ALMA VE METAL Y\u00dcZEY PARLATMA MADDES\u0130 Kullan\u0131m Alanlar: V\u0130BRASYON makinas\u0131nda ta\u015flar\u0131n \u00e7apak almas\u0131na yard\u0131mc\u0131 olan, \u00e7apa\u011f\u0131 al\u0131nan metal y\u00fczeyinde parlakl\u0131k olu\u015fmas\u0131nda etkin bir malzemedir. Kullan\u0131m \u015eekli: V\u0130BRASYON makinesinin hazne b\u00fcy\u00fckl\u00fc\u011f\u00fcne gore ilave edilir. 1\/10-1\/60 konsantredir.<\/p>\n","protected":false},"author":2,"featured_media":0,"parent":17912,"menu_order":0,"comment_status":"closed","ping_status":"closed","template":"","meta":[],"_links":{"self":[{"href":"https:\/\/www.tempakimya.com.tr\/TURKISH\/wp-json\/wp\/v2\/pages\/18200"}],"collection":[{"href":"https:\/\/www.tempakimya.com.tr\/TURKISH\/wp-json\/wp\/v2\/pages"}],"about":[{"href":"https:\/\/www.tempakimya.com.tr\/TURKISH\/wp-json\/wp\/v2\/types\/page"}],"author":[{"embeddable":true,"href":"https:\/\/www.tempakimya.com.tr\/TURKISH\/wp-json\/wp\/v2\/users\/2"}],"replies":[{"embeddable":true,"href":"https:\/\/www.tempakimya.com.tr\/TURKISH\/wp-json\/wp\/v2\/comments?post=18200"}],"version-history":[{"count":2,"href":"https:\/\/www.tempakimya.com.tr\/TURKISH\/wp-json\/wp\/v2\/pages\/18200\/revisions"}],"predecessor-version":[{"id":18459,"href":"https:\/\/www.tempakimya.com.tr\/TURKISH\/wp-json\/wp\/v2\/pages\/18200\/revisions\/18459"}],"up":[{"embeddable":true,"href":"https:\/\/www.tempakimya.com.tr\/TURKISH\/wp-json\/wp\/v2\/pages\/17912"}],"wp:attachment":[{"href":"https:\/\/www.tempakimya.com.tr\/TURKISH\/wp-json\/wp\/v2\/media?parent=18200"}],"curies":[{"name":"wp","href":"https:\/\/api.w.org\/{rel}","templated":true}]}}