{"id":18198,"date":"2020-09-24T15:11:03","date_gmt":"2020-09-24T12:11:03","guid":{"rendered":"https:\/\/tempakimya.com.tr\/2020\/?page_id=18198"},"modified":"2020-10-02T09:01:55","modified_gmt":"2020-10-02T06:01:55","slug":"maby-tec-s-12-metal-uzerinden-yag-alici-solvent","status":"publish","type":"page","link":"https:\/\/www.tempakimya.com.tr\/TURKISH\/urunler\/metal-temizlik-ve-bakim-grubu\/maby-tec-s-12-metal-uzerinden-yag-alici-solvent\/","title":{"rendered":"MABY TEC S 12 METAL \u00dcZER\u0130NDEN YA\u011e ALICI SOLVENT"},"content":{"rendered":"<p>MABY TEC S 12 METAL \u00dcZER\u0130NDEN YA\u011e ALICI SOLVENT<\/p>\n<p><strong>Kullan\u0131m Alanlar\u0131:<\/strong> Metal y\u00fczeylerde ya\u011f alma ama\u00e7l\u0131 formulize edilmi\u015f komplike bir \u00fcr\u00fcnd\u00fcr. Yan\u0131c\u0131 \u00f6zelliktedir.<\/p>\n<p><strong>Kullan\u0131m \u015eekli:<\/strong>\u00a0 Direkt uygulan\u0131r. Ya\u011fl\u0131 y\u00fczeye p\u00fcsk\u00fcrt\u00fclerek silinir.<\/p>\n","protected":false},"excerpt":{"rendered":"<p>MABY TEC S 12 METAL \u00dcZER\u0130NDEN YA\u011e ALICI SOLVENT Kullan\u0131m Alanlar\u0131: Metal y\u00fczeylerde ya\u011f alma ama\u00e7l\u0131 formulize edilmi\u015f komplike bir \u00fcr\u00fcnd\u00fcr. Yan\u0131c\u0131 \u00f6zelliktedir. Kullan\u0131m \u015eekli:\u00a0 Direkt uygulan\u0131r. Ya\u011fl\u0131 y\u00fczeye p\u00fcsk\u00fcrt\u00fclerek silinir.<\/p>\n","protected":false},"author":2,"featured_media":0,"parent":17912,"menu_order":0,"comment_status":"closed","ping_status":"closed","template":"","meta":[],"_links":{"self":[{"href":"https:\/\/www.tempakimya.com.tr\/TURKISH\/wp-json\/wp\/v2\/pages\/18198"}],"collection":[{"href":"https:\/\/www.tempakimya.com.tr\/TURKISH\/wp-json\/wp\/v2\/pages"}],"about":[{"href":"https:\/\/www.tempakimya.com.tr\/TURKISH\/wp-json\/wp\/v2\/types\/page"}],"author":[{"embeddable":true,"href":"https:\/\/www.tempakimya.com.tr\/TURKISH\/wp-json\/wp\/v2\/users\/2"}],"replies":[{"embeddable":true,"href":"https:\/\/www.tempakimya.com.tr\/TURKISH\/wp-json\/wp\/v2\/comments?post=18198"}],"version-history":[{"count":2,"href":"https:\/\/www.tempakimya.com.tr\/TURKISH\/wp-json\/wp\/v2\/pages\/18198\/revisions"}],"predecessor-version":[{"id":18458,"href":"https:\/\/www.tempakimya.com.tr\/TURKISH\/wp-json\/wp\/v2\/pages\/18198\/revisions\/18458"}],"up":[{"embeddable":true,"href":"https:\/\/www.tempakimya.com.tr\/TURKISH\/wp-json\/wp\/v2\/pages\/17912"}],"wp:attachment":[{"href":"https:\/\/www.tempakimya.com.tr\/TURKISH\/wp-json\/wp\/v2\/media?parent=18198"}],"curies":[{"name":"wp","href":"https:\/\/api.w.org\/{rel}","templated":true}]}}