{"id":18192,"date":"2020-09-24T15:09:27","date_gmt":"2020-09-24T12:09:27","guid":{"rendered":"https:\/\/tempakimya.com.tr\/2020\/?page_id=18192"},"modified":"2020-10-02T09:00:35","modified_gmt":"2020-10-02T06:00:35","slug":"maby-tec-argon-kaynak-izi-temizleyici","status":"publish","type":"page","link":"https:\/\/www.tempakimya.com.tr\/TURKISH\/urunler\/metal-temizlik-ve-bakim-grubu\/maby-tec-argon-kaynak-izi-temizleyici\/","title":{"rendered":"MABY TEC ARGON KAYNAK \u0130Z\u0130 TEM\u0130ZLEY\u0130C\u0130"},"content":{"rendered":"<p>MABY TEC ARGON KAYNAK \u0130Z\u0130 TEM\u0130ZLEY\u0130C\u0130<\/p>\n<p><strong>Kullan\u0131m Alanlar\u0131:<\/strong> Argon kayna\u011f\u0131 yap\u0131lan y\u00fczeylerde olu\u015fan yan\u0131k izini temizlemede etkin bir malzemedir.<\/p>\n<p><strong>Kullan\u0131m \u015eekli:<\/strong> Lekenin durumuna gore konsantre ya da 1\/3-1\/10 suland\u0131r\u0131larak lekeye p\u00fcsk\u00fcrt\u00fclerek bez veya d\u0131r\u00e7a ile tatbik edilir.<\/p>\n","protected":false},"excerpt":{"rendered":"<p>MABY TEC ARGON KAYNAK \u0130Z\u0130 TEM\u0130ZLEY\u0130C\u0130 Kullan\u0131m Alanlar\u0131: Argon kayna\u011f\u0131 yap\u0131lan y\u00fczeylerde olu\u015fan yan\u0131k izini temizlemede etkin bir malzemedir. Kullan\u0131m \u015eekli: Lekenin durumuna gore konsantre ya da 1\/3-1\/10 suland\u0131r\u0131larak lekeye p\u00fcsk\u00fcrt\u00fclerek bez veya d\u0131r\u00e7a ile tatbik edilir.<\/p>\n","protected":false},"author":2,"featured_media":0,"parent":17912,"menu_order":0,"comment_status":"closed","ping_status":"closed","template":"","meta":[],"_links":{"self":[{"href":"https:\/\/www.tempakimya.com.tr\/TURKISH\/wp-json\/wp\/v2\/pages\/18192"}],"collection":[{"href":"https:\/\/www.tempakimya.com.tr\/TURKISH\/wp-json\/wp\/v2\/pages"}],"about":[{"href":"https:\/\/www.tempakimya.com.tr\/TURKISH\/wp-json\/wp\/v2\/types\/page"}],"author":[{"embeddable":true,"href":"https:\/\/www.tempakimya.com.tr\/TURKISH\/wp-json\/wp\/v2\/users\/2"}],"replies":[{"embeddable":true,"href":"https:\/\/www.tempakimya.com.tr\/TURKISH\/wp-json\/wp\/v2\/comments?post=18192"}],"version-history":[{"count":2,"href":"https:\/\/www.tempakimya.com.tr\/TURKISH\/wp-json\/wp\/v2\/pages\/18192\/revisions"}],"predecessor-version":[{"id":18455,"href":"https:\/\/www.tempakimya.com.tr\/TURKISH\/wp-json\/wp\/v2\/pages\/18192\/revisions\/18455"}],"up":[{"embeddable":true,"href":"https:\/\/www.tempakimya.com.tr\/TURKISH\/wp-json\/wp\/v2\/pages\/17912"}],"wp:attachment":[{"href":"https:\/\/www.tempakimya.com.tr\/TURKISH\/wp-json\/wp\/v2\/media?parent=18192"}],"curies":[{"name":"wp","href":"https:\/\/api.w.org\/{rel}","templated":true}]}}