{"id":18190,"date":"2020-09-24T15:08:55","date_gmt":"2020-09-24T12:08:55","guid":{"rendered":"https:\/\/tempakimya.com.tr\/2020\/?page_id=18190"},"modified":"2020-10-02T09:00:12","modified_gmt":"2020-10-02T06:00:12","slug":"maby-tec-s-3-k-metal-uzerinden-yag-alici-solvent","status":"publish","type":"page","link":"https:\/\/www.tempakimya.com.tr\/TURKISH\/urunler\/metal-temizlik-ve-bakim-grubu\/maby-tec-s-3-k-metal-uzerinden-yag-alici-solvent\/","title":{"rendered":"MABY TEC S 3 K METAL \u00dcZER\u0130NDEN YA\u011e ALICI SOLVENT"},"content":{"rendered":"<p>MABY TEC S 3 K METAL \u00dcZER\u0130NDEN YA\u011e ALICI SOLVENT<\/p>\n<p><strong>Kullan\u0131m Alanlar\u0131:<\/strong> Metal y\u00fczey \u00fczerine ya\u011f temizli\u011fi ama\u00e7l\u0131 u\u00e7uculu\u011fu ayarlanm\u0131\u015f etkili bir \u00e7\u00f6z\u00fcc\u00fcd\u00fcr.<\/p>\n<p><strong>Kullan\u0131m \u015eekli:<\/strong> Direkt uygulan\u0131r. Ya\u011fl\u0131 y\u00fczeye p\u00fcsk\u00fcrt\u00fclerek silinir<\/p>\n","protected":false},"excerpt":{"rendered":"<p>MABY TEC S 3 K METAL \u00dcZER\u0130NDEN YA\u011e ALICI SOLVENT Kullan\u0131m Alanlar\u0131: Metal y\u00fczey \u00fczerine ya\u011f temizli\u011fi ama\u00e7l\u0131 u\u00e7uculu\u011fu ayarlanm\u0131\u015f etkili bir \u00e7\u00f6z\u00fcc\u00fcd\u00fcr. Kullan\u0131m \u015eekli: Direkt uygulan\u0131r. Ya\u011fl\u0131 y\u00fczeye p\u00fcsk\u00fcrt\u00fclerek silinir<\/p>\n","protected":false},"author":2,"featured_media":0,"parent":17912,"menu_order":0,"comment_status":"closed","ping_status":"closed","template":"","meta":[],"_links":{"self":[{"href":"https:\/\/www.tempakimya.com.tr\/TURKISH\/wp-json\/wp\/v2\/pages\/18190"}],"collection":[{"href":"https:\/\/www.tempakimya.com.tr\/TURKISH\/wp-json\/wp\/v2\/pages"}],"about":[{"href":"https:\/\/www.tempakimya.com.tr\/TURKISH\/wp-json\/wp\/v2\/types\/page"}],"author":[{"embeddable":true,"href":"https:\/\/www.tempakimya.com.tr\/TURKISH\/wp-json\/wp\/v2\/users\/2"}],"replies":[{"embeddable":true,"href":"https:\/\/www.tempakimya.com.tr\/TURKISH\/wp-json\/wp\/v2\/comments?post=18190"}],"version-history":[{"count":2,"href":"https:\/\/www.tempakimya.com.tr\/TURKISH\/wp-json\/wp\/v2\/pages\/18190\/revisions"}],"predecessor-version":[{"id":18454,"href":"https:\/\/www.tempakimya.com.tr\/TURKISH\/wp-json\/wp\/v2\/pages\/18190\/revisions\/18454"}],"up":[{"embeddable":true,"href":"https:\/\/www.tempakimya.com.tr\/TURKISH\/wp-json\/wp\/v2\/pages\/17912"}],"wp:attachment":[{"href":"https:\/\/www.tempakimya.com.tr\/TURKISH\/wp-json\/wp\/v2\/media?parent=18190"}],"curies":[{"name":"wp","href":"https:\/\/api.w.org\/{rel}","templated":true}]}}