{"id":18188,"date":"2020-09-24T15:08:12","date_gmt":"2020-09-24T12:08:12","guid":{"rendered":"https:\/\/tempakimya.com.tr\/2020\/?page_id=18188"},"modified":"2020-10-02T08:58:40","modified_gmt":"2020-10-02T05:58:40","slug":"maby-tech-s-3-metal-uzerinden-yag-alici-hizli-ucan-solvent","status":"publish","type":"page","link":"https:\/\/www.tempakimya.com.tr\/TURKISH\/urunler\/metal-temizlik-ve-bakim-grubu\/maby-tech-s-3-metal-uzerinden-yag-alici-hizli-ucan-solvent\/","title":{"rendered":"MABY TECH S 3 METAL \u00dcZER\u0130NDEN YA\u011e ALICI (HIZLI U\u00c7AN) SOLVENT"},"content":{"rendered":"<p>MABY TEC S 3 METAL \u00dcZER\u0130NDEN YA\u011e ALICI (HIZLI U\u00c7AN) SOLVENT<\/p>\n<p><strong>Kullan\u0131m Alanlar\u0131:<\/strong> Metal i\u015fiyle u\u011fra\u015fan sekt\u00f6rlerde komplike bir \u00fcr\u00fcnd\u00fcr. H\u0131zl\u0131 u\u00e7an bir malzemedir.<\/p>\n<p><strong>Kullan\u0131m \u015eekli:<\/strong> Direkt uygulan\u0131r. Bez yard\u0131m\u0131yla silinerek ya da hava tabancas\u0131yla p\u00fcsk\u00fcrt\u00fclerek yap\u0131l\u0131r.<\/p>\n","protected":false},"excerpt":{"rendered":"<p>MABY TEC S 3 METAL \u00dcZER\u0130NDEN YA\u011e ALICI (HIZLI U\u00c7AN) SOLVENT Kullan\u0131m Alanlar\u0131: Metal i\u015fiyle u\u011fra\u015fan sekt\u00f6rlerde komplike bir \u00fcr\u00fcnd\u00fcr. H\u0131zl\u0131 u\u00e7an bir malzemedir. Kullan\u0131m \u015eekli: Direkt uygulan\u0131r. Bez yard\u0131m\u0131yla silinerek ya da hava tabancas\u0131yla p\u00fcsk\u00fcrt\u00fclerek yap\u0131l\u0131r.<\/p>\n","protected":false},"author":2,"featured_media":0,"parent":17912,"menu_order":0,"comment_status":"closed","ping_status":"closed","template":"","meta":[],"_links":{"self":[{"href":"https:\/\/www.tempakimya.com.tr\/TURKISH\/wp-json\/wp\/v2\/pages\/18188"}],"collection":[{"href":"https:\/\/www.tempakimya.com.tr\/TURKISH\/wp-json\/wp\/v2\/pages"}],"about":[{"href":"https:\/\/www.tempakimya.com.tr\/TURKISH\/wp-json\/wp\/v2\/types\/page"}],"author":[{"embeddable":true,"href":"https:\/\/www.tempakimya.com.tr\/TURKISH\/wp-json\/wp\/v2\/users\/2"}],"replies":[{"embeddable":true,"href":"https:\/\/www.tempakimya.com.tr\/TURKISH\/wp-json\/wp\/v2\/comments?post=18188"}],"version-history":[{"count":2,"href":"https:\/\/www.tempakimya.com.tr\/TURKISH\/wp-json\/wp\/v2\/pages\/18188\/revisions"}],"predecessor-version":[{"id":18453,"href":"https:\/\/www.tempakimya.com.tr\/TURKISH\/wp-json\/wp\/v2\/pages\/18188\/revisions\/18453"}],"up":[{"embeddable":true,"href":"https:\/\/www.tempakimya.com.tr\/TURKISH\/wp-json\/wp\/v2\/pages\/17912"}],"wp:attachment":[{"href":"https:\/\/www.tempakimya.com.tr\/TURKISH\/wp-json\/wp\/v2\/media?parent=18188"}],"curies":[{"name":"wp","href":"https:\/\/api.w.org\/{rel}","templated":true}]}}