{"id":18186,"date":"2020-09-24T15:07:15","date_gmt":"2020-09-24T12:07:15","guid":{"rendered":"https:\/\/tempakimya.com.tr\/2020\/?page_id=18186"},"modified":"2020-10-02T08:58:06","modified_gmt":"2020-10-02T05:58:06","slug":"maby-tec-s-2-metal-uzerinden-yag-alici-solvent","status":"publish","type":"page","link":"https:\/\/www.tempakimya.com.tr\/TURKISH\/urunler\/metal-temizlik-ve-bakim-grubu\/maby-tec-s-2-metal-uzerinden-yag-alici-solvent\/","title":{"rendered":"MABY TEC S 2 METAL \u00dcZER\u0130NDEN YA\u011e ALICI SOLVENT"},"content":{"rendered":"<p>MABY TEC S 2 METAL \u00dcZER\u0130NDEN YA\u011e ALICI SOLVENT<\/p>\n<p><strong>Kullan\u0131m Alanlar\u0131:<\/strong> Metal, ah\u015fap, matbaa i\u015fleriyle u\u011fra\u015fan sekt\u00f6rlerde kullan\u0131labilir. Komplike bir \u00fcr\u00fcnd\u00fcr. Ge\u00e7 u\u00e7an malzemedir. Boyal\u0131 y\u00fczeylere zarar vermez.<\/p>\n<p><strong>Kullan\u0131m \u015eekli:<\/strong> Direkt uygulan\u0131r. Bez yard\u0131m\u0131yla silinerek ya da gava tabancas\u0131yla p\u00fcsk\u00fcrt\u00fclere uygulan\u0131r.<\/p>\n","protected":false},"excerpt":{"rendered":"<p>MABY TEC S 2 METAL \u00dcZER\u0130NDEN YA\u011e ALICI SOLVENT Kullan\u0131m Alanlar\u0131: Metal, ah\u015fap, matbaa i\u015fleriyle u\u011fra\u015fan sekt\u00f6rlerde kullan\u0131labilir. Komplike bir \u00fcr\u00fcnd\u00fcr. Ge\u00e7 u\u00e7an malzemedir. Boyal\u0131 y\u00fczeylere zarar vermez. Kullan\u0131m \u015eekli: Direkt uygulan\u0131r. Bez yard\u0131m\u0131yla silinerek ya da gava tabancas\u0131yla p\u00fcsk\u00fcrt\u00fclere uygulan\u0131r.<\/p>\n","protected":false},"author":2,"featured_media":0,"parent":17912,"menu_order":0,"comment_status":"closed","ping_status":"closed","template":"","meta":[],"_links":{"self":[{"href":"https:\/\/www.tempakimya.com.tr\/TURKISH\/wp-json\/wp\/v2\/pages\/18186"}],"collection":[{"href":"https:\/\/www.tempakimya.com.tr\/TURKISH\/wp-json\/wp\/v2\/pages"}],"about":[{"href":"https:\/\/www.tempakimya.com.tr\/TURKISH\/wp-json\/wp\/v2\/types\/page"}],"author":[{"embeddable":true,"href":"https:\/\/www.tempakimya.com.tr\/TURKISH\/wp-json\/wp\/v2\/users\/2"}],"replies":[{"embeddable":true,"href":"https:\/\/www.tempakimya.com.tr\/TURKISH\/wp-json\/wp\/v2\/comments?post=18186"}],"version-history":[{"count":2,"href":"https:\/\/www.tempakimya.com.tr\/TURKISH\/wp-json\/wp\/v2\/pages\/18186\/revisions"}],"predecessor-version":[{"id":18452,"href":"https:\/\/www.tempakimya.com.tr\/TURKISH\/wp-json\/wp\/v2\/pages\/18186\/revisions\/18452"}],"up":[{"embeddable":true,"href":"https:\/\/www.tempakimya.com.tr\/TURKISH\/wp-json\/wp\/v2\/pages\/17912"}],"wp:attachment":[{"href":"https:\/\/www.tempakimya.com.tr\/TURKISH\/wp-json\/wp\/v2\/media?parent=18186"}],"curies":[{"name":"wp","href":"https:\/\/api.w.org\/{rel}","templated":true}]}}