{"id":18184,"date":"2020-09-24T15:06:45","date_gmt":"2020-09-24T12:06:45","guid":{"rendered":"https:\/\/tempakimya.com.tr\/2020\/?page_id=18184"},"modified":"2020-10-02T08:57:43","modified_gmt":"2020-10-02T05:57:43","slug":"maby-tec-s-1-yag-ve-leke-cikarici-solvent","status":"publish","type":"page","link":"https:\/\/www.tempakimya.com.tr\/TURKISH\/urunler\/metal-temizlik-ve-bakim-grubu\/maby-tec-s-1-yag-ve-leke-cikarici-solvent\/","title":{"rendered":"MABY TEC S 1 YA\u011e VE LEKE \u00c7IKARICI SOLVENT"},"content":{"rendered":"<p>MABY TEC S 1 YA\u011e VE LEKE \u00c7IKARTICI SOLVENT<\/p>\n<p><strong>Kullan\u0131m Alanlar\u0131:<\/strong> Metal, tekstil, matbaa i\u015fleriyle u\u011fra\u015fan sekt\u00f6rlerde komplike bir \u00fcr\u00fcnd\u00fcr.<\/p>\n<p><strong>Kullan\u0131m \u015eekli:<\/strong> Direkt uygulan\u0131r. Bez yard\u0131m\u0131yla silinerek ya da triger veya hava tabancas\u0131yla p\u00fcsk\u00fcrt\u00fclerek uygulan\u0131r. U\u00e7uculu\u011fu h\u0131zl\u0131d\u0131r.<\/p>\n","protected":false},"excerpt":{"rendered":"<p>MABY TEC S 1 YA\u011e VE LEKE \u00c7IKARTICI SOLVENT Kullan\u0131m Alanlar\u0131: Metal, tekstil, matbaa i\u015fleriyle u\u011fra\u015fan sekt\u00f6rlerde komplike bir \u00fcr\u00fcnd\u00fcr. Kullan\u0131m \u015eekli: Direkt uygulan\u0131r. Bez yard\u0131m\u0131yla silinerek ya da triger veya hava tabancas\u0131yla p\u00fcsk\u00fcrt\u00fclerek uygulan\u0131r. U\u00e7uculu\u011fu h\u0131zl\u0131d\u0131r.<\/p>\n","protected":false},"author":2,"featured_media":0,"parent":17912,"menu_order":0,"comment_status":"closed","ping_status":"closed","template":"","meta":[],"_links":{"self":[{"href":"https:\/\/www.tempakimya.com.tr\/TURKISH\/wp-json\/wp\/v2\/pages\/18184"}],"collection":[{"href":"https:\/\/www.tempakimya.com.tr\/TURKISH\/wp-json\/wp\/v2\/pages"}],"about":[{"href":"https:\/\/www.tempakimya.com.tr\/TURKISH\/wp-json\/wp\/v2\/types\/page"}],"author":[{"embeddable":true,"href":"https:\/\/www.tempakimya.com.tr\/TURKISH\/wp-json\/wp\/v2\/users\/2"}],"replies":[{"embeddable":true,"href":"https:\/\/www.tempakimya.com.tr\/TURKISH\/wp-json\/wp\/v2\/comments?post=18184"}],"version-history":[{"count":2,"href":"https:\/\/www.tempakimya.com.tr\/TURKISH\/wp-json\/wp\/v2\/pages\/18184\/revisions"}],"predecessor-version":[{"id":18451,"href":"https:\/\/www.tempakimya.com.tr\/TURKISH\/wp-json\/wp\/v2\/pages\/18184\/revisions\/18451"}],"up":[{"embeddable":true,"href":"https:\/\/www.tempakimya.com.tr\/TURKISH\/wp-json\/wp\/v2\/pages\/17912"}],"wp:attachment":[{"href":"https:\/\/www.tempakimya.com.tr\/TURKISH\/wp-json\/wp\/v2\/media?parent=18184"}],"curies":[{"name":"wp","href":"https:\/\/api.w.org\/{rel}","templated":true}]}}