{"id":18182,"date":"2020-09-24T15:06:12","date_gmt":"2020-09-24T12:06:12","guid":{"rendered":"https:\/\/tempakimya.com.tr\/2020\/?page_id=18182"},"modified":"2020-10-02T08:57:21","modified_gmt":"2020-10-02T05:57:21","slug":"maby-tec-limestone-konsantre-kirec-cozucu","status":"publish","type":"page","link":"https:\/\/www.tempakimya.com.tr\/TURKISH\/urunler\/metal-temizlik-ve-bakim-grubu\/maby-tec-limestone-konsantre-kirec-cozucu\/","title":{"rendered":"MABY TEC L\u0130MESTONE KONSANTRE K\u0130RE\u00c7 \u00c7\u00d6Z\u00dcC\u00dc"},"content":{"rendered":"<p>MABY TEC L\u0130MESTONE KONSANTRE K\u0130RE\u00c7 \u00c7\u00d6Z\u00dcC\u00dc<\/p>\n<p><strong>Kullan\u0131m Alanlar\u0131:<\/strong> T\u00fcm kire\u00e7li y\u00fczeylerde etkin bir malzemedir.<\/p>\n<p><strong>Kullan\u0131m \u015eekli:<\/strong> 1\/3-1\/30 konsantredir. Kire\u00e7li Alana p\u00fcsk\u00fcrt\u00fcl\u00fcr veya dald\u0131rma yap\u0131l\u0131r.<\/p>\n","protected":false},"excerpt":{"rendered":"<p>MABY TEC L\u0130MESTONE KONSANTRE K\u0130RE\u00c7 \u00c7\u00d6Z\u00dcC\u00dc Kullan\u0131m Alanlar\u0131: T\u00fcm kire\u00e7li y\u00fczeylerde etkin bir malzemedir. Kullan\u0131m \u015eekli: 1\/3-1\/30 konsantredir. Kire\u00e7li Alana p\u00fcsk\u00fcrt\u00fcl\u00fcr veya dald\u0131rma yap\u0131l\u0131r.<\/p>\n","protected":false},"author":2,"featured_media":0,"parent":17912,"menu_order":0,"comment_status":"closed","ping_status":"closed","template":"","meta":[],"_links":{"self":[{"href":"https:\/\/www.tempakimya.com.tr\/TURKISH\/wp-json\/wp\/v2\/pages\/18182"}],"collection":[{"href":"https:\/\/www.tempakimya.com.tr\/TURKISH\/wp-json\/wp\/v2\/pages"}],"about":[{"href":"https:\/\/www.tempakimya.com.tr\/TURKISH\/wp-json\/wp\/v2\/types\/page"}],"author":[{"embeddable":true,"href":"https:\/\/www.tempakimya.com.tr\/TURKISH\/wp-json\/wp\/v2\/users\/2"}],"replies":[{"embeddable":true,"href":"https:\/\/www.tempakimya.com.tr\/TURKISH\/wp-json\/wp\/v2\/comments?post=18182"}],"version-history":[{"count":2,"href":"https:\/\/www.tempakimya.com.tr\/TURKISH\/wp-json\/wp\/v2\/pages\/18182\/revisions"}],"predecessor-version":[{"id":18450,"href":"https:\/\/www.tempakimya.com.tr\/TURKISH\/wp-json\/wp\/v2\/pages\/18182\/revisions\/18450"}],"up":[{"embeddable":true,"href":"https:\/\/www.tempakimya.com.tr\/TURKISH\/wp-json\/wp\/v2\/pages\/17912"}],"wp:attachment":[{"href":"https:\/\/www.tempakimya.com.tr\/TURKISH\/wp-json\/wp\/v2\/media?parent=18182"}],"curies":[{"name":"wp","href":"https:\/\/api.w.org\/{rel}","templated":true}]}}