{"id":18177,"date":"2020-09-24T15:05:06","date_gmt":"2020-09-24T12:05:06","guid":{"rendered":"https:\/\/tempakimya.com.tr\/2020\/?page_id=18177"},"modified":"2020-10-02T08:56:53","modified_gmt":"2020-10-02T05:56:53","slug":"maby-tec-min-konsatntre-kirec-tortu-pas-sokucu","status":"publish","type":"page","link":"https:\/\/www.tempakimya.com.tr\/TURKISH\/urunler\/metal-temizlik-ve-bakim-grubu\/maby-tec-min-konsatntre-kirec-tortu-pas-sokucu\/","title":{"rendered":"MABY TEC M\u0130N KONSANTRA K\u0130RE\u00c7 TORTU PAS S\u00d6K\u00dcC\u00dc"},"content":{"rendered":"<p>MABY TEC M\u0130N KONSANTRE K\u0130RE\u00c7 TORTU PAS S\u00d6K\u00dcC\u00dc<\/p>\n<p><strong>Kullan\u0131m Alanlar\u0131:<\/strong> WC, klozeti lavabo gibi y\u00fczeylerde sudan ve idrardan kaynakl\u0131 kire\u00e7 ve sarart\u0131lar\u0131 temizlemede kullan\u0131l\u0131r . Uzun sure tutuldu\u011funda kalebodurlar\u0131n \u00fczerindeki simi ald\u0131\u011f\u0131 i\u00e7in dikkat edilmelidir. Asla cilde temas ettirmeyiniz.<\/p>\n<p><strong>Kullan\u0131m \u015eekli:<\/strong> 1\/5-1\/10 konsantredir. Otomatik makinelerde kullan\u0131ma uygundur.<\/p>\n","protected":false},"excerpt":{"rendered":"<p>MABY TEC M\u0130N KONSANTRE K\u0130RE\u00c7 TORTU PAS S\u00d6K\u00dcC\u00dc Kullan\u0131m Alanlar\u0131: WC, klozeti lavabo gibi y\u00fczeylerde sudan ve idrardan kaynakl\u0131 kire\u00e7 ve sarart\u0131lar\u0131 temizlemede kullan\u0131l\u0131r . Uzun sure tutuldu\u011funda kalebodurlar\u0131n \u00fczerindeki simi ald\u0131\u011f\u0131 i\u00e7in dikkat edilmelidir. Asla cilde temas ettirmeyiniz. Kullan\u0131m \u015eekli: 1\/5-1\/10 konsantredir. Otomatik makinelerde kullan\u0131ma uygundur.<\/p>\n","protected":false},"author":2,"featured_media":0,"parent":17912,"menu_order":0,"comment_status":"closed","ping_status":"closed","template":"","meta":[],"_links":{"self":[{"href":"https:\/\/www.tempakimya.com.tr\/TURKISH\/wp-json\/wp\/v2\/pages\/18177"}],"collection":[{"href":"https:\/\/www.tempakimya.com.tr\/TURKISH\/wp-json\/wp\/v2\/pages"}],"about":[{"href":"https:\/\/www.tempakimya.com.tr\/TURKISH\/wp-json\/wp\/v2\/types\/page"}],"author":[{"embeddable":true,"href":"https:\/\/www.tempakimya.com.tr\/TURKISH\/wp-json\/wp\/v2\/users\/2"}],"replies":[{"embeddable":true,"href":"https:\/\/www.tempakimya.com.tr\/TURKISH\/wp-json\/wp\/v2\/comments?post=18177"}],"version-history":[{"count":4,"href":"https:\/\/www.tempakimya.com.tr\/TURKISH\/wp-json\/wp\/v2\/pages\/18177\/revisions"}],"predecessor-version":[{"id":18449,"href":"https:\/\/www.tempakimya.com.tr\/TURKISH\/wp-json\/wp\/v2\/pages\/18177\/revisions\/18449"}],"up":[{"embeddable":true,"href":"https:\/\/www.tempakimya.com.tr\/TURKISH\/wp-json\/wp\/v2\/pages\/17912"}],"wp:attachment":[{"href":"https:\/\/www.tempakimya.com.tr\/TURKISH\/wp-json\/wp\/v2\/media?parent=18177"}],"curies":[{"name":"wp","href":"https:\/\/api.w.org\/{rel}","templated":true}]}}