{"id":18174,"date":"2020-09-24T15:04:27","date_gmt":"2020-09-24T12:04:27","guid":{"rendered":"https:\/\/tempakimya.com.tr\/2020\/?page_id=18174"},"modified":"2020-10-02T08:56:29","modified_gmt":"2020-10-02T05:56:29","slug":"maby-tec-s-14-konsantre-yag-pas-sokucu","status":"publish","type":"page","link":"https:\/\/www.tempakimya.com.tr\/TURKISH\/urunler\/metal-temizlik-ve-bakim-grubu\/maby-tec-s-14-konsantre-yag-pas-sokucu\/","title":{"rendered":"MABY TEC S 14 KONSANTRE YA\u011e PAS S\u00d6K\u00dcC\u00dc"},"content":{"rendered":"<p>MABY TEC S-14 KONSANTRE YA\u011e PAS S\u00d6K\u00dcC\u00dc<\/p>\n<p><strong>Kullan\u0131m Alanlar\u0131:<\/strong> Metal y\u00fczeylerde olu\u015fan pas\u0131n temizlenmesinde etkin bir malzemedir.<\/p>\n<p><strong>Kullan\u0131m \u015fekli:<\/strong> 1\/3-1\/30 konsantredir. Dald\u0131rma, silme y\u00f6ntemi ile uygulan\u0131r.<\/p>\n","protected":false},"excerpt":{"rendered":"<p>MABY TEC S-14 KONSANTRE YA\u011e PAS S\u00d6K\u00dcC\u00dc Kullan\u0131m Alanlar\u0131: Metal y\u00fczeylerde olu\u015fan pas\u0131n temizlenmesinde etkin bir malzemedir. Kullan\u0131m \u015fekli: 1\/3-1\/30 konsantredir. Dald\u0131rma, silme y\u00f6ntemi ile uygulan\u0131r.<\/p>\n","protected":false},"author":2,"featured_media":0,"parent":17912,"menu_order":0,"comment_status":"closed","ping_status":"closed","template":"","meta":[],"_links":{"self":[{"href":"https:\/\/www.tempakimya.com.tr\/TURKISH\/wp-json\/wp\/v2\/pages\/18174"}],"collection":[{"href":"https:\/\/www.tempakimya.com.tr\/TURKISH\/wp-json\/wp\/v2\/pages"}],"about":[{"href":"https:\/\/www.tempakimya.com.tr\/TURKISH\/wp-json\/wp\/v2\/types\/page"}],"author":[{"embeddable":true,"href":"https:\/\/www.tempakimya.com.tr\/TURKISH\/wp-json\/wp\/v2\/users\/2"}],"replies":[{"embeddable":true,"href":"https:\/\/www.tempakimya.com.tr\/TURKISH\/wp-json\/wp\/v2\/comments?post=18174"}],"version-history":[{"count":2,"href":"https:\/\/www.tempakimya.com.tr\/TURKISH\/wp-json\/wp\/v2\/pages\/18174\/revisions"}],"predecessor-version":[{"id":18448,"href":"https:\/\/www.tempakimya.com.tr\/TURKISH\/wp-json\/wp\/v2\/pages\/18174\/revisions\/18448"}],"up":[{"embeddable":true,"href":"https:\/\/www.tempakimya.com.tr\/TURKISH\/wp-json\/wp\/v2\/pages\/17912"}],"wp:attachment":[{"href":"https:\/\/www.tempakimya.com.tr\/TURKISH\/wp-json\/wp\/v2\/media?parent=18174"}],"curies":[{"name":"wp","href":"https:\/\/api.w.org\/{rel}","templated":true}]}}