{"id":18149,"date":"2020-09-24T15:03:40","date_gmt":"2020-09-24T12:03:40","guid":{"rendered":"https:\/\/tempakimya.com.tr\/2020\/?page_id=18149"},"modified":"2020-10-02T08:56:02","modified_gmt":"2020-10-02T05:56:02","slug":"maby-tec-t-44-kaynak-capak-onleme-maddesi","status":"publish","type":"page","link":"https:\/\/www.tempakimya.com.tr\/TURKISH\/urunler\/metal-temizlik-ve-bakim-grubu\/maby-tec-t-44-kaynak-capak-onleme-maddesi\/","title":{"rendered":"MABY TEC T-44 KAYNAK \u00c7APAK \u00d6NLEME MADDES\u0130"},"content":{"rendered":"<p>MABY TEC T-44 KAYNAK \u00c7APAK \u00d6NLEME MADDES\u0130<\/p>\n<p><strong>Kullan\u0131m Alanlar:<\/strong> Her t\u00fcrl\u00fc kaynak \u00f6ncesinde \u00e7apa\u011f\u0131 \u00f6nlemek i\u00e7in etkin bir malzemedir.<\/p>\n<p><strong>Kullan\u0131m \u015eekli:<\/strong> 1\/10-1\/30 konsantredir. Kaynak yap\u0131lacak y\u00fczeye p\u00fcsk\u00fcrt\u00fclerek uygulan\u0131r.<\/p>\n","protected":false},"excerpt":{"rendered":"<p>MABY TEC T-44 KAYNAK \u00c7APAK \u00d6NLEME MADDES\u0130 Kullan\u0131m Alanlar: Her t\u00fcrl\u00fc kaynak \u00f6ncesinde \u00e7apa\u011f\u0131 \u00f6nlemek i\u00e7in etkin bir malzemedir. Kullan\u0131m \u015eekli: 1\/10-1\/30 konsantredir. Kaynak yap\u0131lacak y\u00fczeye p\u00fcsk\u00fcrt\u00fclerek uygulan\u0131r.<\/p>\n","protected":false},"author":2,"featured_media":0,"parent":17912,"menu_order":0,"comment_status":"closed","ping_status":"closed","template":"","meta":[],"_links":{"self":[{"href":"https:\/\/www.tempakimya.com.tr\/TURKISH\/wp-json\/wp\/v2\/pages\/18149"}],"collection":[{"href":"https:\/\/www.tempakimya.com.tr\/TURKISH\/wp-json\/wp\/v2\/pages"}],"about":[{"href":"https:\/\/www.tempakimya.com.tr\/TURKISH\/wp-json\/wp\/v2\/types\/page"}],"author":[{"embeddable":true,"href":"https:\/\/www.tempakimya.com.tr\/TURKISH\/wp-json\/wp\/v2\/users\/2"}],"replies":[{"embeddable":true,"href":"https:\/\/www.tempakimya.com.tr\/TURKISH\/wp-json\/wp\/v2\/comments?post=18149"}],"version-history":[{"count":2,"href":"https:\/\/www.tempakimya.com.tr\/TURKISH\/wp-json\/wp\/v2\/pages\/18149\/revisions"}],"predecessor-version":[{"id":18447,"href":"https:\/\/www.tempakimya.com.tr\/TURKISH\/wp-json\/wp\/v2\/pages\/18149\/revisions\/18447"}],"up":[{"embeddable":true,"href":"https:\/\/www.tempakimya.com.tr\/TURKISH\/wp-json\/wp\/v2\/pages\/17912"}],"wp:attachment":[{"href":"https:\/\/www.tempakimya.com.tr\/TURKISH\/wp-json\/wp\/v2\/media?parent=18149"}],"curies":[{"name":"wp","href":"https:\/\/api.w.org\/{rel}","templated":true}]}}