{"id":18145,"date":"2020-09-24T14:38:06","date_gmt":"2020-09-24T11:38:06","guid":{"rendered":"https:\/\/tempakimya.com.tr\/2020\/?page_id=18145"},"modified":"2020-10-01T18:02:23","modified_gmt":"2020-10-01T15:02:23","slug":"maby-oto-sampuani","status":"publish","type":"page","link":"https:\/\/www.tempakimya.com.tr\/TURKISH\/urunler\/genel-temizlik-ve-hijyen-grubu\/maby-oto-sampuani\/","title":{"rendered":"MABY OTO \u015eAMPUANI"},"content":{"rendered":"<p>MABY OTO \u015eAMPUANI<\/p>\n<p><strong>Kullan\u0131m Alanlar\u0131:<\/strong> F\u0131r\u00e7a yard\u0131m\u0131 ile ara\u00e7 y\u00fczeyine uygulan\u0131r. Ara\u00e7 y\u00fczeyindeki kir, \u00e7amur, ya\u011f kal\u0131nt\u0131lar\u0131n\u0131 temizler.<\/p>\n<p><strong>Kullan\u0131m \u015eekli:<\/strong> 1\/30 oran\u0131nda suland\u0131r\u0131larak f\u0131r\u00e7a yard\u0131m\u0131yla ara\u00e7 y\u00fczeyine uygulan\u0131r ve durulan\u0131r.<\/p>\n","protected":false},"excerpt":{"rendered":"<p>MABY OTO \u015eAMPUANI Kullan\u0131m Alanlar\u0131: F\u0131r\u00e7a yard\u0131m\u0131 ile ara\u00e7 y\u00fczeyine uygulan\u0131r. Ara\u00e7 y\u00fczeyindeki kir, \u00e7amur, ya\u011f kal\u0131nt\u0131lar\u0131n\u0131 temizler. Kullan\u0131m \u015eekli: 1\/30 oran\u0131nda suland\u0131r\u0131larak f\u0131r\u00e7a yard\u0131m\u0131yla ara\u00e7 y\u00fczeyine uygulan\u0131r ve durulan\u0131r.<\/p>\n","protected":false},"author":2,"featured_media":0,"parent":17910,"menu_order":0,"comment_status":"closed","ping_status":"closed","template":"","meta":[],"_links":{"self":[{"href":"https:\/\/www.tempakimya.com.tr\/TURKISH\/wp-json\/wp\/v2\/pages\/18145"}],"collection":[{"href":"https:\/\/www.tempakimya.com.tr\/TURKISH\/wp-json\/wp\/v2\/pages"}],"about":[{"href":"https:\/\/www.tempakimya.com.tr\/TURKISH\/wp-json\/wp\/v2\/types\/page"}],"author":[{"embeddable":true,"href":"https:\/\/www.tempakimya.com.tr\/TURKISH\/wp-json\/wp\/v2\/users\/2"}],"replies":[{"embeddable":true,"href":"https:\/\/www.tempakimya.com.tr\/TURKISH\/wp-json\/wp\/v2\/comments?post=18145"}],"version-history":[{"count":3,"href":"https:\/\/www.tempakimya.com.tr\/TURKISH\/wp-json\/wp\/v2\/pages\/18145\/revisions"}],"predecessor-version":[{"id":18445,"href":"https:\/\/www.tempakimya.com.tr\/TURKISH\/wp-json\/wp\/v2\/pages\/18145\/revisions\/18445"}],"up":[{"embeddable":true,"href":"https:\/\/www.tempakimya.com.tr\/TURKISH\/wp-json\/wp\/v2\/pages\/17910"}],"wp:attachment":[{"href":"https:\/\/www.tempakimya.com.tr\/TURKISH\/wp-json\/wp\/v2\/media?parent=18145"}],"curies":[{"name":"wp","href":"https:\/\/api.w.org\/{rel}","templated":true}]}}