{"id":18143,"date":"2020-09-24T14:37:43","date_gmt":"2020-09-24T11:37:43","guid":{"rendered":"https:\/\/tempakimya.com.tr\/2020\/?page_id=18143"},"modified":"2020-10-01T18:01:47","modified_gmt":"2020-10-01T15:01:47","slug":"maby-logar-acici","status":"publish","type":"page","link":"https:\/\/www.tempakimya.com.tr\/TURKISH\/urunler\/genel-temizlik-ve-hijyen-grubu\/maby-logar-acici\/","title":{"rendered":"MABY LOGAR A\u00c7ICI"},"content":{"rendered":"<p>MABY LOGAR A\u00c7ICI<\/p>\n<p><strong>Kullan\u0131m Alanlar\u0131:<\/strong> Hayvansal ya\u011f\u015fardan ve sa\u00e7 kulu gibi pisliklerden t\u0131kanan giderlerin a\u00e7\u0131lmas\u0131nda kullan\u0131l\u0131r.<\/p>\n<p><strong>Kullan\u0131m \u015eekli:<\/strong> T\u0131kal\u0131 giderin yerine ve b\u00fcy\u00fckl\u00fc\u011f\u00fcne gore logar a\u00e7\u0131c\u0131 d\u00f6k\u00fcl\u00fcr ve \u00fczerine kaynar su ilave edilerek a\u00e7\u0131lmas\u0131 sa\u011flan\u0131r.<\/p>\n","protected":false},"excerpt":{"rendered":"<p>MABY LOGAR A\u00c7ICI Kullan\u0131m Alanlar\u0131: Hayvansal ya\u011f\u015fardan ve sa\u00e7 kulu gibi pisliklerden t\u0131kanan giderlerin a\u00e7\u0131lmas\u0131nda kullan\u0131l\u0131r. Kullan\u0131m \u015eekli: T\u0131kal\u0131 giderin yerine ve b\u00fcy\u00fckl\u00fc\u011f\u00fcne gore logar a\u00e7\u0131c\u0131 d\u00f6k\u00fcl\u00fcr ve \u00fczerine kaynar su ilave edilerek a\u00e7\u0131lmas\u0131 sa\u011flan\u0131r.<\/p>\n","protected":false},"author":2,"featured_media":0,"parent":17910,"menu_order":0,"comment_status":"closed","ping_status":"closed","template":"","meta":[],"_links":{"self":[{"href":"https:\/\/www.tempakimya.com.tr\/TURKISH\/wp-json\/wp\/v2\/pages\/18143"}],"collection":[{"href":"https:\/\/www.tempakimya.com.tr\/TURKISH\/wp-json\/wp\/v2\/pages"}],"about":[{"href":"https:\/\/www.tempakimya.com.tr\/TURKISH\/wp-json\/wp\/v2\/types\/page"}],"author":[{"embeddable":true,"href":"https:\/\/www.tempakimya.com.tr\/TURKISH\/wp-json\/wp\/v2\/users\/2"}],"replies":[{"embeddable":true,"href":"https:\/\/www.tempakimya.com.tr\/TURKISH\/wp-json\/wp\/v2\/comments?post=18143"}],"version-history":[{"count":2,"href":"https:\/\/www.tempakimya.com.tr\/TURKISH\/wp-json\/wp\/v2\/pages\/18143\/revisions"}],"predecessor-version":[{"id":18443,"href":"https:\/\/www.tempakimya.com.tr\/TURKISH\/wp-json\/wp\/v2\/pages\/18143\/revisions\/18443"}],"up":[{"embeddable":true,"href":"https:\/\/www.tempakimya.com.tr\/TURKISH\/wp-json\/wp\/v2\/pages\/17910"}],"wp:attachment":[{"href":"https:\/\/www.tempakimya.com.tr\/TURKISH\/wp-json\/wp\/v2\/media?parent=18143"}],"curies":[{"name":"wp","href":"https:\/\/api.w.org\/{rel}","templated":true}]}}