{"id":18136,"date":"2020-09-24T14:35:53","date_gmt":"2020-09-24T11:35:53","guid":{"rendered":"https:\/\/tempakimya.com.tr\/2020\/?page_id=18136"},"modified":"2020-10-01T18:00:37","modified_gmt":"2020-10-01T15:00:37","slug":"maby-oksijen-bazli-agartici","status":"publish","type":"page","link":"https:\/\/www.tempakimya.com.tr\/TURKISH\/urunler\/genel-temizlik-ve-hijyen-grubu\/maby-oksijen-bazli-agartici\/","title":{"rendered":"MABY OKS\u0130JEN BAZLI A\u011eARTICI"},"content":{"rendered":"<p>MABY OKS\u0130JEN BAZLI A\u011eARTICI<\/p>\n<p><strong>Kullan\u0131m Alanlar\u0131:<\/strong> \u00c7ama\u015f\u0131rlarda olu\u015fan zor lekelerde kullan\u0131l\u0131r. Beyazlarda ekstra beyazl\u0131k sa\u011flar.<\/p>\n<p><strong>Kullan\u0131m \u015eekli:<\/strong> Makine toz deterjan b\u00f6l\u00fcm\u00fcne takbik edilir ve direct kullan\u0131mda bir miktar oksijen bazl\u0131 a\u011fart\u0131c\u0131 sui le hafif \u00e7amur k\u0131vam\u0131na getirilerek lekenin \u00fczerine s\u00fcr\u00fcl\u00fcr. Ana y\u0131kama b\u00f6l\u00fcm\u00fcne yar\u0131m \u00f6l\u00e7ek konulur.<\/p>\n","protected":false},"excerpt":{"rendered":"<p>MABY OKS\u0130JEN BAZLI A\u011eARTICI Kullan\u0131m Alanlar\u0131: \u00c7ama\u015f\u0131rlarda olu\u015fan zor lekelerde kullan\u0131l\u0131r. Beyazlarda ekstra beyazl\u0131k sa\u011flar. Kullan\u0131m \u015eekli: Makine toz deterjan b\u00f6l\u00fcm\u00fcne takbik edilir ve direct kullan\u0131mda bir miktar oksijen bazl\u0131 a\u011fart\u0131c\u0131 sui le hafif \u00e7amur k\u0131vam\u0131na getirilerek lekenin \u00fczerine s\u00fcr\u00fcl\u00fcr. Ana y\u0131kama b\u00f6l\u00fcm\u00fcne yar\u0131m \u00f6l\u00e7ek konulur.<\/p>\n","protected":false},"author":2,"featured_media":0,"parent":17910,"menu_order":0,"comment_status":"closed","ping_status":"closed","template":"","meta":[],"_links":{"self":[{"href":"https:\/\/www.tempakimya.com.tr\/TURKISH\/wp-json\/wp\/v2\/pages\/18136"}],"collection":[{"href":"https:\/\/www.tempakimya.com.tr\/TURKISH\/wp-json\/wp\/v2\/pages"}],"about":[{"href":"https:\/\/www.tempakimya.com.tr\/TURKISH\/wp-json\/wp\/v2\/types\/page"}],"author":[{"embeddable":true,"href":"https:\/\/www.tempakimya.com.tr\/TURKISH\/wp-json\/wp\/v2\/users\/2"}],"replies":[{"embeddable":true,"href":"https:\/\/www.tempakimya.com.tr\/TURKISH\/wp-json\/wp\/v2\/comments?post=18136"}],"version-history":[{"count":2,"href":"https:\/\/www.tempakimya.com.tr\/TURKISH\/wp-json\/wp\/v2\/pages\/18136\/revisions"}],"predecessor-version":[{"id":18440,"href":"https:\/\/www.tempakimya.com.tr\/TURKISH\/wp-json\/wp\/v2\/pages\/18136\/revisions\/18440"}],"up":[{"embeddable":true,"href":"https:\/\/www.tempakimya.com.tr\/TURKISH\/wp-json\/wp\/v2\/pages\/17910"}],"wp:attachment":[{"href":"https:\/\/www.tempakimya.com.tr\/TURKISH\/wp-json\/wp\/v2\/media?parent=18136"}],"curies":[{"name":"wp","href":"https:\/\/api.w.org\/{rel}","templated":true}]}}