{"id":18126,"date":"2020-09-24T14:05:44","date_gmt":"2020-09-24T11:05:44","guid":{"rendered":"https:\/\/tempakimya.com.tr\/2020\/?page_id=18126"},"modified":"2020-10-01T17:59:36","modified_gmt":"2020-10-01T14:59:36","slug":"maby-tech-wood-cleaner-ahsap-temizleyici","status":"publish","type":"page","link":"https:\/\/www.tempakimya.com.tr\/TURKISH\/urunler\/genel-temizlik-ve-hijyen-grubu\/maby-tech-wood-cleaner-ahsap-temizleyici\/","title":{"rendered":"MABY TECH WOOD CLEANER AH\u015eAP TEM\u0130ZLEY\u0130C\u0130"},"content":{"rendered":"<p>MABY TEC WOOD CLEANER AH\u015eAP TEM\u0130ZLEY\u0130C\u0130<\/p>\n<p><strong>Kullan\u0131m Alanlar\u0131:<\/strong> Ah\u015fap y\u00fczeylerde parlakl\u0131k i\u00e7in kullan\u0131l\u0131r.<\/p>\n<p><strong>Kullan\u0131m \u015eekli:<\/strong> 1\/10-1\/20 konsantredir. Y\u00fczeye uygulan\u0131r.<\/p>\n","protected":false},"excerpt":{"rendered":"<p>MABY TEC WOOD CLEANER AH\u015eAP TEM\u0130ZLEY\u0130C\u0130 Kullan\u0131m Alanlar\u0131: Ah\u015fap y\u00fczeylerde parlakl\u0131k i\u00e7in kullan\u0131l\u0131r. Kullan\u0131m \u015eekli: 1\/10-1\/20 konsantredir. Y\u00fczeye uygulan\u0131r.<\/p>\n","protected":false},"author":2,"featured_media":0,"parent":17910,"menu_order":0,"comment_status":"closed","ping_status":"closed","template":"","meta":[],"_links":{"self":[{"href":"https:\/\/www.tempakimya.com.tr\/TURKISH\/wp-json\/wp\/v2\/pages\/18126"}],"collection":[{"href":"https:\/\/www.tempakimya.com.tr\/TURKISH\/wp-json\/wp\/v2\/pages"}],"about":[{"href":"https:\/\/www.tempakimya.com.tr\/TURKISH\/wp-json\/wp\/v2\/types\/page"}],"author":[{"embeddable":true,"href":"https:\/\/www.tempakimya.com.tr\/TURKISH\/wp-json\/wp\/v2\/users\/2"}],"replies":[{"embeddable":true,"href":"https:\/\/www.tempakimya.com.tr\/TURKISH\/wp-json\/wp\/v2\/comments?post=18126"}],"version-history":[{"count":2,"href":"https:\/\/www.tempakimya.com.tr\/TURKISH\/wp-json\/wp\/v2\/pages\/18126\/revisions"}],"predecessor-version":[{"id":18438,"href":"https:\/\/www.tempakimya.com.tr\/TURKISH\/wp-json\/wp\/v2\/pages\/18126\/revisions\/18438"}],"up":[{"embeddable":true,"href":"https:\/\/www.tempakimya.com.tr\/TURKISH\/wp-json\/wp\/v2\/pages\/17910"}],"wp:attachment":[{"href":"https:\/\/www.tempakimya.com.tr\/TURKISH\/wp-json\/wp\/v2\/media?parent=18126"}],"curies":[{"name":"wp","href":"https:\/\/api.w.org\/{rel}","templated":true}]}}