{"id":18099,"date":"2020-09-24T12:26:08","date_gmt":"2020-09-24T09:26:08","guid":{"rendered":"https:\/\/tempakimya.com.tr\/2020\/?page_id=18099"},"modified":"2020-10-01T17:58:46","modified_gmt":"2020-10-01T14:58:46","slug":"maby-salon-kokusu","status":"publish","type":"page","link":"https:\/\/www.tempakimya.com.tr\/TURKISH\/urunler\/genel-temizlik-ve-hijyen-grubu\/maby-salon-kokusu\/","title":{"rendered":"MABY SALON KOKUSU"},"content":{"rendered":"<p>MABY SALON KOKUSU<\/p>\n<p><strong>Kullan\u0131m Alanlar\u0131:<\/strong> Ev, b\u00fcro gibi kapal\u0131 ortamlarda ho\u015f koku sa\u011flar.<\/p>\n<p><strong>Kullan\u0131m \u015eekli:<\/strong> Direkt \u00fczerinize temas ettirmeden ortama spreyleyiniz.<\/p>\n","protected":false},"excerpt":{"rendered":"<p>MABY SALON KOKUSU Kullan\u0131m Alanlar\u0131: Ev, b\u00fcro gibi kapal\u0131 ortamlarda ho\u015f koku sa\u011flar. Kullan\u0131m \u015eekli: Direkt \u00fczerinize temas ettirmeden ortama spreyleyiniz.<\/p>\n","protected":false},"author":2,"featured_media":0,"parent":17910,"menu_order":0,"comment_status":"closed","ping_status":"closed","template":"","meta":[],"_links":{"self":[{"href":"https:\/\/www.tempakimya.com.tr\/TURKISH\/wp-json\/wp\/v2\/pages\/18099"}],"collection":[{"href":"https:\/\/www.tempakimya.com.tr\/TURKISH\/wp-json\/wp\/v2\/pages"}],"about":[{"href":"https:\/\/www.tempakimya.com.tr\/TURKISH\/wp-json\/wp\/v2\/types\/page"}],"author":[{"embeddable":true,"href":"https:\/\/www.tempakimya.com.tr\/TURKISH\/wp-json\/wp\/v2\/users\/2"}],"replies":[{"embeddable":true,"href":"https:\/\/www.tempakimya.com.tr\/TURKISH\/wp-json\/wp\/v2\/comments?post=18099"}],"version-history":[{"count":3,"href":"https:\/\/www.tempakimya.com.tr\/TURKISH\/wp-json\/wp\/v2\/pages\/18099\/revisions"}],"predecessor-version":[{"id":18436,"href":"https:\/\/www.tempakimya.com.tr\/TURKISH\/wp-json\/wp\/v2\/pages\/18099\/revisions\/18436"}],"up":[{"embeddable":true,"href":"https:\/\/www.tempakimya.com.tr\/TURKISH\/wp-json\/wp\/v2\/pages\/17910"}],"wp:attachment":[{"href":"https:\/\/www.tempakimya.com.tr\/TURKISH\/wp-json\/wp\/v2\/media?parent=18099"}],"curies":[{"name":"wp","href":"https:\/\/api.w.org\/{rel}","templated":true}]}}