{"id":18093,"date":"2020-09-24T12:21:32","date_gmt":"2020-09-24T09:21:32","guid":{"rendered":"https:\/\/tempakimya.com.tr\/2020\/?page_id=18093"},"modified":"2020-10-01T17:57:53","modified_gmt":"2020-10-01T14:57:53","slug":"maby-camasir-suyu","status":"publish","type":"page","link":"https:\/\/www.tempakimya.com.tr\/TURKISH\/urunler\/genel-temizlik-ve-hijyen-grubu\/maby-camasir-suyu\/","title":{"rendered":"MABY \u00c7AMA\u015eIR SUYU"},"content":{"rendered":"<p>MABY \u00c7AMA\u015eIR SUYU<\/p>\n<p><strong>Kullan\u0131m Alanlar\u0131:<\/strong> Mutfak, banyo gibi t\u00fcm sert zeminlerde kullan\u0131ld\u0131\u011f\u0131 gibi beyaz \u00e7ama\u015f\u0131rlarda da kullan\u0131l\u0131r.<\/p>\n<p><strong>Kullan\u0131m \u015eekli:<\/strong> 1\/5-1\/10 oran\u0131nda suland\u0131r\u0131larak \u00e7ama\u015f\u0131rlarda, tuvalet ve banyoda ise direkt zemin \u00fczerine d\u00f6k\u00fclerek kullan\u0131l\u0131r.<\/p>\n","protected":false},"excerpt":{"rendered":"<p>MABY \u00c7AMA\u015eIR SUYU Kullan\u0131m Alanlar\u0131: Mutfak, banyo gibi t\u00fcm sert zeminlerde kullan\u0131ld\u0131\u011f\u0131 gibi beyaz \u00e7ama\u015f\u0131rlarda da kullan\u0131l\u0131r. Kullan\u0131m \u015eekli: 1\/5-1\/10 oran\u0131nda suland\u0131r\u0131larak \u00e7ama\u015f\u0131rlarda, tuvalet ve banyoda ise direkt zemin \u00fczerine d\u00f6k\u00fclerek kullan\u0131l\u0131r.<\/p>\n","protected":false},"author":2,"featured_media":0,"parent":17910,"menu_order":0,"comment_status":"closed","ping_status":"closed","template":"","meta":[],"_links":{"self":[{"href":"https:\/\/www.tempakimya.com.tr\/TURKISH\/wp-json\/wp\/v2\/pages\/18093"}],"collection":[{"href":"https:\/\/www.tempakimya.com.tr\/TURKISH\/wp-json\/wp\/v2\/pages"}],"about":[{"href":"https:\/\/www.tempakimya.com.tr\/TURKISH\/wp-json\/wp\/v2\/types\/page"}],"author":[{"embeddable":true,"href":"https:\/\/www.tempakimya.com.tr\/TURKISH\/wp-json\/wp\/v2\/users\/2"}],"replies":[{"embeddable":true,"href":"https:\/\/www.tempakimya.com.tr\/TURKISH\/wp-json\/wp\/v2\/comments?post=18093"}],"version-history":[{"count":2,"href":"https:\/\/www.tempakimya.com.tr\/TURKISH\/wp-json\/wp\/v2\/pages\/18093\/revisions"}],"predecessor-version":[{"id":18434,"href":"https:\/\/www.tempakimya.com.tr\/TURKISH\/wp-json\/wp\/v2\/pages\/18093\/revisions\/18434"}],"up":[{"embeddable":true,"href":"https:\/\/www.tempakimya.com.tr\/TURKISH\/wp-json\/wp\/v2\/pages\/17910"}],"wp:attachment":[{"href":"https:\/\/www.tempakimya.com.tr\/TURKISH\/wp-json\/wp\/v2\/media?parent=18093"}],"curies":[{"name":"wp","href":"https:\/\/api.w.org\/{rel}","templated":true}]}}