{"id":18088,"date":"2020-09-24T12:19:40","date_gmt":"2020-09-24T09:19:40","guid":{"rendered":"https:\/\/tempakimya.com.tr\/2020\/?page_id=18088"},"modified":"2020-11-19T14:27:33","modified_gmt":"2020-11-19T11:27:33","slug":"maby-tech-x-66-hijyenik-yuzey-temizleme-maddesi","status":"publish","type":"page","link":"https:\/\/www.tempakimya.com.tr\/TURKISH\/urunler\/genel-temizlik-ve-hijyen-grubu\/maby-tech-x-66-hijyenik-yuzey-temizleme-maddesi\/","title":{"rendered":"MABY TEC X 66 H\u0130JYEN\u0130K Y\u00dcZEY TEM\u0130ZLEME MADDES\u0130"},"content":{"rendered":"<p><img loading=\"lazy\" class=\"aligncenter  wp-image-18667\" src=\"https:\/\/www.tempakimya.com.tr\/TURKISH\/wp-content\/uploads\/2020\/11\/x66.png\" alt=\"\" width=\"816\" height=\"461\" \/><\/p>\n<p>MABY TEC X 66<br \/>\nH\u0130jYEN\u0130K Y\u00dcZEY TEM\u0130ZLEME MADDES\u0130<br \/>\nKullan\u0131m Alan\u0131 ve \u00d6zellikleri<br \/>\nG\u0131da \u00fcniteleri d\u0131\u015f ve i\u00e7 temizli\u011finde, y\u00fczey temizli\u011fi, mikrop \u00f6ld\u00fcr\u00fcc\u00fc \u00f6zelli\u011fi<br \/>\nsayesinde kolayl\u0131k sa\u011flar.a\u011f\u0131r kir kurumu\u015f ya\u011flar\u0131 g\u00fc\u00e7l\u00fc \u015fekilde \u00e7\u00f6zer.<br \/>\nHayvan bar\u0131naklar\u0131, hayvan yeti\u015ftiricili\u011finde kullan\u0131lan ara\u00e7-gere\u00e7, nakliye<br \/>\nara\u00e7lar\u0131, kanatl\u0131 k\u00fcmesleri kulu\u00e7kaheneleri ile burada kullan\u0131lan ekipmanlar<br \/>\nve sa\u011f\u0131mhane i\u00e7i, sa\u011f\u0131m makineleri ve so\u011futma tanklar\u0131n\u0131n d\u0131\u015f y\u00fczeyleri,<br \/>\ns\u00fct g\u00fc\u011f\u00fcmleri s\u00fczge\u00e7leri, \u00f6l\u00e7eklerinin temizlik ve dezenfeksiyonuna y\u00f6nelik<br \/>\nkullan\u0131l\u0131r.<br \/>\nKullan\u0131m \u015eekli<br \/>\n1\/10-1\/50 konsantredir. K\u00f6p\u00fc\u011f\u00fc ayarl\u0131d\u0131r.<br \/>\nDemir, \u00e7elik, \u00e7inko, bak\u0131r, al\u00fcminyum, vs madeni maddeler, kau\u00e7uk ve PVC<br \/>\nmeteryali \u00fczerinde kullan\u0131m \u015fartlar\u0131nda koroziv etki meydana getirmez.<\/p>\n","protected":false},"excerpt":{"rendered":"<p>MABY TEC X 66 H\u0130jYEN\u0130K Y\u00dcZEY TEM\u0130ZLEME MADDES\u0130 Kullan\u0131m Alan\u0131 ve \u00d6zellikleri G\u0131da \u00fcniteleri d\u0131\u015f ve i\u00e7 temizli\u011finde, y\u00fczey temizli\u011fi, mikrop \u00f6ld\u00fcr\u00fcc\u00fc \u00f6zelli\u011fi sayesinde kolayl\u0131k sa\u011flar.a\u011f\u0131r kir kurumu\u015f ya\u011flar\u0131 g\u00fc\u00e7l\u00fc \u015fekilde \u00e7\u00f6zer. Hayvan bar\u0131naklar\u0131, hayvan yeti\u015ftiricili\u011finde kullan\u0131lan ara\u00e7-gere\u00e7, nakliye ara\u00e7lar\u0131, kanatl\u0131 k\u00fcmesleri kulu\u00e7kaheneleri ile burada kullan\u0131lan ekipmanlar ve sa\u011f\u0131mhane i\u00e7i, sa\u011f\u0131m makineleri ve so\u011futma tanklar\u0131n\u0131n [&hellip;]<\/p>\n","protected":false},"author":2,"featured_media":0,"parent":17910,"menu_order":0,"comment_status":"closed","ping_status":"closed","template":"","meta":[],"_links":{"self":[{"href":"https:\/\/www.tempakimya.com.tr\/TURKISH\/wp-json\/wp\/v2\/pages\/18088"}],"collection":[{"href":"https:\/\/www.tempakimya.com.tr\/TURKISH\/wp-json\/wp\/v2\/pages"}],"about":[{"href":"https:\/\/www.tempakimya.com.tr\/TURKISH\/wp-json\/wp\/v2\/types\/page"}],"author":[{"embeddable":true,"href":"https:\/\/www.tempakimya.com.tr\/TURKISH\/wp-json\/wp\/v2\/users\/2"}],"replies":[{"embeddable":true,"href":"https:\/\/www.tempakimya.com.tr\/TURKISH\/wp-json\/wp\/v2\/comments?post=18088"}],"version-history":[{"count":5,"href":"https:\/\/www.tempakimya.com.tr\/TURKISH\/wp-json\/wp\/v2\/pages\/18088\/revisions"}],"predecessor-version":[{"id":18668,"href":"https:\/\/www.tempakimya.com.tr\/TURKISH\/wp-json\/wp\/v2\/pages\/18088\/revisions\/18668"}],"up":[{"embeddable":true,"href":"https:\/\/www.tempakimya.com.tr\/TURKISH\/wp-json\/wp\/v2\/pages\/17910"}],"wp:attachment":[{"href":"https:\/\/www.tempakimya.com.tr\/TURKISH\/wp-json\/wp\/v2\/media?parent=18088"}],"curies":[{"name":"wp","href":"https:\/\/api.w.org\/{rel}","templated":true}]}}