{"id":18083,"date":"2020-09-24T10:09:59","date_gmt":"2020-09-24T07:09:59","guid":{"rendered":"https:\/\/tempakimya.com.tr\/2020\/?page_id=18083"},"modified":"2020-11-19T14:00:58","modified_gmt":"2020-11-19T11:00:58","slug":"maby-tec-automat-clean-konsantre-otomat-makine-kimyasali","status":"publish","type":"page","link":"https:\/\/www.tempakimya.com.tr\/TURKISH\/urunler\/genel-temizlik-ve-hijyen-grubu\/maby-tec-automat-clean-konsantre-otomat-makine-kimyasali\/","title":{"rendered":"MABY TEC AUTOMAT CLEAN KONSANTRE OTOMAT MAK\u0130NE K\u0130MYASALI"},"content":{"rendered":"<p><strong><img loading=\"lazy\" class=\"aligncenter wp-image-18665\" src=\"https:\/\/www.tempakimya.com.tr\/TURKISH\/wp-content\/uploads\/2020\/11\/unnamed.jpg\" alt=\"\" width=\"618\" height=\"367\" \/><\/strong><\/p>\n<p><strong>MABY TEC\u00a0 KONSANTRE OTOMAT MAK\u0130NE K\u0130MYASALI<\/strong><\/p>\n<p><strong>Kullan\u0131m Alan\u0131 ve \u00d6zellikleri<\/strong><br \/>\nOtomat temizlik kimyasal\u0131, a\u011f\u0131r kir ve ya\u011f \u00e7\u00f6z\u00fcc\u00fc \u00f6zelli\u011fe sahiptir. Yer temizlik<br \/>\notomatlar\u0131 i\u00e7in \u00f6zel olarak \u00fcretilmi\u015f ve k\u00f6p\u00fcrmeme \u00f6zelli\u011fine sahiptir.<br \/>\nY\u00fcksek temizleme g\u00fcc\u00fc ve i\u00e7eri\u011fi ile hem koku yok edici hem ortam temizleyici<br \/>\nzemin temizleme makinesi deterjan\u0131d\u0131r.<br \/>\n<strong>Kullan\u0131m \u015eekli<\/strong><br \/>\n1\/10-1\/50 konsantredir.Makina haznelerine ilave edilerek uygulama sa\u011flan\u0131r<\/p>\n","protected":false},"excerpt":{"rendered":"<p>MABY TEC\u00a0 KONSANTRE OTOMAT MAK\u0130NE K\u0130MYASALI Kullan\u0131m Alan\u0131 ve \u00d6zellikleri Otomat temizlik kimyasal\u0131, a\u011f\u0131r kir ve ya\u011f \u00e7\u00f6z\u00fcc\u00fc \u00f6zelli\u011fe sahiptir. Yer temizlik otomatlar\u0131 i\u00e7in \u00f6zel olarak \u00fcretilmi\u015f ve k\u00f6p\u00fcrmeme \u00f6zelli\u011fine sahiptir. Y\u00fcksek temizleme g\u00fcc\u00fc ve i\u00e7eri\u011fi ile hem koku yok edici hem ortam temizleyici zemin temizleme makinesi deterjan\u0131d\u0131r. Kullan\u0131m \u015eekli 1\/10-1\/50 konsantredir.Makina haznelerine ilave edilerek [&hellip;]<\/p>\n","protected":false},"author":2,"featured_media":0,"parent":17910,"menu_order":0,"comment_status":"closed","ping_status":"closed","template":"","meta":[],"_links":{"self":[{"href":"https:\/\/www.tempakimya.com.tr\/TURKISH\/wp-json\/wp\/v2\/pages\/18083"}],"collection":[{"href":"https:\/\/www.tempakimya.com.tr\/TURKISH\/wp-json\/wp\/v2\/pages"}],"about":[{"href":"https:\/\/www.tempakimya.com.tr\/TURKISH\/wp-json\/wp\/v2\/types\/page"}],"author":[{"embeddable":true,"href":"https:\/\/www.tempakimya.com.tr\/TURKISH\/wp-json\/wp\/v2\/users\/2"}],"replies":[{"embeddable":true,"href":"https:\/\/www.tempakimya.com.tr\/TURKISH\/wp-json\/wp\/v2\/comments?post=18083"}],"version-history":[{"count":5,"href":"https:\/\/www.tempakimya.com.tr\/TURKISH\/wp-json\/wp\/v2\/pages\/18083\/revisions"}],"predecessor-version":[{"id":18666,"href":"https:\/\/www.tempakimya.com.tr\/TURKISH\/wp-json\/wp\/v2\/pages\/18083\/revisions\/18666"}],"up":[{"embeddable":true,"href":"https:\/\/www.tempakimya.com.tr\/TURKISH\/wp-json\/wp\/v2\/pages\/17910"}],"wp:attachment":[{"href":"https:\/\/www.tempakimya.com.tr\/TURKISH\/wp-json\/wp\/v2\/media?parent=18083"}],"curies":[{"name":"wp","href":"https:\/\/api.w.org\/{rel}","templated":true}]}}