{"id":18080,"date":"2020-09-24T10:08:28","date_gmt":"2020-09-24T07:08:28","guid":{"rendered":"https:\/\/tempakimya.com.tr\/2020\/?page_id=18080"},"modified":"2020-11-19T14:17:33","modified_gmt":"2020-11-19T11:17:33","slug":"maby-tec-tsol-konsantre-esansli-yag-cozucu","status":"publish","type":"page","link":"https:\/\/www.tempakimya.com.tr\/TURKISH\/urunler\/genel-temizlik-ve-hijyen-grubu\/maby-tec-tsol-konsantre-esansli-yag-cozucu\/","title":{"rendered":"MABY TEC TSOL KONSANTRE ESANSLI YA\u011e \u00c7\u00d6Z\u00dcC\u00dc"},"content":{"rendered":"<p><strong><img loading=\"lazy\" class=\"aligncenter wp-image-18662\" src=\"https:\/\/www.tempakimya.com.tr\/TURKISH\/wp-content\/uploads\/2020\/11\/t-sol.jpg\" alt=\"\" width=\"637\" height=\"467\" \/>MABY TEC T SOL<\/strong><br \/>\n<strong>KONSANTRE YA\u011e \u00c7\u00d6Z\u00dcC\u00dc<\/strong><\/p>\n<p><strong>Kullan\u0131m Alan\u0131 ve \u00d6zellikleri<\/strong><br \/>\nPlastik ,metal,kau\u00e7uk, f\u0131r\u0131n,grill,zemin,mutfak,davlumbaz,makine y\u00fczey<br \/>\nyemizli\u011finde kullan\u0131l\u0131r.konsantre ve g\u00fc\u00e7l\u00fc ya\u011f \u00e7\u00f6z\u00fcc\u00fc \u00f6zelli\u011fi vard\u0131r.zamanla<br \/>\nkurumu\u015f kir ya\u011f ve tortular\u0131 etkili bir bi\u00e7imde s\u00f6ker atar.<br \/>\n<strong>Kullan\u0131m \u015eekli<\/strong><br \/>\n1\/3-1\/30 de\u011fi\u015fen oranlarda su ile seyreltilerek kullan\u0131l\u0131r.Y\u00fczeye bez ile yada<br \/>\np\u00fcsk\u00fcrt\u00fclerek uygulan\u0131r.Bir s\u00fcre bekletilerek durulan\u0131r. \u00d6zellikle makine<br \/>\nya\u011f\u0131, gres ya\u011f\u0131 ve petrol t\u00fcrevli ya\u011flar sonucu olu\u015fan kir ve tortular kolayca<br \/>\ns\u00f6k\u00fclebilmektedir.<\/p>\n","protected":false},"excerpt":{"rendered":"<p>MABY TEC T SOL KONSANTRE YA\u011e \u00c7\u00d6Z\u00dcC\u00dc Kullan\u0131m Alan\u0131 ve \u00d6zellikleri Plastik ,metal,kau\u00e7uk, f\u0131r\u0131n,grill,zemin,mutfak,davlumbaz,makine y\u00fczey yemizli\u011finde kullan\u0131l\u0131r.konsantre ve g\u00fc\u00e7l\u00fc ya\u011f \u00e7\u00f6z\u00fcc\u00fc \u00f6zelli\u011fi vard\u0131r.zamanla kurumu\u015f kir ya\u011f ve tortular\u0131 etkili bir bi\u00e7imde s\u00f6ker atar. Kullan\u0131m \u015eekli 1\/3-1\/30 de\u011fi\u015fen oranlarda su ile seyreltilerek kullan\u0131l\u0131r.Y\u00fczeye bez ile yada p\u00fcsk\u00fcrt\u00fclerek uygulan\u0131r.Bir s\u00fcre bekletilerek durulan\u0131r. \u00d6zellikle makine ya\u011f\u0131, gres ya\u011f\u0131 [&hellip;]<\/p>\n","protected":false},"author":2,"featured_media":0,"parent":17910,"menu_order":0,"comment_status":"closed","ping_status":"closed","template":"","meta":[],"_links":{"self":[{"href":"https:\/\/www.tempakimya.com.tr\/TURKISH\/wp-json\/wp\/v2\/pages\/18080"}],"collection":[{"href":"https:\/\/www.tempakimya.com.tr\/TURKISH\/wp-json\/wp\/v2\/pages"}],"about":[{"href":"https:\/\/www.tempakimya.com.tr\/TURKISH\/wp-json\/wp\/v2\/types\/page"}],"author":[{"embeddable":true,"href":"https:\/\/www.tempakimya.com.tr\/TURKISH\/wp-json\/wp\/v2\/users\/2"}],"replies":[{"embeddable":true,"href":"https:\/\/www.tempakimya.com.tr\/TURKISH\/wp-json\/wp\/v2\/comments?post=18080"}],"version-history":[{"count":4,"href":"https:\/\/www.tempakimya.com.tr\/TURKISH\/wp-json\/wp\/v2\/pages\/18080\/revisions"}],"predecessor-version":[{"id":18663,"href":"https:\/\/www.tempakimya.com.tr\/TURKISH\/wp-json\/wp\/v2\/pages\/18080\/revisions\/18663"}],"up":[{"embeddable":true,"href":"https:\/\/www.tempakimya.com.tr\/TURKISH\/wp-json\/wp\/v2\/pages\/17910"}],"wp:attachment":[{"href":"https:\/\/www.tempakimya.com.tr\/TURKISH\/wp-json\/wp\/v2\/media?parent=18080"}],"curies":[{"name":"wp","href":"https:\/\/api.w.org\/{rel}","templated":true}]}}