{"id":18077,"date":"2020-09-24T10:07:10","date_gmt":"2020-09-24T07:07:10","guid":{"rendered":"https:\/\/tempakimya.com.tr\/2020\/?page_id=18077"},"modified":"2020-10-01T17:56:03","modified_gmt":"2020-10-01T14:56:03","slug":"maby-tec-clean-up-yag-sokucu-koku-giderici","status":"publish","type":"page","link":"https:\/\/www.tempakimya.com.tr\/TURKISH\/urunler\/genel-temizlik-ve-hijyen-grubu\/maby-tec-clean-up-yag-sokucu-koku-giderici\/","title":{"rendered":"MABY TEC CLEAN UP YA\u011e S\u00d6K\u00dcC\u00dc KOKU G\u0130DER\u0130C\u0130"},"content":{"rendered":"<p>MABY TEC CLEAN UP YA\u011e S\u00d6K\u00dcC\u00dc KOKU G\u0130DER\u0130C\u0130<\/p>\n<p><strong>Kullan\u0131m Alanlar\u0131:<\/strong> \u00c7\u00f6p arabalar\u0131n\u0131n , konteynerlerde, deri y\u00fczey temizli\u011finde<\/p>\n<p><strong>Kullan\u0131m \u015eekli:<\/strong> \u00c7\u00f6p arabalar\u0131nda, konteynerler\u0131n, \u00a0ve deri y\u00fczeylerin temizli\u011finde<\/p>\n","protected":false},"excerpt":{"rendered":"<p>MABY TEC CLEAN UP YA\u011e S\u00d6K\u00dcC\u00dc KOKU G\u0130DER\u0130C\u0130 Kullan\u0131m Alanlar\u0131: \u00c7\u00f6p arabalar\u0131n\u0131n , konteynerlerde, deri y\u00fczey temizli\u011finde Kullan\u0131m \u015eekli: \u00c7\u00f6p arabalar\u0131nda, konteynerler\u0131n, \u00a0ve deri y\u00fczeylerin temizli\u011finde<\/p>\n","protected":false},"author":2,"featured_media":0,"parent":17910,"menu_order":0,"comment_status":"closed","ping_status":"closed","template":"","meta":[],"_links":{"self":[{"href":"https:\/\/www.tempakimya.com.tr\/TURKISH\/wp-json\/wp\/v2\/pages\/18077"}],"collection":[{"href":"https:\/\/www.tempakimya.com.tr\/TURKISH\/wp-json\/wp\/v2\/pages"}],"about":[{"href":"https:\/\/www.tempakimya.com.tr\/TURKISH\/wp-json\/wp\/v2\/types\/page"}],"author":[{"embeddable":true,"href":"https:\/\/www.tempakimya.com.tr\/TURKISH\/wp-json\/wp\/v2\/users\/2"}],"replies":[{"embeddable":true,"href":"https:\/\/www.tempakimya.com.tr\/TURKISH\/wp-json\/wp\/v2\/comments?post=18077"}],"version-history":[{"count":2,"href":"https:\/\/www.tempakimya.com.tr\/TURKISH\/wp-json\/wp\/v2\/pages\/18077\/revisions"}],"predecessor-version":[{"id":18430,"href":"https:\/\/www.tempakimya.com.tr\/TURKISH\/wp-json\/wp\/v2\/pages\/18077\/revisions\/18430"}],"up":[{"embeddable":true,"href":"https:\/\/www.tempakimya.com.tr\/TURKISH\/wp-json\/wp\/v2\/pages\/17910"}],"wp:attachment":[{"href":"https:\/\/www.tempakimya.com.tr\/TURKISH\/wp-json\/wp\/v2\/media?parent=18077"}],"curies":[{"name":"wp","href":"https:\/\/api.w.org\/{rel}","templated":true}]}}