{"id":17962,"date":"2020-09-19T09:35:41","date_gmt":"2020-09-19T06:35:41","guid":{"rendered":"https:\/\/tempakimya.com.tr\/2020\/?page_id=17962"},"modified":"2020-11-19T16:55:47","modified_gmt":"2020-11-19T13:55:47","slug":"sertifikalar","status":"publish","type":"page","link":"https:\/\/www.tempakimya.com.tr\/TURKISH\/sertifikalar\/","title":{"rendered":"Sertifikalar"},"content":{"rendered":"<p>\u00dcretim, sat\u0131\u015f, ar-ge departman\u0131ndaki yo\u011fun \u00e7al\u0131\u015fmalar\u0131yla her g\u00fcn ortalama \u00fcr\u00fcn baz\u0131nda g\u00fcnl\u00fck 100 ton kapasiteye ula\u015fm\u0131\u015f geni\u015f \u00fcr\u00fcn yelpazesiyle t\u00fcketicisinin ihtiya\u00e7lar\u0131n\u0131 kar\u015f\u0131lamay\u0131 ama\u00e7 edinmi\u015f, kulvar\u0131nda yabanc\u0131 ve yerli firmalar aras\u0131nda kimyas sekt\u00f6r\u00fcnde ve pazardaki yerini alm\u0131\u015f, kalite \u00e7izgisinden sapmayan, sanayi alan\u0131na y\u00f6nelik end\u00fcstriyel spesifik \u00fcr\u00fcnler \u00fcretmesi, Tempa Kimya Sanayi\u2019yi \u00e7\u00f6z\u00fcm \u00fcreten, teknik bilgi sunan bir firma durumuna getirmi\u015ftir. Bu durum bizi daha \u00e7ok motive etmekte vizyonumuzu geli\u015ftirmektedir.<\/p>\n<p>Tempa Kimya Sanayi bug\u00fcnde ve gelecekte de hep sizlerin yan\u0131nda olacak, sekt\u00f6r\u00fcne ve \u00fclkesine her zaman hizmet vermeye devam edecektir.<\/p>\n<p><img loading=\"lazy\" class=\"wp-image-18677 aligncenter\" src=\"https:\/\/www.tempakimya.com.tr\/TURKISH\/wp-content\/uploads\/2020\/11\/ISO-18001-2007-scaled.jpg\" alt=\"\" width=\"244\" height=\"345\" \/><img loading=\"lazy\" class=\"aligncenter wp-image-18678\" src=\"https:\/\/www.tempakimya.com.tr\/TURKISH\/wp-content\/uploads\/2020\/11\/TSE-SIVI-SABUN-scaled.jpg\" alt=\"\" width=\"262\" height=\"370\" \/><img loading=\"lazy\" class=\"wp-image-18679 aligncenter\" src=\"https:\/\/www.tempakimya.com.tr\/TURKISH\/wp-content\/uploads\/2020\/11\/TSE-YUZEY-SIVI-TEMIZLEYICI-scaled.jpg\" alt=\"\" width=\"299\" height=\"423\" \/><\/p>\n<p>&nbsp;<\/p>\n<div id='gallery-1' class='gallery galleryid-17962 gallery-columns-2 gallery-size-medium'><figure class='gallery-item'>\n\t\t\t<div class='gallery-icon landscape'>\n\t\t\t\t<a href='https:\/\/www.tempakimya.com.tr\/TURKISH\/sertifikalar\/001_big-3\/'><img width=\"300\" height=\"216\" src=\"https:\/\/www.tempakimya.com.tr\/TURKISH\/wp-content\/uploads\/2020\/09\/001_big-2-300x216.jpg\" class=\"attachment-medium size-medium\" alt=\"Sertifikalar\" loading=\"lazy\" data-responsive-images=\"false\" \/><\/a>\n\t\t\t<\/div><\/figure><figure class='gallery-item'>\n\t\t\t<div class='gallery-icon portrait'>\n\t\t\t\t<a href='https:\/\/www.tempakimya.com.tr\/TURKISH\/sertifikalar\/002_big\/'><img width=\"213\" height=\"300\" src=\"https:\/\/www.tempakimya.com.tr\/TURKISH\/wp-content\/uploads\/2020\/09\/002_big-213x300.jpg\" class=\"attachment-medium size-medium\" alt=\"Sertifikalar\" loading=\"lazy\" data-responsive-images=\"false\" \/><\/a>\n\t\t\t<\/div><\/figure><figure class='gallery-item'>\n\t\t\t<div class='gallery-icon landscape'>\n\t\t\t\t<a href='https:\/\/www.tempakimya.com.tr\/TURKISH\/sertifikalar\/attachment\/001\/'><img width=\"300\" height=\"227\" src=\"https:\/\/www.tempakimya.com.tr\/TURKISH\/wp-content\/uploads\/2020\/09\/001-300x227.jpg\" class=\"attachment-medium size-medium\" alt=\"Sertifikalar\" loading=\"lazy\" data-responsive-images=\"false\" \/><\/a>\n\t\t\t<\/div><\/figure><figure class='gallery-item'>\n\t\t\t<div class='gallery-icon portrait'>\n\t\t\t\t<a href='https:\/\/www.tempakimya.com.tr\/TURKISH\/sertifikalar\/attachment\/002\/'><img width=\"208\" height=\"300\" src=\"https:\/\/www.tempakimya.com.tr\/TURKISH\/wp-content\/uploads\/2020\/09\/002-208x300.jpg\" class=\"attachment-medium size-medium\" alt=\"Sertifikalar\" loading=\"lazy\" data-responsive-images=\"false\" \/><\/a>\n\t\t\t<\/div><\/figure><figure class='gallery-item'>\n\t\t\t<div class='gallery-icon portrait'>\n\t\t\t\t<a href='https:\/\/www.tempakimya.com.tr\/TURKISH\/sertifikalar\/attachment\/003\/'><img width=\"211\" height=\"300\" src=\"https:\/\/www.tempakimya.com.tr\/TURKISH\/wp-content\/uploads\/2020\/09\/003-211x300.jpg\" class=\"attachment-medium size-medium\" alt=\"Sertifikalar\" loading=\"lazy\" data-responsive-images=\"false\" \/><\/a>\n\t\t\t<\/div><\/figure><figure class='gallery-item'>\n\t\t\t<div class='gallery-icon portrait'>\n\t\t\t\t<a href='https:\/\/www.tempakimya.com.tr\/TURKISH\/sertifikalar\/attachment\/004\/'><img width=\"213\" height=\"300\" src=\"https:\/\/www.tempakimya.com.tr\/TURKISH\/wp-content\/uploads\/2020\/09\/004-213x300.jpg\" class=\"attachment-medium size-medium\" alt=\"Sertifikalar\" loading=\"lazy\" data-responsive-images=\"false\" \/><\/a>\n\t\t\t<\/div><\/figure><figure class='gallery-item'>\n\t\t\t<div class='gallery-icon portrait'>\n\t\t\t\t<a href='https:\/\/www.tempakimya.com.tr\/TURKISH\/sertifikalar\/attachment\/005\/'><img width=\"213\" height=\"300\" src=\"https:\/\/www.tempakimya.com.tr\/TURKISH\/wp-content\/uploads\/2020\/09\/005-213x300.jpg\" class=\"attachment-medium size-medium\" alt=\"Sertifikalar\" loading=\"lazy\" data-responsive-images=\"false\" \/><\/a>\n\t\t\t<\/div><\/figure><figure class='gallery-item'>\n\t\t\t<div class='gallery-icon portrait'>\n\t\t\t\t<a href='https:\/\/www.tempakimya.com.tr\/TURKISH\/sertifikalar\/attachment\/006\/'><img width=\"214\" height=\"300\" src=\"https:\/\/www.tempakimya.com.tr\/TURKISH\/wp-content\/uploads\/2020\/09\/006-214x300.jpg\" class=\"attachment-medium size-medium\" alt=\"Sertifikalar\" loading=\"lazy\" data-responsive-images=\"false\" \/><\/a>\n\t\t\t<\/div><\/figure><figure class='gallery-item'>\n\t\t\t<div class='gallery-icon portrait'>\n\t\t\t\t<a href='https:\/\/www.tempakimya.com.tr\/TURKISH\/sertifikalar\/attachment\/007\/'><img width=\"213\" height=\"300\" src=\"https:\/\/www.tempakimya.com.tr\/TURKISH\/wp-content\/uploads\/2020\/09\/007-213x300.jpg\" class=\"attachment-medium size-medium\" alt=\"Sertifikalar\" loading=\"lazy\" data-responsive-images=\"false\" \/><\/a>\n\t\t\t<\/div><\/figure><figure class='gallery-item'>\n\t\t\t<div class='gallery-icon portrait'>\n\t\t\t\t<a href='https:\/\/www.tempakimya.com.tr\/TURKISH\/sertifikalar\/attachment\/008\/'><img width=\"213\" height=\"300\" src=\"https:\/\/www.tempakimya.com.tr\/TURKISH\/wp-content\/uploads\/2020\/09\/008-213x300.jpg\" class=\"attachment-medium size-medium\" alt=\"Sertifikalar\" loading=\"lazy\" data-responsive-images=\"false\" \/><\/a>\n\t\t\t<\/div><\/figure><figure class='gallery-item'>\n\t\t\t<div class='gallery-icon landscape'>\n\t\t\t\t<a href='https:\/\/www.tempakimya.com.tr\/TURKISH\/sertifikalar\/attachment\/009\/'><img width=\"300\" height=\"215\" src=\"https:\/\/www.tempakimya.com.tr\/TURKISH\/wp-content\/uploads\/2020\/09\/009-300x215.jpg\" class=\"attachment-medium size-medium\" alt=\"Sertifikalar\" loading=\"lazy\" data-responsive-images=\"false\" \/><\/a>\n\t\t\t<\/div><\/figure><figure class='gallery-item'>\n\t\t\t<div class='gallery-icon portrait'>\n\t\t\t\t<a href='https:\/\/www.tempakimya.com.tr\/TURKISH\/sertifikalar\/attachment\/010\/'><img width=\"213\" height=\"300\" src=\"https:\/\/www.tempakimya.com.tr\/TURKISH\/wp-content\/uploads\/2020\/09\/010-213x300.jpg\" class=\"attachment-medium size-medium\" alt=\"Sertifikalar\" loading=\"lazy\" data-responsive-images=\"false\" \/><\/a>\n\t\t\t<\/div><\/figure>\n\t\t<\/div>\n\n<p>&nbsp;<\/p>\n","protected":false},"excerpt":{"rendered":"<p>\u00dcretim, sat\u0131\u015f, ar-ge departman\u0131ndaki yo\u011fun \u00e7al\u0131\u015fmalar\u0131yla her g\u00fcn ortalama \u00fcr\u00fcn baz\u0131nda g\u00fcnl\u00fck 100 ton kapasiteye ula\u015fm\u0131\u015f geni\u015f \u00fcr\u00fcn yelpazesiyle t\u00fcketicisinin ihtiya\u00e7lar\u0131n\u0131 kar\u015f\u0131lamay\u0131 ama\u00e7 edinmi\u015f, kulvar\u0131nda yabanc\u0131 ve yerli firmalar aras\u0131nda kimyas sekt\u00f6r\u00fcnde ve pazardaki yerini alm\u0131\u015f, kalite \u00e7izgisinden sapmayan, sanayi alan\u0131na y\u00f6nelik end\u00fcstriyel spesifik \u00fcr\u00fcnler \u00fcretmesi, Tempa Kimya Sanayi\u2019yi \u00e7\u00f6z\u00fcm \u00fcreten, teknik bilgi sunan bir [&hellip;]<\/p>\n","protected":false},"author":2,"featured_media":0,"parent":0,"menu_order":0,"comment_status":"closed","ping_status":"closed","template":"","meta":[],"_links":{"self":[{"href":"https:\/\/www.tempakimya.com.tr\/TURKISH\/wp-json\/wp\/v2\/pages\/17962"}],"collection":[{"href":"https:\/\/www.tempakimya.com.tr\/TURKISH\/wp-json\/wp\/v2\/pages"}],"about":[{"href":"https:\/\/www.tempakimya.com.tr\/TURKISH\/wp-json\/wp\/v2\/types\/page"}],"author":[{"embeddable":true,"href":"https:\/\/www.tempakimya.com.tr\/TURKISH\/wp-json\/wp\/v2\/users\/2"}],"replies":[{"embeddable":true,"href":"https:\/\/www.tempakimya.com.tr\/TURKISH\/wp-json\/wp\/v2\/comments?post=17962"}],"version-history":[{"count":6,"href":"https:\/\/www.tempakimya.com.tr\/TURKISH\/wp-json\/wp\/v2\/pages\/17962\/revisions"}],"predecessor-version":[{"id":18680,"href":"https:\/\/www.tempakimya.com.tr\/TURKISH\/wp-json\/wp\/v2\/pages\/17962\/revisions\/18680"}],"wp:attachment":[{"href":"https:\/\/www.tempakimya.com.tr\/TURKISH\/wp-json\/wp\/v2\/media?parent=17962"}],"curies":[{"name":"wp","href":"https:\/\/api.w.org\/{rel}","templated":true}]}}