{"id":17956,"date":"2020-09-19T09:27:12","date_gmt":"2020-09-19T06:27:12","guid":{"rendered":"https:\/\/tempakimya.com.tr\/2020\/?page_id=17956"},"modified":"2020-11-02T17:30:53","modified_gmt":"2020-11-02T14:30:53","slug":"biz-kimiz","status":"publish","type":"page","link":"https:\/\/www.tempakimya.com.tr\/TURKISH\/biz-kimiz\/","title":{"rendered":"Biz Kimiz"},"content":{"rendered":"<div align=\"justify\">\n<p><strong>Tempa Kimya ve G\u0131da San. Ltd. \u015eti.<\/strong><\/p>\n<p>\u0130lk faaliyetine 1996 y\u0131l\u0131nda ba\u015flam\u0131\u015f Kimya sekt\u00f6r\u00fcnde \u00e7al\u0131\u015fmalar\u0131 halen aktif ve yo\u011fun olarak devam etmektedir. Geni\u015f kimyac\u0131 kadrosu ve ar \u2013 ge \u00e7al\u0131\u015fmalar\u0131yla evsel temizlik \u00fcr\u00fcnleri, end\u00fcstriyel bak\u0131m ve koruma \u00fcr\u00fcnleri, kozmetik \u00fcr\u00fcnleri \u00fczerine yo\u011fun bir \u015fekilde \u00fcretim yapmakta ve \u00fcr\u00fcn geli\u015ftirmektedir.<\/p>\n<p>Misyonumuz t\u00fcketiciye ekonomik, g\u00fcvenilir \u00fcr\u00fcnler sunmak, sorunlar\u0131n\u0131 \u00e7\u00f6zmek, m\u00fc\u015fteri memnuniyetini ve g\u00fcvenini sarsmamak her zaman sizlerin yan\u0131nda olmakt\u0131r.<br \/>\n\u00dcretimini yapm\u0131\u015f oldu\u011fumuz \u00fcr\u00fcnlerin \u00e7evreye zarara vermeyen, toksit maddeler i\u00e7ermeyen, standartlara uygun olarak \u00fcretilmesi\u00a0<strong>Tempa Kimya ve Sanayi<\/strong>\u2018nin \u00f6d\u00fcn vermedi\u011fi prensip ve ilkeleri aras\u0131ndad\u0131r.<\/p>\n<p>\u00dcretim, sat\u0131\u015f, ar-ge departman\u0131ndaki yo\u011fun \u00e7al\u0131\u015fmalar\u0131yla her g\u00fcn ortalama \u00fcr\u00fcn baz\u0131nda g\u00fcnl\u00fck 15 ton kapasiteye ula\u015fm\u0131\u015f geni\u015f \u00fcr\u00fcn yelpazesiyle t\u00fcketicisinin ihtiya\u00e7lar\u0131n\u0131 kar\u015f\u0131lamay\u0131 ama\u00e7 edinmi\u015f, kulvar\u0131nda yabanc\u0131 ve yerli firmalar aras\u0131nda kimya sekt\u00f6r\u00fcnde ve pazardaki yerini alm\u0131\u015f, kalite \u00e7izgisinden sapmayan, sanayi alan\u0131na y\u00f6nelik end\u00fcstriyel spesifik \u00fcr\u00fcnler \u00fcretmesi,\u00a0<strong>Tempa Kimya Sanayiyi<\/strong>\u00a0\u00e7\u00f6z\u00fcm \u00fcreten, teknik bilgi sunan bir firma durumuna getirmi\u015ftir. Bu durum bizi daha \u00e7ok motive etmekte vizyonumuzu geli\u015ftirmektedir.<\/p>\n<p>Tempa Kimya Sanayi bug\u00fcnde ve gelecekte de hep sizlerin yan\u0131nda olacak sekt\u00f6r\u00fcne ve \u00fclkesine her zaman hizmet vermeye devam edecektir.<\/p>\n<p>&nbsp;<\/p>\n<\/div>\n<p><strong>Kalite Politikam\u0131z<\/strong><\/p>\n<p>\u0130lk faaliyetine 1996 y\u0131l\u0131nda ba\u015flam\u0131\u015f, kimya sekt\u00f6r\u00fcnde \u00e7al\u0131\u015fmalar\u0131 halen aktif ve yo\u011fun olarak devam etmektedir. Geni\u015f kimyac\u0131 kadrosu ve ar-ge \u00e7al\u0131\u015fmalar\u0131yla evsel temizlik \u00fcr\u00fcnleri, end\u00fcstriyel bak\u0131m ve koruma \u00fcr\u00fcnleri, kozmatik \u00fcr\u00fcnleri \u00fczerine yo\u011fun bir \u015fekilde \u00fcretim\u00a0 yapmakta ve \u00fcr\u00fcn geli\u015ftirmektedir.<\/p>\n<p>18 y\u0131ld\u0131r faaliyet g\u00f6steren Tempa Kimya ve G\u0131da San. Tic.Ltd.\u015eti m\u00fc\u015fteri memnuniyetini \u00f6n planda tutarak, siz m\u00fc\u015fterilerimize \u00e7\u00f6z\u00fcm odakl\u0131 malzeme \u00fcretmeyi ama\u00e7 edinmi\u015ftir. Faaliyet alanlar\u0131m\u0131z\u0131n i\u00e7inde okullar, hastaneler, fabrikalar, kurum ve kurulu\u015flar vb. Bulunmaktad\u0131r. Her ihtiyaca \u00e7\u00f6z\u00fcm olacak Evsel Tip End\u00fcstriyel Malzemeler ve Sanayi Tip Teknik Malzemeler konusunda \u00fcretim sunmaktad\u0131r.<\/p>\n<p>Misyonumuz t\u00fcketiciye ekonomik ve g\u00fcvenilir \u00fcr\u00fcnler sunmak, sorunlar\u0131n\u0131 \u00e7\u00f6zmek, m\u00fc\u015fterinin memnuniyetini ve g\u00fcvenini sarsmamak ve her zaman yanlar\u0131nda olmakt\u0131r.<\/p>\n<p>\u00dcretimini yapm\u0131\u015f oldu\u011fumuz \u00fcr\u00fcnlerin \u00e7evreye zarar vermemesi, toksit maddeler i\u00e7ermemesi, ve genel standartlara uygun olarak \u00fcretilmesi, Tempa Kimya ve Sanayi\u2019nin \u00f6d\u00fcn vermedi\u011fi prensip ve ilkeleri aras\u0131ndad\u0131r.<\/p>\n<p><strong>ENTEGRE POL\u0130T\u0130KA<\/strong><\/p>\n<p><span style=\"color: #3366ff;\">TEMPA K\u0130MYA<\/span> y\u00f6netimi \u00e7al\u0131\u015fanlar\u0131 ile birlikte, \u00fclkemizin deterjan ve temizlik \u00fcr\u00fcnleri \u00fcretimi ve sat\u0131\u015f\u0131 sekt\u00f6r\u00fcnde lider olmay\u0131 ama\u00e7lamaktad\u0131r. Bu kapsamda;<\/p>\n<ul>\n<li>\u00dcretimin t\u00fcm a\u015famalar\u0131nda bilgi ve insan g\u00fcc\u00fcn\u00fcn, e\u011fitim, verimli \u00e7al\u0131\u015fma ve rekabet a\u00e7\u0131s\u0131ndan daima en \u00fcst d\u00fczeyde olmas\u0131n\u0131 sa\u011flamay\u0131,<\/li>\n<li>\u015eirket entegre y\u00f6netim sistemi hedeflerinin olu\u015fturulmas\u0131n\u0131, uygunlu\u011funu ve s\u00fcreklili\u011fini g\u00fcvence alt\u0131na almay\u0131,<\/li>\n<li>Kalite Y\u00f6netimi, \u00c7evre G\u00fcvenli\u011fi, \u0130\u015f Sa\u011fl\u0131\u011f\u0131 ve G\u00fcvenli\u011fi (\u0130SG) ve di\u011fer ba\u011fl\u0131 bulunulan yasal gerekliliklere ve m\u00fc\u015fteri isteklerine\/\u015fartlar\u0131na uyarak \u00e7al\u0131\u015fmay\u0131,<\/li>\n<li>S\u0131f\u0131r i\u015f kazas\u0131 ve s\u0131f\u0131r meslek hastal\u0131\u011f\u0131 hedefini benimseyerek, gerekli \u00f6nlemleri almak suretiyle \u00e7al\u0131\u015fanlar\u0131 korumay\u0131 ve verimlili\u011fi artt\u0131rmay\u0131,<\/li>\n<li>Faaliyetlerimizde m\u00fc\u015fteri \u015fartlar\u0131n\u0131n bilincinde olarak, kanunlarla belirlenmi\u015f \u00e7evre ve i\u015f g\u00fcvenli\u011fi kurallar\u0131na uygun bir \u015fekilde performans sergilemeyi,<\/li>\n<li>Kirlili\u011fi olu\u015fmadan \u00f6nlemek, geri d\u00f6n\u00fc\u015f\u00fcm uygulamalar\u0131n\u0131 dikkate alarak, \u00e7evreye zararl\u0131 olan etkenleri azaltmay\u0131,<\/li>\n<li>\u0130\u015fyeri ve eklentilerinde i\u015f kazas\u0131 ve meslek hastal\u0131\u011f\u0131 do\u011furabilecek emniyetsiz durum ve hareketleri, olas\u0131 kaza risklerini, etkin bir risk de\u011ferlendirmesi yaparak \u00f6nceden tespit etmeyi, ortadan kald\u0131rmay\u0131, gerekli \u00f6nlemleri almay\u0131 ve bu riskleri t\u00fcm \u00e7al\u0131\u015fanlara duyurmay\u0131,<\/li>\n<li>Kurulu\u015fumuz, sekt\u00f6r \u00f6nc\u00fcs\u00fc rol\u00fcne uygun olarak m\u00fc\u015fterilerimize kaliteli ve g\u00fcvenli \u00fcr\u00fcn sunmay\u0131,<\/li>\n<li>\u00c7al\u0131\u015fanlar\u0131m\u0131za, belirlenmi\u015f \u00e7al\u0131\u015fma kurallar\u0131 dahilinde, emniyetli \u00e7al\u0131\u015fma ortam\u0131 ve e\u011fitim olanaklar\u0131 yaratmay\u0131,<\/li>\n<li>Do\u011fal kaynaklar\u0131n bilin\u00e7li kullan\u0131m\u0131n\u0131 sa\u011flayarak, tasarruf etmeyi,<\/li>\n<li>T\u00fcm y\u00f6netim sistemlerinin ilgili kurallar\u0131 \u00e7er\u00e7evesinde uygulanmas\u0131n\u0131, s\u00fcrekli geli\u015ftirilip iyile\u015ftirilmesini, g\u00f6zden ge\u00e7irilmesini ve etkin k\u0131l\u0131nmas\u0131n\u0131,<\/li>\n<li>Bu politikam\u0131z\u0131 \u00e7al\u0131\u015fanlar\u0131m\u0131za, payda\u015flara, halka, resmi kurumlara, tedarik\u00e7ilere ve m\u00fc\u015fterilerimize duyurmay\u0131 <strong>TAAHH\u00dcT EDER\u0130Z.<\/strong><\/li>\n<\/ul>\n","protected":false},"excerpt":{"rendered":"<p>Tempa Kimya ve G\u0131da San. Ltd. \u015eti. \u0130lk faaliyetine 1996 y\u0131l\u0131nda ba\u015flam\u0131\u015f Kimya sekt\u00f6r\u00fcnde \u00e7al\u0131\u015fmalar\u0131 halen aktif ve yo\u011fun olarak devam etmektedir. Geni\u015f kimyac\u0131 kadrosu ve ar \u2013 ge \u00e7al\u0131\u015fmalar\u0131yla evsel temizlik \u00fcr\u00fcnleri, end\u00fcstriyel bak\u0131m ve koruma \u00fcr\u00fcnleri, kozmetik \u00fcr\u00fcnleri \u00fczerine yo\u011fun bir \u015fekilde \u00fcretim yapmakta ve \u00fcr\u00fcn geli\u015ftirmektedir. Misyonumuz t\u00fcketiciye ekonomik, g\u00fcvenilir \u00fcr\u00fcnler sunmak, [&hellip;]<\/p>\n","protected":false},"author":2,"featured_media":0,"parent":0,"menu_order":0,"comment_status":"closed","ping_status":"closed","template":"","meta":[],"_links":{"self":[{"href":"https:\/\/www.tempakimya.com.tr\/TURKISH\/wp-json\/wp\/v2\/pages\/17956"}],"collection":[{"href":"https:\/\/www.tempakimya.com.tr\/TURKISH\/wp-json\/wp\/v2\/pages"}],"about":[{"href":"https:\/\/www.tempakimya.com.tr\/TURKISH\/wp-json\/wp\/v2\/types\/page"}],"author":[{"embeddable":true,"href":"https:\/\/www.tempakimya.com.tr\/TURKISH\/wp-json\/wp\/v2\/users\/2"}],"replies":[{"embeddable":true,"href":"https:\/\/www.tempakimya.com.tr\/TURKISH\/wp-json\/wp\/v2\/comments?post=17956"}],"version-history":[{"count":8,"href":"https:\/\/www.tempakimya.com.tr\/TURKISH\/wp-json\/wp\/v2\/pages\/17956\/revisions"}],"predecessor-version":[{"id":18608,"href":"https:\/\/www.tempakimya.com.tr\/TURKISH\/wp-json\/wp\/v2\/pages\/17956\/revisions\/18608"}],"wp:attachment":[{"href":"https:\/\/www.tempakimya.com.tr\/TURKISH\/wp-json\/wp\/v2\/media?parent=17956"}],"curies":[{"name":"wp","href":"https:\/\/api.w.org\/{rel}","templated":true}]}}