{"id":17922,"date":"2020-09-11T16:18:38","date_gmt":"2020-09-11T13:18:38","guid":{"rendered":"https:\/\/tempakimya.com.tr\/2020\/?page_id=17922"},"modified":"2020-10-02T10:31:28","modified_gmt":"2020-10-02T07:31:28","slug":"teknik-grup","status":"publish","type":"page","link":"https:\/\/www.tempakimya.com.tr\/TURKISH\/urunler\/teknik-grup\/","title":{"rendered":"Teknik Grup"},"content":{"rendered":"<div class=\"pt-cv-wrapper\"><div class=\"pt-cv-view pt-cv-grid pt-cv-colsys pt-cv-post-border\" id=\"pt-cv-view-47c8aadjyv\"><div data-id=\"pt-cv-page-1\" class=\"pt-cv-page\" data-cvc=\"2\"><div class=\"col-md-6 col-sm-6 col-xs-12 pt-cv-content-item pt-cv-1-col\"  data-pid=\"18344\"><div class='pt-cv-ifield'><h4 class=\"pt-cv-title\"><a href=\"https:\/\/www.tempakimya.com.tr\/TURKISH\/urunler\/teknik-grup\/maby-tec-e-elektriksel-yag-cozucu\/\" class=\"_self cvplbd\" target=\"_self\" >MABY TEC E ELEKTR\u0130KSEL YA\u011e \u00c7\u00d6Z\u00dcC\u00dc<\/a><\/h4><\/div><\/div>\n<div class=\"col-md-6 col-sm-6 col-xs-12 pt-cv-content-item pt-cv-1-col\"  data-pid=\"18364\"><div class='pt-cv-ifield'><h4 class=\"pt-cv-title\"><a href=\"https:\/\/www.tempakimya.com.tr\/TURKISH\/urunler\/teknik-grup\/maby-tec-s-su-ile-seyreltilen-yag-cozucu\/\" class=\"_self cvplbd\" target=\"_self\" >MABY TEC S SU \u0130LE SEYRELT\u0130LEN YA\u011e \u00c7\u00d6Z\u00dcC\u00dc<\/a><\/h4><\/div><\/div>\n<div class=\"col-md-6 col-sm-6 col-xs-12 pt-cv-content-item pt-cv-1-col\"  data-pid=\"18366\"><div class='pt-cv-ifield'><h4 class=\"pt-cv-title\"><a href=\"https:\/\/www.tempakimya.com.tr\/TURKISH\/urunler\/teknik-grup\/maby-tec-pvc-clean-pvc-ve-plastik-ekipman-tem\/\" class=\"_self cvplbd\" target=\"_self\" >MABY TEC PVC CLEAN PVC VE PLAST\u0130K EK\u0130PMAN TEM.<\/a><\/h4><\/div><\/div>\n<div class=\"col-md-6 col-sm-6 col-xs-12 pt-cv-content-item pt-cv-1-col\"  data-pid=\"18368\"><div class='pt-cv-ifield'><h4 class=\"pt-cv-title\"><a href=\"https:\/\/www.tempakimya.com.tr\/TURKISH\/urunler\/teknik-grup\/maby-tec-s-plus-epoksi-zemin-temizleyici\/\" class=\"_self cvplbd\" target=\"_self\" >MABY TEC S PLUS EPOKS\u0130 ZEM\u0130N TEM\u0130ZLEY\u0130C\u0130<\/a><\/h4><\/div><\/div>\n<div class=\"col-md-6 col-sm-6 col-xs-12 pt-cv-content-item pt-cv-1-col\"  data-pid=\"18370\"><div class='pt-cv-ifield'><h4 class=\"pt-cv-title\"><a href=\"https:\/\/www.tempakimya.com.tr\/TURKISH\/urunler\/teknik-grup\/mby-tec-s-15-su-bazli-korozyon-onleyici\/\" class=\"_self cvplbd\" target=\"_self\" >MBY TEC S 15 SU BAZLI KOROZYON \u00d6NLEY\u0130C\u0130<\/a><\/h4><\/div><\/div>\n<div class=\"col-md-6 col-sm-6 col-xs-12 pt-cv-content-item pt-cv-1-col\"  data-pid=\"18372\"><div class='pt-cv-ifield'><h4 class=\"pt-cv-title\"><a href=\"https:\/\/www.tempakimya.com.tr\/TURKISH\/urunler\/teknik-grup\/maby-tec-p-1-buz-cozucu\/\" class=\"_self cvplbd\" target=\"_self\" >MABY TEC P 1 BUZ \u00c7\u00d6Z\u00dcC\u00dc<\/a><\/h4><\/div><\/div>\n<div class=\"col-md-6 col-sm-6 col-xs-12 pt-cv-content-item pt-cv-1-col\"  data-pid=\"18374\"><div class='pt-cv-ifield'><h4 class=\"pt-cv-title\"><a href=\"https:\/\/www.tempakimya.com.tr\/TURKISH\/urunler\/teknik-grup\/maby-tec-lastik-parlatici\/\" class=\"_self cvplbd\" target=\"_self\" >MABY TEC LAST\u0130K PARLATICI<\/a><\/h4><\/div><\/div>\n<div class=\"col-md-6 col-sm-6 col-xs-12 pt-cv-content-item pt-cv-1-col\"  data-pid=\"18376\"><div class='pt-cv-ifield'><h4 class=\"pt-cv-title\"><a href=\"https:\/\/www.tempakimya.com.tr\/TURKISH\/urunler\/teknik-grup\/maby-tec-fircasiz-oto-yikama\/\" class=\"_self cvplbd\" target=\"_self\" >MABY TEC FIR\u00c7ASIZ OTO YIKAMA<\/a><\/h4><\/div><\/div>\n<div class=\"col-md-6 col-sm-6 col-xs-12 pt-cv-content-item pt-cv-1-col\"  data-pid=\"18378\"><div class='pt-cv-ifield'><h4 class=\"pt-cv-title\"><a href=\"https:\/\/www.tempakimya.com.tr\/TURKISH\/urunler\/teknik-grup\/maby-tec-fren-balata-temizleyici\/\" class=\"_self cvplbd\" target=\"_self\" >MABY TEC FREN BALATA TEM\u0130ZLEY\u0130C\u0130<\/a><\/h4><\/div><\/div>\n<div class=\"col-md-6 col-sm-6 col-xs-12 pt-cv-content-item pt-cv-1-col\"  data-pid=\"18380\"><div class='pt-cv-ifield'><h4 class=\"pt-cv-title\"><a href=\"https:\/\/www.tempakimya.com.tr\/TURKISH\/urunler\/teknik-grup\/maby-tec-agir-kir-yag-kan-sokucu\/\" class=\"_self cvplbd\" target=\"_self\" >MABY TEC A\u011eIR K\u0130R YA\u011e KAN S\u00d6K\u00dcC\u00dc<\/a><\/h4><\/div><\/div>\n<div class=\"col-md-6 col-sm-6 col-xs-12 pt-cv-content-item pt-cv-1-col\"  data-pid=\"18382\"><div class='pt-cv-ifield'><h4 class=\"pt-cv-title\"><a href=\"https:\/\/www.tempakimya.com.tr\/TURKISH\/urunler\/teknik-grup\/maby-tec-torpido-parlatici\/\" class=\"_self cvplbd\" target=\"_self\" >MABY TEC TORP\u0130DO PARLATICI<\/a><\/h4><\/div><\/div>\n<div class=\"col-md-6 col-sm-6 col-xs-12 pt-cv-content-item pt-cv-1-col\"  data-pid=\"18384\"><div class='pt-cv-ifield'><h4 class=\"pt-cv-title\"><a href=\"https:\/\/www.tempakimya.com.tr\/TURKISH\/urunler\/teknik-grup\/maby-tec-304-hafif-pas-sokucu\/\" class=\"_self cvplbd\" target=\"_self\" >MABY TEC 304 HAF\u0130F PAS S\u00d6K\u00dcC\u00dc<\/a><\/h4><\/div><\/div>\n<div class=\"col-md-6 col-sm-6 col-xs-12 pt-cv-content-item pt-cv-1-col\"  data-pid=\"18386\"><div class='pt-cv-ifield'><h4 class=\"pt-cv-title\"><a href=\"https:\/\/www.tempakimya.com.tr\/TURKISH\/urunler\/teknik-grup\/maby-motor-temizleyici\/\" class=\"_self cvplbd\" target=\"_self\" >MABY MOTOR TEM\u0130ZLEY\u0130C\u0130<\/a><\/h4><\/div><\/div>\n<div class=\"col-md-6 col-sm-6 col-xs-12 pt-cv-content-item pt-cv-1-col\"  data-pid=\"18388\"><div class='pt-cv-ifield'><h4 class=\"pt-cv-title\"><a href=\"https:\/\/www.tempakimya.com.tr\/TURKISH\/urunler\/teknik-grup\/maby-yagmur-kaydirici\/\" class=\"_self cvplbd\" target=\"_self\" >MABY YA\u011eMUR KAYDIRICI<\/a><\/h4><\/div><\/div>\n<div class=\"col-md-6 col-sm-6 col-xs-12 pt-cv-content-item pt-cv-1-col\"  data-pid=\"18390\"><div class='pt-cv-ifield'><h4 class=\"pt-cv-title\"><a href=\"https:\/\/www.tempakimya.com.tr\/TURKISH\/urunler\/teknik-grup\/maby-tec-s-21-silikonlu-kalip-ayirici\/\" class=\"_self cvplbd\" target=\"_self\" >MABY TEC S 21 S\u0130L\u0130KONLU KALIP AYIRICI<\/a><\/h4><\/div><\/div>\n<div class=\"col-md-6 col-sm-6 col-xs-12 pt-cv-content-item pt-cv-1-col\"  data-pid=\"18392\"><div class='pt-cv-ifield'><h4 class=\"pt-cv-title\"><a href=\"https:\/\/www.tempakimya.com.tr\/TURKISH\/urunler\/teknik-grup\/maby-tec-boya-curutucu\/\" class=\"_self cvplbd\" target=\"_self\" >MABY TEC BOYA \u00c7\u00dcR\u00dcT\u00dcC\u00dc<\/a><\/h4><\/div><\/div>\n<div class=\"col-md-6 col-sm-6 col-xs-12 pt-cv-content-item pt-cv-1-col\"  data-pid=\"18394\"><div class='pt-cv-ifield'><h4 class=\"pt-cv-title\"><a href=\"https:\/\/www.tempakimya.com.tr\/TURKISH\/urunler\/teknik-grup\/maby-tec-boya-cokturucu\/\" class=\"_self cvplbd\" target=\"_self\" >MABY TEC BOYA \u00c7\u00d6KT\u00dcR\u00dcC\u00dc<\/a><\/h4><\/div><\/div><\/div><\/div><\/div>\t\t\t<style type=\"text\/css\" id=\"pt-cv-inline-style-6a97beapyr\">#pt-cv-view-47c8aadjyv .pt-cv-ifield { padding-top: 15px !important; padding-left: 10px !important; padding-bottom: 10px !important; padding-right: 10px !important; }\n#pt-cv-view-47c8aadjyv.pt-cv-post-border { margin: 0; border-top-width: 1px; border-left-width: 1px }\n#pt-cv-view-47c8aadjyv.pt-cv-post-border { margin: 0; border-top-style: solid; border-left-style: solid }\n#pt-cv-view-47c8aadjyv.pt-cv-post-border { margin: 0; border-top-color: #e5e5e5; border-left-color: #e5e5e5 }\n#pt-cv-view-47c8aadjyv.pt-cv-post-border .pt-cv-content-item   { border-right-width: 1px; border-bottom-width: 1px; border-right-style: solid; border-bottom-style: solid; border-right-color: #e5e5e5; border-bottom-color: #e5e5e5; }\n#pt-cv-view-47c8aadjyv .pt-cv-href-thumbnail  { margin-left: auto !important; margin-right: auto !important; display: block !important; text-align: center !important; clear: both !important; }\n#pt-cv-view-47c8aadjyv .pt-cv-title a, #pt-cv-view-47c8aadjyv  .panel-title { font-family: 'Roboto', Arial, serif !important; font-size: 13px !important; line-height: 1.3 !important; color: #000000 !important; font-weight: 600 !important; display: block !important; text-align: left !important; clear: both !important; }\n#pt-cv-view-47c8aadjyv  .pt-cv-hover-wrapper::before   { background-color: rgba(0,0,0,.3) !important; }\n#pt-cv-view-47c8aadjyv  .pt-cv-content-item:hover .pt-cv-hover-wrapper::before   { background-color: rgba(51,51,51,.6) !important; }\n#pt-cv-view-47c8aadjyv:not(.pt-cv-nohover) .pt-cv-mask *   { color: #fff; }\n#pt-cv-view-47c8aadjyv .pt-cv-carousel-caption  { background-color: rgba(51,51,51,.6) !important; }\n#pt-cv-view-47c8aadjyv .pt-cv-specialp { background-color: #CC3333 !important }\n#pt-cv-view-47c8aadjyv .pt-cv-specialp * { color: #fff !important; }\n#pt-cv-view-47c8aadjyv .pt-cv-pficon  { color: #bbb !important; }\n#pt-cv-view-47c8aadjyv  .add_to_cart_button, #pt-cv-view-47c8aadjyv  .add_to_cart_button *   { color: #ffffff !important; background-color: #00aeef !important; }\n#pt-cv-view-47c8aadjyv  .woocommerce-onsale   { color: #ffffff !important; background-color: #ff5a5f !important; }\n#pt-cv-view-47c8aadjyv .pt-cv-readmore  { color: #ffffff !important; background-color: #00aeef !important; }\n#pt-cv-view-47c8aadjyv .pt-cv-readmore:hover  { color: #ffffff !important; background-color: #00aeef !important; }\n#pt-cv-view-47c8aadjyv  + .pt-cv-pagination-wrapper .pt-cv-more , #pt-cv-view-47c8aadjyv  + .pt-cv-pagination-wrapper .pagination .active a { color: #ffffff !important; background-color: #00aeef !important; }\n[id^='pt-cv-filter-bar-47c8aadjyv'] .active.pt-cv-filter-option, [id^='pt-cv-filter-bar-47c8aadjyv'] .active .pt-cv-filter-option, [id^='pt-cv-filter-bar-47c8aadjyv'] .selected.pt-cv-filter-option, [id^='pt-cv-filter-bar-47c8aadjyv'] .dropdown-toggle   { color: #fff !important; background-color: #00aeef !important; }\n[id^='pt-cv-filter-bar-47c8aadjyv'] .pt-cv-filter-title   { color: #fff !important; background-color: #00aeef !important; }\n#pt-cv-gls-47c8aadjyv li a.pt-active   { color: #fff !important; background-color: #ff5a5f !important; }\n#pt-cv-view-47c8aadjyv .pt-cv-gls-header  { color: #fff !important; background-color: #00aeef !important; }<\/style>\r\n\t\t\t<link href='\/\/fonts.googleapis.com\/css?family=Roboto' rel='stylesheet' type='text\/css'>\n","protected":false},"excerpt":{"rendered":"MABY TEC E ELEKTR\u0130KSEL YA\u011e \u00c7\u00d6Z\u00dcC\u00dc MABY TEC S SU \u0130LE SEYRELT\u0130LEN YA\u011e \u00c7\u00d6Z\u00dcC\u00dc MABY TEC PVC CLEAN PVC VE PLAST\u0130K EK\u0130PMAN TEM. MABY TEC S PLUS EPOKS\u0130 ZEM\u0130N TEM\u0130ZLEY\u0130C\u0130 MBY TEC S 15 SU BAZLI KOROZYON \u00d6NLEY\u0130C\u0130 MABY TEC P 1 BUZ \u00c7\u00d6Z\u00dcC\u00dc MABY TEC LAST\u0130K PARLATICI MABY TEC FIR\u00c7ASIZ OTO YIKAMA MABY TEC [...]","protected":false},"author":2,"featured_media":18055,"parent":17907,"menu_order":0,"comment_status":"closed","ping_status":"closed","template":"","meta":[],"_links":{"self":[{"href":"https:\/\/www.tempakimya.com.tr\/TURKISH\/wp-json\/wp\/v2\/pages\/17922"}],"collection":[{"href":"https:\/\/www.tempakimya.com.tr\/TURKISH\/wp-json\/wp\/v2\/pages"}],"about":[{"href":"https:\/\/www.tempakimya.com.tr\/TURKISH\/wp-json\/wp\/v2\/types\/page"}],"author":[{"embeddable":true,"href":"https:\/\/www.tempakimya.com.tr\/TURKISH\/wp-json\/wp\/v2\/users\/2"}],"replies":[{"embeddable":true,"href":"https:\/\/www.tempakimya.com.tr\/TURKISH\/wp-json\/wp\/v2\/comments?post=17922"}],"version-history":[{"count":2,"href":"https:\/\/www.tempakimya.com.tr\/TURKISH\/wp-json\/wp\/v2\/pages\/17922\/revisions"}],"predecessor-version":[{"id":18123,"href":"https:\/\/www.tempakimya.com.tr\/TURKISH\/wp-json\/wp\/v2\/pages\/17922\/revisions\/18123"}],"up":[{"embeddable":true,"href":"https:\/\/www.tempakimya.com.tr\/TURKISH\/wp-json\/wp\/v2\/pages\/17907"}],"wp:featuredmedia":[{"embeddable":true,"href":"https:\/\/www.tempakimya.com.tr\/TURKISH\/wp-json\/wp\/v2\/media\/18055"}],"wp:attachment":[{"href":"https:\/\/www.tempakimya.com.tr\/TURKISH\/wp-json\/wp\/v2\/media?parent=17922"}],"curies":[{"name":"wp","href":"https:\/\/api.w.org\/{rel}","templated":true}]}}