{"id":17920,"date":"2020-09-11T16:18:22","date_gmt":"2020-09-11T13:18:22","guid":{"rendered":"https:\/\/tempakimya.com.tr\/2020\/?page_id=17920"},"modified":"2020-10-02T10:31:44","modified_gmt":"2020-10-02T07:31:44","slug":"yaglayici-ve-yaglama-grubu","status":"publish","type":"page","link":"https:\/\/www.tempakimya.com.tr\/TURKISH\/urunler\/yaglayici-ve-yaglama-grubu\/","title":{"rendered":"Ya\u011flay\u0131c\u0131 ve Ya\u011flama Grubu"},"content":{"rendered":"<div class=\"pt-cv-wrapper\"><div class=\"pt-cv-view pt-cv-grid pt-cv-colsys pt-cv-post-border\" id=\"pt-cv-view-114c7bdajh\"><div data-id=\"pt-cv-page-1\" class=\"pt-cv-page\" data-cvc=\"2\"><div class=\"col-md-6 col-sm-6 col-xs-12 pt-cv-content-item pt-cv-1-col\"  data-pid=\"18320\"><div class='pt-cv-ifield'><h4 class=\"pt-cv-title\"><a href=\"https:\/\/www.tempakimya.com.tr\/TURKISH\/urunler\/yaglayici-ve-yaglama-grubu\/maby-tec-s-4-ucucu-yaglayici\/\" class=\"_self cvplbd\" target=\"_self\" >MABY TEC S 4 U\u00c7UCU YA\u011eLAYICI<\/a><\/h4><\/div><\/div>\n<div class=\"col-md-6 col-sm-6 col-xs-12 pt-cv-content-item pt-cv-1-col\"  data-pid=\"18322\"><div class='pt-cv-ifield'><h4 class=\"pt-cv-title\"><a href=\"https:\/\/www.tempakimya.com.tr\/TURKISH\/urunler\/yaglayici-ve-yaglama-grubu\/maby-tec-s-17-koruyucu-yag\/\" class=\"_self cvplbd\" target=\"_self\" >MABY TEC S 17 KORUYUCU YA\u011e<\/a><\/h4><\/div><\/div>\n<div class=\"col-md-6 col-sm-6 col-xs-12 pt-cv-content-item pt-cv-1-col\"  data-pid=\"18324\"><div class='pt-cv-ifield'><h4 class=\"pt-cv-title\"><a href=\"https:\/\/www.tempakimya.com.tr\/TURKISH\/urunler\/yaglayici-ve-yaglama-grubu\/maby-tec-greasy-hafif-pas-sokucu-ve-yaglayici\/\" class=\"_self cvplbd\" target=\"_self\" >MABY TEC GREASY HAF\u0130F PAS S\u00d6K\u00dcC\u00dc VE YA\u011eLAYICI<\/a><\/h4><\/div><\/div>\n<div class=\"col-md-6 col-sm-6 col-xs-12 pt-cv-content-item pt-cv-1-col\"  data-pid=\"18326\"><div class='pt-cv-ifield'><h4 class=\"pt-cv-title\"><a href=\"https:\/\/www.tempakimya.com.tr\/TURKISH\/urunler\/yaglayici-ve-yaglama-grubu\/maby-tec-t-61-bor-yagi\/\" class=\"_self cvplbd\" target=\"_self\" >MABY TEC T 61 BOR YA\u011eI<\/a><\/h4><\/div><\/div>\n<div class=\"col-md-6 col-sm-6 col-xs-12 pt-cv-content-item pt-cv-1-col\"  data-pid=\"18328\"><div class='pt-cv-ifield'><h4 class=\"pt-cv-title\"><a href=\"https:\/\/www.tempakimya.com.tr\/TURKISH\/urunler\/yaglayici-ve-yaglama-grubu\/maby-tec-t-7-kalip-yagi\/\" class=\"_self cvplbd\" target=\"_self\" >MABY TEC T 7 KALIP YA\u011eI<\/a><\/h4><\/div><\/div>\n<div class=\"col-md-6 col-sm-6 col-xs-12 pt-cv-content-item pt-cv-1-col\"  data-pid=\"18330\"><div class='pt-cv-ifield'><h4 class=\"pt-cv-title\"><a href=\"https:\/\/www.tempakimya.com.tr\/TURKISH\/urunler\/yaglayici-ve-yaglama-grubu\/maby-tec-s-24-yagli-kalip-ayirici\/\" class=\"_self cvplbd\" target=\"_self\" >MABY TEC S 24 YA\u011eLI KALIP AYIRICI<\/a><\/h4><\/div><\/div>\n<div class=\"col-md-6 col-sm-6 col-xs-12 pt-cv-content-item pt-cv-1-col\"  data-pid=\"18332\"><div class='pt-cv-ifield'><h4 class=\"pt-cv-title\"><a href=\"https:\/\/www.tempakimya.com.tr\/TURKISH\/urunler\/yaglayici-ve-yaglama-grubu\/maby-tec-s-29-kaucuk-temizleme-ve-bakim-mad\/\" class=\"_self cvplbd\" target=\"_self\" >MABY TEC S 29 KAU\u00c7UK TEM\u0130ZLEME VE BAKIM MAD.<\/a><\/h4><\/div><\/div>\n<div class=\"col-md-6 col-sm-6 col-xs-12 pt-cv-content-item pt-cv-1-col\"  data-pid=\"18334\"><div class='pt-cv-ifield'><h4 class=\"pt-cv-title\"><a href=\"https:\/\/www.tempakimya.com.tr\/TURKISH\/urunler\/yaglayici-ve-yaglama-grubu\/maby-tec-steel-celan-2-celik-trabzan-tem-ve-par\/\" class=\"_self cvplbd\" target=\"_self\" >MABY TEC STEEL CELAN 2 \u00c7EL\u0130K TRABZAN TEM. VE PAR.<\/a><\/h4><\/div><\/div><\/div><\/div><\/div>\t\t\t<style type=\"text\/css\" id=\"pt-cv-inline-style-4d1287c6rj\">#pt-cv-view-114c7bdajh .pt-cv-ifield { padding-top: 15px !important; padding-left: 10px !important; padding-bottom: 10px !important; padding-right: 10px !important; }\n#pt-cv-view-114c7bdajh.pt-cv-post-border { margin: 0; border-top-width: 1px; border-left-width: 1px }\n#pt-cv-view-114c7bdajh.pt-cv-post-border { margin: 0; border-top-style: solid; border-left-style: solid }\n#pt-cv-view-114c7bdajh.pt-cv-post-border { margin: 0; border-top-color: #e5e5e5; border-left-color: #e5e5e5 }\n#pt-cv-view-114c7bdajh.pt-cv-post-border .pt-cv-content-item   { border-right-width: 1px; border-bottom-width: 1px; border-right-style: solid; border-bottom-style: solid; border-right-color: #e5e5e5; border-bottom-color: #e5e5e5; }\n#pt-cv-view-114c7bdajh .pt-cv-href-thumbnail  { margin-left: auto !important; margin-right: auto !important; display: block !important; text-align: center !important; clear: both !important; }\n#pt-cv-view-114c7bdajh .pt-cv-title a, #pt-cv-view-114c7bdajh  .panel-title { font-family: 'Roboto', Arial, serif !important; font-size: 13px !important; line-height: 1.3 !important; color: #000000 !important; font-weight: 600 !important; display: block !important; text-align: left !important; clear: both !important; }\n#pt-cv-view-114c7bdajh  .pt-cv-hover-wrapper::before   { background-color: rgba(0,0,0,.3) !important; }\n#pt-cv-view-114c7bdajh  .pt-cv-content-item:hover .pt-cv-hover-wrapper::before   { background-color: rgba(51,51,51,.6) !important; }\n#pt-cv-view-114c7bdajh:not(.pt-cv-nohover) .pt-cv-mask *   { color: #fff; }\n#pt-cv-view-114c7bdajh .pt-cv-carousel-caption  { background-color: rgba(51,51,51,.6) !important; }\n#pt-cv-view-114c7bdajh .pt-cv-specialp { background-color: #CC3333 !important }\n#pt-cv-view-114c7bdajh .pt-cv-specialp * { color: #fff !important; }\n#pt-cv-view-114c7bdajh .pt-cv-pficon  { color: #bbb !important; }\n#pt-cv-view-114c7bdajh  .add_to_cart_button, #pt-cv-view-114c7bdajh  .add_to_cart_button *   { color: #ffffff !important; background-color: #00aeef !important; }\n#pt-cv-view-114c7bdajh  .woocommerce-onsale   { color: #ffffff !important; background-color: #ff5a5f !important; }\n#pt-cv-view-114c7bdajh .pt-cv-readmore  { color: #ffffff !important; background-color: #00aeef !important; }\n#pt-cv-view-114c7bdajh .pt-cv-readmore:hover  { color: #ffffff !important; background-color: #00aeef !important; }\n#pt-cv-view-114c7bdajh  + .pt-cv-pagination-wrapper .pt-cv-more , #pt-cv-view-114c7bdajh  + .pt-cv-pagination-wrapper .pagination .active a { color: #ffffff !important; background-color: #00aeef !important; }\n[id^='pt-cv-filter-bar-114c7bdajh'] .active.pt-cv-filter-option, [id^='pt-cv-filter-bar-114c7bdajh'] .active .pt-cv-filter-option, [id^='pt-cv-filter-bar-114c7bdajh'] .selected.pt-cv-filter-option, [id^='pt-cv-filter-bar-114c7bdajh'] .dropdown-toggle   { color: #fff !important; background-color: #00aeef !important; }\n[id^='pt-cv-filter-bar-114c7bdajh'] .pt-cv-filter-title   { color: #fff !important; background-color: #00aeef !important; }\n#pt-cv-gls-114c7bdajh li a.pt-active   { color: #fff !important; background-color: #ff5a5f !important; }\n#pt-cv-view-114c7bdajh .pt-cv-gls-header  { color: #fff !important; background-color: #00aeef !important; }<\/style>\r\n\t\t\t<link href='\/\/fonts.googleapis.com\/css?family=Roboto' rel='stylesheet' type='text\/css'>\n","protected":false},"excerpt":{"rendered":"MABY TEC S 4 U\u00c7UCU YA\u011eLAYICI MABY TEC S 17 KORUYUCU YA\u011e MABY TEC GREASY HAF\u0130F PAS S\u00d6K\u00dcC\u00dc VE YA\u011eLAYICI MABY TEC T 61 BOR YA\u011eI MABY TEC T 7 KALIP YA\u011eI MABY TEC S 24 YA\u011eLI KALIP AYIRICI MABY TEC S 29 KAU\u00c7UK TEM\u0130ZLEME VE BAKIM MAD. MABY TEC STEEL CELAN 2 \u00c7EL\u0130K TRABZAN [...]","protected":false},"author":2,"featured_media":18054,"parent":17907,"menu_order":0,"comment_status":"closed","ping_status":"closed","template":"","meta":[],"_links":{"self":[{"href":"https:\/\/www.tempakimya.com.tr\/TURKISH\/wp-json\/wp\/v2\/pages\/17920"}],"collection":[{"href":"https:\/\/www.tempakimya.com.tr\/TURKISH\/wp-json\/wp\/v2\/pages"}],"about":[{"href":"https:\/\/www.tempakimya.com.tr\/TURKISH\/wp-json\/wp\/v2\/types\/page"}],"author":[{"embeddable":true,"href":"https:\/\/www.tempakimya.com.tr\/TURKISH\/wp-json\/wp\/v2\/users\/2"}],"replies":[{"embeddable":true,"href":"https:\/\/www.tempakimya.com.tr\/TURKISH\/wp-json\/wp\/v2\/comments?post=17920"}],"version-history":[{"count":2,"href":"https:\/\/www.tempakimya.com.tr\/TURKISH\/wp-json\/wp\/v2\/pages\/17920\/revisions"}],"predecessor-version":[{"id":18121,"href":"https:\/\/www.tempakimya.com.tr\/TURKISH\/wp-json\/wp\/v2\/pages\/17920\/revisions\/18121"}],"up":[{"embeddable":true,"href":"https:\/\/www.tempakimya.com.tr\/TURKISH\/wp-json\/wp\/v2\/pages\/17907"}],"wp:featuredmedia":[{"embeddable":true,"href":"https:\/\/www.tempakimya.com.tr\/TURKISH\/wp-json\/wp\/v2\/media\/18054"}],"wp:attachment":[{"href":"https:\/\/www.tempakimya.com.tr\/TURKISH\/wp-json\/wp\/v2\/media?parent=17920"}],"curies":[{"name":"wp","href":"https:\/\/api.w.org\/{rel}","templated":true}]}}