{"id":17918,"date":"2020-09-11T16:18:00","date_gmt":"2020-09-11T13:18:00","guid":{"rendered":"https:\/\/tempakimya.com.tr\/2020\/?page_id=17918"},"modified":"2020-10-02T10:31:11","modified_gmt":"2020-10-02T07:31:11","slug":"mobilya-temizleme-grubu","status":"publish","type":"page","link":"https:\/\/www.tempakimya.com.tr\/TURKISH\/urunler\/mobilya-temizleme-grubu\/","title":{"rendered":"Mobilya Temizleme Grubu"},"content":{"rendered":"<div class=\"pt-cv-wrapper\"><div class=\"pt-cv-view pt-cv-grid pt-cv-colsys pt-cv-post-border\" id=\"pt-cv-view-8dbedebzgo\"><div data-id=\"pt-cv-page-1\" class=\"pt-cv-page\" data-cvc=\"2\"><div class=\"col-md-6 col-sm-6 col-xs-12 pt-cv-content-item pt-cv-1-col\"  data-pid=\"18289\"><div class='pt-cv-ifield'><h4 class=\"pt-cv-title\"><a href=\"https:\/\/www.tempakimya.com.tr\/TURKISH\/urunler\/mobilya-temizleme-grubu\/maby-tec-fb-4-plastik-kaplama-temizleyici\/\" class=\"_self cvplbd\" target=\"_self\" >MABY TEC FB 4 PLAST\u0130K KAPLAMA TEM\u0130ZLEY\u0130C\u0130<\/a><\/h4><\/div><\/div>\n<div class=\"col-md-6 col-sm-6 col-xs-12 pt-cv-content-item pt-cv-1-col\"  data-pid=\"18291\"><div class='pt-cv-ifield'><h4 class=\"pt-cv-title\"><a href=\"https:\/\/www.tempakimya.com.tr\/TURKISH\/urunler\/mobilya-temizleme-grubu\/maby-tec-s-5-kenar-bantlama-mak-giris-sinavi\/\" class=\"_self cvplbd\" target=\"_self\" >MABY TEC S 5 KENAR BANTLAMA MAK. G\u0130R\u0130\u015e SINAVI<\/a><\/h4><\/div><\/div>\n<div class=\"col-md-6 col-sm-6 col-xs-12 pt-cv-content-item pt-cv-1-col\"  data-pid=\"18293\"><div class='pt-cv-ifield'><h4 class=\"pt-cv-title\"><a href=\"https:\/\/www.tempakimya.com.tr\/TURKISH\/urunler\/mobilya-temizleme-grubu\/maby-tec-s-6-kenar-bantlama-mak-cikis-sivisi\/\" class=\"_self cvplbd\" target=\"_self\" >MABY TEC S 6 KENAR BANTLAMA MAK. \u00c7IKI\u015e SIVISI<\/a><\/h4><\/div><\/div>\n<div class=\"col-md-6 col-sm-6 col-xs-12 pt-cv-content-item pt-cv-1-col\"  data-pid=\"18295\"><div class='pt-cv-ifield'><h4 class=\"pt-cv-title\"><a href=\"https:\/\/www.tempakimya.com.tr\/TURKISH\/urunler\/mobilya-temizleme-grubu\/maby-tec-s-7-c-manuel-ahsap-silim-yuvasi-tutkal-tem\/\" class=\"_self cvplbd\" target=\"_self\" >MABY TEC S 7 \u00c7 MANUEL AH\u015eAP S\u0130L\u0130M YUVASI (TUTKAL TEM.)<\/a><\/h4><\/div><\/div>\n<div class=\"col-md-6 col-sm-6 col-xs-12 pt-cv-content-item pt-cv-1-col\"  data-pid=\"18297\"><div class='pt-cv-ifield'><h4 class=\"pt-cv-title\"><a href=\"https:\/\/www.tempakimya.com.tr\/TURKISH\/urunler\/mobilya-temizleme-grubu\/maby-tec-s-9-doseme-koltuk-temizleyici-leke-sokucu\/\" class=\"_self cvplbd\" target=\"_self\" >MABY TEC S 9 D\u00d6\u015eEME KOLTUK TEM\u0130ZLEY\u0130C\u0130 (LEKE S\u00d6K\u00dcC\u00dc)<\/a><\/h4><\/div><\/div>\n<div class=\"col-md-6 col-sm-6 col-xs-12 pt-cv-content-item pt-cv-1-col\"  data-pid=\"18299\"><div class='pt-cv-ifield'><h4 class=\"pt-cv-title\"><a href=\"https:\/\/www.tempakimya.com.tr\/TURKISH\/urunler\/mobilya-temizleme-grubu\/maby-tec-t-3-gumus-kalem-temizleyici\/\" class=\"_self cvplbd\" target=\"_self\" >MABY TEC T 3 G\u00dcM\u00dc\u015e KALEM TEM\u0130ZLEY\u0130C\u0130<\/a><\/h4><\/div><\/div>\n<div class=\"col-md-6 col-sm-6 col-xs-12 pt-cv-content-item pt-cv-1-col\"  data-pid=\"18301\"><div class='pt-cv-ifield'><h4 class=\"pt-cv-title\"><a href=\"https:\/\/www.tempakimya.com.tr\/TURKISH\/urunler\/mobilya-temizleme-grubu\/maby-tec-t-3-tukenmez-kalem-temizleyici\/\" class=\"_self cvplbd\" target=\"_self\" >MABY TEC T 3 T\u00dcKENMEZ KALEM TEM\u0130ZLEY\u0130C\u0130<\/a><\/h4><\/div><\/div>\n<div class=\"col-md-6 col-sm-6 col-xs-12 pt-cv-content-item pt-cv-1-col\"  data-pid=\"18303\"><div class='pt-cv-ifield'><h4 class=\"pt-cv-title\"><a href=\"https:\/\/www.tempakimya.com.tr\/TURKISH\/urunler\/mobilya-temizleme-grubu\/maby-tec-t-6-permanent-kalem-izi-cikarici\/\" class=\"_self cvplbd\" target=\"_self\" >MABY TEC T 6 PERMANENT KALEM \u0130Z\u0130 \u00c7IKARICI<\/a><\/h4><\/div><\/div>\n<div class=\"col-md-6 col-sm-6 col-xs-12 pt-cv-content-item pt-cv-1-col\"  data-pid=\"18305\"><div class='pt-cv-ifield'><h4 class=\"pt-cv-title\"><a href=\"https:\/\/www.tempakimya.com.tr\/TURKISH\/urunler\/mobilya-temizleme-grubu\/maby-tec-s-ii-ahsap-yuzey-manuel-silim-solventi\/\" class=\"_self cvplbd\" target=\"_self\" >MABY TEC S II AH\u015eAP Y\u00dcZEY MANUEL S\u0130L\u0130M SOLVENT\u0130<\/a><\/h4><\/div><\/div>\n<div class=\"col-md-6 col-sm-6 col-xs-12 pt-cv-content-item pt-cv-1-col\"  data-pid=\"18307\"><div class='pt-cv-ifield'><h4 class=\"pt-cv-title\"><a href=\"https:\/\/www.tempakimya.com.tr\/TURKISH\/urunler\/mobilya-temizleme-grubu\/maby-tec-s-32-ahsap-akrilik-parlatici\/\" class=\"_self cvplbd\" target=\"_self\" >MABY TEC S 32 AH\u015eAP AKR\u0130L\u0130K PARLATICI<\/a><\/h4><\/div><\/div>\n<div class=\"col-md-6 col-sm-6 col-xs-12 pt-cv-content-item pt-cv-1-col\"  data-pid=\"18309\"><div class='pt-cv-ifield'><h4 class=\"pt-cv-title\"><a href=\"https:\/\/www.tempakimya.com.tr\/TURKISH\/urunler\/mobilya-temizleme-grubu\/maby-tec-t-21-hassas-ahsap-kaplama-temizleyici\/\" class=\"_self cvplbd\" target=\"_self\" >MABY TEC T 21 HASSAS AH\u015eAP KAPLAMA TEM\u0130ZLEY\u0130C\u0130<\/a><\/h4><\/div><\/div>\n<div class=\"col-md-6 col-sm-6 col-xs-12 pt-cv-content-item pt-cv-1-col\"  data-pid=\"18336\"><div class='pt-cv-ifield'><h4 class=\"pt-cv-title\"><a href=\"https:\/\/www.tempakimya.com.tr\/TURKISH\/urunler\/mobilya-temizleme-grubu\/maby-tec-t-s-16-buzme-yagi-seyrelticisi\/\" class=\"_self cvplbd\" target=\"_self\" >MABY TEC T S 16  B\u00dcZME YA\u011eI SEYRELT\u0130C\u0130S\u0130<\/a><\/h4><\/div><\/div><\/div><\/div><\/div>\t\t\t<style type=\"text\/css\" id=\"pt-cv-inline-style-08327223zo\">#pt-cv-view-8dbedebzgo .pt-cv-ifield { padding-top: 15px !important; padding-left: 10px !important; padding-bottom: 10px !important; padding-right: 10px !important; }\n#pt-cv-view-8dbedebzgo.pt-cv-post-border { margin: 0; border-top-width: 1px; border-left-width: 1px }\n#pt-cv-view-8dbedebzgo.pt-cv-post-border { margin: 0; border-top-style: solid; border-left-style: solid }\n#pt-cv-view-8dbedebzgo.pt-cv-post-border { margin: 0; border-top-color: #e5e5e5; border-left-color: #e5e5e5 }\n#pt-cv-view-8dbedebzgo.pt-cv-post-border .pt-cv-content-item   { border-right-width: 1px; border-bottom-width: 1px; border-right-style: solid; border-bottom-style: solid; border-right-color: #e5e5e5; border-bottom-color: #e5e5e5; }\n#pt-cv-view-8dbedebzgo .pt-cv-href-thumbnail  { margin-left: auto !important; margin-right: auto !important; display: block !important; text-align: center !important; clear: both !important; }\n#pt-cv-view-8dbedebzgo .pt-cv-title a, #pt-cv-view-8dbedebzgo  .panel-title { font-family: 'Roboto', Arial, serif !important; font-size: 13px !important; line-height: 1.3 !important; color: #000000 !important; font-weight: 600 !important; display: block !important; text-align: left !important; clear: both !important; }\n#pt-cv-view-8dbedebzgo  .pt-cv-hover-wrapper::before   { background-color: rgba(0,0,0,.3) !important; }\n#pt-cv-view-8dbedebzgo  .pt-cv-content-item:hover .pt-cv-hover-wrapper::before   { background-color: rgba(51,51,51,.6) !important; }\n#pt-cv-view-8dbedebzgo:not(.pt-cv-nohover) .pt-cv-mask *   { color: #fff; }\n#pt-cv-view-8dbedebzgo .pt-cv-carousel-caption  { background-color: rgba(51,51,51,.6) !important; }\n#pt-cv-view-8dbedebzgo .pt-cv-specialp { background-color: #CC3333 !important }\n#pt-cv-view-8dbedebzgo .pt-cv-specialp * { color: #fff !important; }\n#pt-cv-view-8dbedebzgo .pt-cv-pficon  { color: #bbb !important; }\n#pt-cv-view-8dbedebzgo  .add_to_cart_button, #pt-cv-view-8dbedebzgo  .add_to_cart_button *   { color: #ffffff !important; background-color: #00aeef !important; }\n#pt-cv-view-8dbedebzgo  .woocommerce-onsale   { color: #ffffff !important; background-color: #ff5a5f !important; }\n#pt-cv-view-8dbedebzgo .pt-cv-readmore  { color: #ffffff !important; background-color: #00aeef !important; }\n#pt-cv-view-8dbedebzgo .pt-cv-readmore:hover  { color: #ffffff !important; background-color: #00aeef !important; }\n#pt-cv-view-8dbedebzgo  + .pt-cv-pagination-wrapper .pt-cv-more , #pt-cv-view-8dbedebzgo  + .pt-cv-pagination-wrapper .pagination .active a { color: #ffffff !important; background-color: #00aeef !important; }\n[id^='pt-cv-filter-bar-8dbedebzgo'] .active.pt-cv-filter-option, [id^='pt-cv-filter-bar-8dbedebzgo'] .active .pt-cv-filter-option, [id^='pt-cv-filter-bar-8dbedebzgo'] .selected.pt-cv-filter-option, [id^='pt-cv-filter-bar-8dbedebzgo'] .dropdown-toggle   { color: #fff !important; background-color: #00aeef !important; }\n[id^='pt-cv-filter-bar-8dbedebzgo'] .pt-cv-filter-title   { color: #fff !important; background-color: #00aeef !important; }\n#pt-cv-gls-8dbedebzgo li a.pt-active   { color: #fff !important; background-color: #ff5a5f !important; }\n#pt-cv-view-8dbedebzgo .pt-cv-gls-header  { color: #fff !important; background-color: #00aeef !important; }<\/style>\r\n\t\t\t<link href='\/\/fonts.googleapis.com\/css?family=Roboto' rel='stylesheet' type='text\/css'>\n","protected":false},"excerpt":{"rendered":"MABY TEC FB 4 PLAST\u0130K KAPLAMA TEM\u0130ZLEY\u0130C\u0130 MABY TEC S 5 KENAR BANTLAMA MAK. G\u0130R\u0130\u015e SINAVI MABY TEC S 6 KENAR BANTLAMA MAK. \u00c7IKI\u015e SIVISI MABY TEC S 7 \u00c7 MANUEL AH\u015eAP S\u0130L\u0130M YUVASI (TUTKAL TEM.) MABY TEC S 9 D\u00d6\u015eEME KOLTUK TEM\u0130ZLEY\u0130C\u0130 (LEKE S\u00d6K\u00dcC\u00dc) MABY TEC T 3 G\u00dcM\u00dc\u015e KALEM TEM\u0130ZLEY\u0130C\u0130 MABY TEC T [...]","protected":false},"author":2,"featured_media":18053,"parent":17907,"menu_order":0,"comment_status":"closed","ping_status":"closed","template":"","meta":[],"_links":{"self":[{"href":"https:\/\/www.tempakimya.com.tr\/TURKISH\/wp-json\/wp\/v2\/pages\/17918"}],"collection":[{"href":"https:\/\/www.tempakimya.com.tr\/TURKISH\/wp-json\/wp\/v2\/pages"}],"about":[{"href":"https:\/\/www.tempakimya.com.tr\/TURKISH\/wp-json\/wp\/v2\/types\/page"}],"author":[{"embeddable":true,"href":"https:\/\/www.tempakimya.com.tr\/TURKISH\/wp-json\/wp\/v2\/users\/2"}],"replies":[{"embeddable":true,"href":"https:\/\/www.tempakimya.com.tr\/TURKISH\/wp-json\/wp\/v2\/comments?post=17918"}],"version-history":[{"count":2,"href":"https:\/\/www.tempakimya.com.tr\/TURKISH\/wp-json\/wp\/v2\/pages\/17918\/revisions"}],"predecessor-version":[{"id":18119,"href":"https:\/\/www.tempakimya.com.tr\/TURKISH\/wp-json\/wp\/v2\/pages\/17918\/revisions\/18119"}],"up":[{"embeddable":true,"href":"https:\/\/www.tempakimya.com.tr\/TURKISH\/wp-json\/wp\/v2\/pages\/17907"}],"wp:featuredmedia":[{"embeddable":true,"href":"https:\/\/www.tempakimya.com.tr\/TURKISH\/wp-json\/wp\/v2\/media\/18053"}],"wp:attachment":[{"href":"https:\/\/www.tempakimya.com.tr\/TURKISH\/wp-json\/wp\/v2\/media?parent=17918"}],"curies":[{"name":"wp","href":"https:\/\/api.w.org\/{rel}","templated":true}]}}