{"id":17912,"date":"2020-09-11T16:16:58","date_gmt":"2020-09-11T13:16:58","guid":{"rendered":"https:\/\/tempakimya.com.tr\/2020\/?page_id=17912"},"modified":"2020-10-02T10:30:44","modified_gmt":"2020-10-02T07:30:44","slug":"metal-temizlik-ve-bakim-grubu","status":"publish","type":"page","link":"https:\/\/www.tempakimya.com.tr\/TURKISH\/urunler\/metal-temizlik-ve-bakim-grubu\/","title":{"rendered":"Metal Temizlik ve Bak\u0131m Grubu"},"content":{"rendered":"<div class=\"pt-cv-wrapper\"><div class=\"pt-cv-view pt-cv-grid pt-cv-colsys pt-cv-post-border\" id=\"pt-cv-view-0e362a8sh1\"><div data-id=\"pt-cv-page-1\" class=\"pt-cv-page\" data-cvc=\"2\"><div class=\"col-md-6 col-sm-6 col-xs-12 pt-cv-content-item pt-cv-1-col\"  data-pid=\"18149\"><div class='pt-cv-ifield'><h4 class=\"pt-cv-title\"><a href=\"https:\/\/www.tempakimya.com.tr\/TURKISH\/urunler\/metal-temizlik-ve-bakim-grubu\/maby-tec-t-44-kaynak-capak-onleme-maddesi\/\" class=\"_self cvplbd\" target=\"_self\" >MABY TEC T-44 KAYNAK \u00c7APAK \u00d6NLEME MADDES\u0130<\/a><\/h4><\/div><\/div>\n<div class=\"col-md-6 col-sm-6 col-xs-12 pt-cv-content-item pt-cv-1-col\"  data-pid=\"18174\"><div class='pt-cv-ifield'><h4 class=\"pt-cv-title\"><a href=\"https:\/\/www.tempakimya.com.tr\/TURKISH\/urunler\/metal-temizlik-ve-bakim-grubu\/maby-tec-s-14-konsantre-yag-pas-sokucu\/\" class=\"_self cvplbd\" target=\"_self\" >MABY TEC S 14 KONSANTRE YA\u011e PAS S\u00d6K\u00dcC\u00dc<\/a><\/h4><\/div><\/div>\n<div class=\"col-md-6 col-sm-6 col-xs-12 pt-cv-content-item pt-cv-1-col\"  data-pid=\"18177\"><div class='pt-cv-ifield'><h4 class=\"pt-cv-title\"><a href=\"https:\/\/www.tempakimya.com.tr\/TURKISH\/urunler\/metal-temizlik-ve-bakim-grubu\/maby-tec-min-konsatntre-kirec-tortu-pas-sokucu\/\" class=\"_self cvplbd\" target=\"_self\" >MABY TEC M\u0130N KONSANTRA K\u0130RE\u00c7 TORTU PAS S\u00d6K\u00dcC\u00dc<\/a><\/h4><\/div><\/div>\n<div class=\"col-md-6 col-sm-6 col-xs-12 pt-cv-content-item pt-cv-1-col\"  data-pid=\"18182\"><div class='pt-cv-ifield'><h4 class=\"pt-cv-title\"><a href=\"https:\/\/www.tempakimya.com.tr\/TURKISH\/urunler\/metal-temizlik-ve-bakim-grubu\/maby-tec-limestone-konsantre-kirec-cozucu\/\" class=\"_self cvplbd\" target=\"_self\" >MABY TEC L\u0130MESTONE KONSANTRE K\u0130RE\u00c7 \u00c7\u00d6Z\u00dcC\u00dc<\/a><\/h4><\/div><\/div>\n<div class=\"col-md-6 col-sm-6 col-xs-12 pt-cv-content-item pt-cv-1-col\"  data-pid=\"18184\"><div class='pt-cv-ifield'><h4 class=\"pt-cv-title\"><a href=\"https:\/\/www.tempakimya.com.tr\/TURKISH\/urunler\/metal-temizlik-ve-bakim-grubu\/maby-tec-s-1-yag-ve-leke-cikarici-solvent\/\" class=\"_self cvplbd\" target=\"_self\" >MABY TEC S 1 YA\u011e VE LEKE \u00c7IKARICI SOLVENT<\/a><\/h4><\/div><\/div>\n<div class=\"col-md-6 col-sm-6 col-xs-12 pt-cv-content-item pt-cv-1-col\"  data-pid=\"18186\"><div class='pt-cv-ifield'><h4 class=\"pt-cv-title\"><a href=\"https:\/\/www.tempakimya.com.tr\/TURKISH\/urunler\/metal-temizlik-ve-bakim-grubu\/maby-tec-s-2-metal-uzerinden-yag-alici-solvent\/\" class=\"_self cvplbd\" target=\"_self\" >MABY TEC S 2 METAL \u00dcZER\u0130NDEN YA\u011e ALICI SOLVENT<\/a><\/h4><\/div><\/div>\n<div class=\"col-md-6 col-sm-6 col-xs-12 pt-cv-content-item pt-cv-1-col\"  data-pid=\"18188\"><div class='pt-cv-ifield'><h4 class=\"pt-cv-title\"><a href=\"https:\/\/www.tempakimya.com.tr\/TURKISH\/urunler\/metal-temizlik-ve-bakim-grubu\/maby-tech-s-3-metal-uzerinden-yag-alici-hizli-ucan-solvent\/\" class=\"_self cvplbd\" target=\"_self\" >MABY TECH S 3 METAL \u00dcZER\u0130NDEN YA\u011e ALICI (HIZLI U\u00c7AN) SOLVENT<\/a><\/h4><\/div><\/div>\n<div class=\"col-md-6 col-sm-6 col-xs-12 pt-cv-content-item pt-cv-1-col\"  data-pid=\"18190\"><div class='pt-cv-ifield'><h4 class=\"pt-cv-title\"><a href=\"https:\/\/www.tempakimya.com.tr\/TURKISH\/urunler\/metal-temizlik-ve-bakim-grubu\/maby-tec-s-3-k-metal-uzerinden-yag-alici-solvent\/\" class=\"_self cvplbd\" target=\"_self\" >MABY TEC S 3 K METAL \u00dcZER\u0130NDEN YA\u011e ALICI SOLVENT<\/a><\/h4><\/div><\/div>\n<div class=\"col-md-6 col-sm-6 col-xs-12 pt-cv-content-item pt-cv-1-col\"  data-pid=\"18192\"><div class='pt-cv-ifield'><h4 class=\"pt-cv-title\"><a href=\"https:\/\/www.tempakimya.com.tr\/TURKISH\/urunler\/metal-temizlik-ve-bakim-grubu\/maby-tec-argon-kaynak-izi-temizleyici\/\" class=\"_self cvplbd\" target=\"_self\" >MABY TEC ARGON KAYNAK \u0130Z\u0130 TEM\u0130ZLEY\u0130C\u0130<\/a><\/h4><\/div><\/div>\n<div class=\"col-md-6 col-sm-6 col-xs-12 pt-cv-content-item pt-cv-1-col\"  data-pid=\"18194\"><div class='pt-cv-ifield'><h4 class=\"pt-cv-title\"><a href=\"https:\/\/www.tempakimya.com.tr\/TURKISH\/urunler\/metal-temizlik-ve-bakim-grubu\/maby-tec-s-3-b-metal-uzerinden-yag-alici-solvent\/\" class=\"_self cvplbd\" target=\"_self\" >MABY TEC S 3 B METAL \u00dcZER\u0130NDEN YA\u011e ALICI SOLVENT<\/a><\/h4><\/div><\/div>\n<div class=\"col-md-6 col-sm-6 col-xs-12 pt-cv-content-item pt-cv-1-col\"  data-pid=\"18196\"><div class='pt-cv-ifield'><h4 class=\"pt-cv-title\"><a href=\"https:\/\/www.tempakimya.com.tr\/TURKISH\/urunler\/metal-temizlik-ve-bakim-grubu\/maby-tec-s-3-e-metal-uzerinden-yag-alici-solvent\/\" class=\"_self cvplbd\" target=\"_self\" >MABY TEC S 3 E METAL \u00dcZER\u0130NDEN YA\u011e ALICI SOLVENT<\/a><\/h4><\/div><\/div>\n<div class=\"col-md-6 col-sm-6 col-xs-12 pt-cv-content-item pt-cv-1-col\"  data-pid=\"18198\"><div class='pt-cv-ifield'><h4 class=\"pt-cv-title\"><a href=\"https:\/\/www.tempakimya.com.tr\/TURKISH\/urunler\/metal-temizlik-ve-bakim-grubu\/maby-tec-s-12-metal-uzerinden-yag-alici-solvent\/\" class=\"_self cvplbd\" target=\"_self\" >MABY TEC S 12 METAL \u00dcZER\u0130NDEN YA\u011e ALICI SOLVENT<\/a><\/h4><\/div><\/div>\n<div class=\"col-md-6 col-sm-6 col-xs-12 pt-cv-content-item pt-cv-1-col\"  data-pid=\"18200\"><div class='pt-cv-ifield'><h4 class=\"pt-cv-title\"><a href=\"https:\/\/www.tempakimya.com.tr\/TURKISH\/urunler\/metal-temizlik-ve-bakim-grubu\/maby-tec-40-vibro-capak-alma-ve-metal-yuzey-parlatma-maddesi\/\" class=\"_self cvplbd\" target=\"_self\" >MABY TEC 40 V\u0130BRO \u00c7APAK ALMA VE METAL Y\u00dcZEY PARLATMA MADDES\u0130<\/a><\/h4><\/div><\/div>\n<div class=\"col-md-6 col-sm-6 col-xs-12 pt-cv-content-item pt-cv-1-col\"  data-pid=\"18202\"><div class='pt-cv-ifield'><h4 class=\"pt-cv-title\"><a href=\"https:\/\/www.tempakimya.com.tr\/TURKISH\/urunler\/metal-temizlik-ve-bakim-grubu\/maby-tec-hidro-d-1-metal-yuzey-hazirlama-yag-alma-fosfatlayicisi\/\" class=\"_self cvplbd\" target=\"_self\" >MABY TEC H\u0130DRO D 1 METAL Y\u00dcZEY HAZIRLAMA YA\u011e ALMA FOSFATLAYICISI<\/a><\/h4><\/div><\/div>\n<div class=\"col-md-6 col-sm-6 col-xs-12 pt-cv-content-item pt-cv-1-col\"  data-pid=\"18204\"><div class='pt-cv-ifield'><h4 class=\"pt-cv-title\"><a href=\"https:\/\/www.tempakimya.com.tr\/TURKISH\/urunler\/metal-temizlik-ve-bakim-grubu\/maby-tec-t-28-ph-ayarlayicisi\/\" class=\"_self cvplbd\" target=\"_self\" >MABY TEC T 28 PH AYARLAYICISI<\/a><\/h4><\/div><\/div>\n<div class=\"col-md-6 col-sm-6 col-xs-12 pt-cv-content-item pt-cv-1-col\"  data-pid=\"18206\"><div class='pt-cv-ifield'><h4 class=\"pt-cv-title\"><a href=\"https:\/\/www.tempakimya.com.tr\/TURKISH\/urunler\/metal-temizlik-ve-bakim-grubu\/maby-tec-a-160-asidik-yag-alici\/\" class=\"_self cvplbd\" target=\"_self\" >MABY TEC A 160 AS\u0130D\u0130K YA\u011e ALICI<\/a><\/h4><\/div><\/div>\n<div class=\"col-md-6 col-sm-6 col-xs-12 pt-cv-content-item pt-cv-1-col\"  data-pid=\"18208\"><div class='pt-cv-ifield'><h4 class=\"pt-cv-title\"><a href=\"https:\/\/www.tempakimya.com.tr\/TURKISH\/urunler\/metal-temizlik-ve-bakim-grubu\/maby-tec-s-25-bazik-aluminyum-yemizleyici\/\" class=\"_self cvplbd\" target=\"_self\" >MABY TEC S 25 BAZ\u0130K ALUM\u0130NYUM YEM\u0130ZLEY\u0130C\u0130<\/a><\/h4><\/div><\/div>\n<div class=\"col-md-6 col-sm-6 col-xs-12 pt-cv-content-item pt-cv-1-col\"  data-pid=\"18210\"><div class='pt-cv-ifield'><h4 class=\"pt-cv-title\"><a href=\"https:\/\/www.tempakimya.com.tr\/TURKISH\/urunler\/metal-temizlik-ve-bakim-grubu\/maby-tec-s-30-asidik-aluminyum-temizleyici\/\" class=\"_self cvplbd\" target=\"_self\" >MABY TEC S 30 AS\u0130D\u0130K ALUM\u0130NYUM TEM\u0130ZLEY\u0130C\u0130<\/a><\/h4><\/div><\/div>\n<div class=\"col-md-6 col-sm-6 col-xs-12 pt-cv-content-item pt-cv-1-col\"  data-pid=\"18212\"><div class='pt-cv-ifield'><h4 class=\"pt-cv-title\"><a href=\"https:\/\/www.tempakimya.com.tr\/TURKISH\/urunler\/metal-temizlik-ve-bakim-grubu\/maby-tec-paint-sivi-boya-sokucu\/\" class=\"_self cvplbd\" target=\"_self\" >MABY TEC PA\u0130NT SIVI BOYA S\u00d6K\u00dcC\u00dc<\/a><\/h4><\/div><\/div>\n<div class=\"col-md-6 col-sm-6 col-xs-12 pt-cv-content-item pt-cv-1-col\"  data-pid=\"18214\"><div class='pt-cv-ifield'><h4 class=\"pt-cv-title\"><a href=\"https:\/\/www.tempakimya.com.tr\/TURKISH\/urunler\/metal-temizlik-ve-bakim-grubu\/maby-tec-paint-jel-boya-sokucu\/\" class=\"_self cvplbd\" target=\"_self\" >MABY TEC PA\u0130NT JEL BOYA S\u00d6K\u00dcC\u00dc<\/a><\/h4><\/div><\/div>\n<div class=\"col-md-6 col-sm-6 col-xs-12 pt-cv-content-item pt-cv-1-col\"  data-pid=\"18217\"><div class='pt-cv-ifield'><h4 class=\"pt-cv-title\"><a href=\"https:\/\/www.tempakimya.com.tr\/TURKISH\/urunler\/metal-temizlik-ve-bakim-grubu\/maby-tec-c-aluminyum-temizleyici-parlatici\/\" class=\"_self cvplbd\" target=\"_self\" >MABY TEC C AL\u00dcM\u0130NYUM TEM\u0130ZLEY\u0130C\u0130 PARLATICI<\/a><\/h4><\/div><\/div>\n<div class=\"col-md-6 col-sm-6 col-xs-12 pt-cv-content-item pt-cv-1-col\"  data-pid=\"18219\"><div class='pt-cv-ifield'><h4 class=\"pt-cv-title\"><a href=\"https:\/\/www.tempakimya.com.tr\/TURKISH\/urunler\/metal-temizlik-ve-bakim-grubu\/maby-tec-4-43-parca-yikama-sivisi\/\" class=\"_self cvplbd\" target=\"_self\" >MABY TEC 4 43 PAR\u00c7A YIKAMA SIVISI<\/a><\/h4><\/div><\/div>\n<div class=\"col-md-6 col-sm-6 col-xs-12 pt-cv-content-item pt-cv-1-col\"  data-pid=\"18221\"><div class='pt-cv-ifield'><h4 class=\"pt-cv-title\"><a href=\"https:\/\/www.tempakimya.com.tr\/TURKISH\/urunler\/metal-temizlik-ve-bakim-grubu\/maby-tec-t-23-asit-icerikli-boya-sokucu\/\" class=\"_self cvplbd\" target=\"_self\" >MABY TEC T 23 AS\u0130T \u0130\u00c7ER\u0130KL\u0130 BOYA S\u00d6K\u00dcC\u00dc<\/a><\/h4><\/div><\/div>\n<div class=\"col-md-6 col-sm-6 col-xs-12 pt-cv-content-item pt-cv-1-col\"  data-pid=\"18223\"><div class='pt-cv-ifield'><h4 class=\"pt-cv-title\"><a href=\"https:\/\/www.tempakimya.com.tr\/TURKISH\/urunler\/metal-temizlik-ve-bakim-grubu\/maby-tec-t-61-x-parca-yikama-kimyasali\/\" class=\"_self cvplbd\" target=\"_self\" >MABY TEC T 61 X PAR\u00c7A YIKAMA K\u0130MYASALI<\/a><\/h4><\/div><\/div>\n<div class=\"col-md-6 col-sm-6 col-xs-12 pt-cv-content-item pt-cv-1-col\"  data-pid=\"18226\"><div class='pt-cv-ifield'><h4 class=\"pt-cv-title\"><a href=\"https:\/\/www.tempakimya.com.tr\/TURKISH\/urunler\/metal-temizlik-ve-bakim-grubu\/maby-tec-m-2-kapali-sistem-temizleyici\/\" class=\"_self cvplbd\" target=\"_self\" >MABY TEC M 2 KAPALI S\u0130STEM TEM\u0130ZLEY\u0130C\u0130<\/a><\/h4><\/div><\/div>\n<div class=\"col-md-6 col-sm-6 col-xs-12 pt-cv-content-item pt-cv-1-col\"  data-pid=\"18230\"><div class='pt-cv-ifield'><h4 class=\"pt-cv-title\"><a href=\"https:\/\/www.tempakimya.com.tr\/TURKISH\/urunler\/metal-temizlik-ve-bakim-grubu\/maby-tec-m-1-kmetal-yuzeyinden-pas-alma-ve-metal-yuzey-hazirlayicisi\/\" class=\"_self cvplbd\" target=\"_self\" >MABY TEC M 1 METAL Y\u00dcZEY\u0130NDEN PAS ALMA VE METAL Y\u00dcZEY HAZIRLAYICISI<\/a><\/h4><\/div><\/div><\/div><\/div><\/div>\t\t\t<style type=\"text\/css\" id=\"pt-cv-inline-style-808e01f4uv\">#pt-cv-view-0e362a8sh1.pt-cv-post-border { margin: 0; border-top-width: 1px; border-left-width: 1px }\n#pt-cv-view-0e362a8sh1.pt-cv-post-border { margin: 0; border-top-style: solid; border-left-style: solid }\n#pt-cv-view-0e362a8sh1.pt-cv-post-border { margin: 0; border-top-color: #e5e5e5; border-left-color: #e5e5e5 }\n#pt-cv-view-0e362a8sh1.pt-cv-post-border .pt-cv-content-item   { border-right-width: 1px; border-bottom-width: 1px; border-right-style: solid; border-bottom-style: solid; border-right-color: #e5e5e5; border-bottom-color: #e5e5e5; }\n#pt-cv-view-0e362a8sh1 .pt-cv-href-thumbnail  { margin-left: auto !important; margin-right: auto !important; display: block !important; text-align: center !important; clear: both !important; }\n#pt-cv-view-0e362a8sh1 .pt-cv-title a, #pt-cv-view-0e362a8sh1  .panel-title { font-family: 'Roboto', Arial, serif !important; font-size: 13px !important; line-height: 1.3 !important; color: #000000 !important; font-weight: 600 !important; display: block !important; text-align: left !important; clear: both !important; }\n#pt-cv-view-0e362a8sh1  .pt-cv-hover-wrapper::before   { background-color: rgba(0,0,0,.3) !important; }\n#pt-cv-view-0e362a8sh1  .pt-cv-content-item:hover .pt-cv-hover-wrapper::before   { background-color: rgba(51,51,51,.6) !important; }\n#pt-cv-view-0e362a8sh1:not(.pt-cv-nohover) .pt-cv-mask *   { color: #fff; }\n#pt-cv-view-0e362a8sh1 .pt-cv-carousel-caption  { background-color: rgba(51,51,51,.6) !important; }\n#pt-cv-view-0e362a8sh1 .pt-cv-specialp { background-color: #CC3333 !important }\n#pt-cv-view-0e362a8sh1 .pt-cv-specialp * { color: #fff !important; }\n#pt-cv-view-0e362a8sh1 .pt-cv-pficon  { color: #bbb !important; }\n#pt-cv-view-0e362a8sh1  .add_to_cart_button, #pt-cv-view-0e362a8sh1  .add_to_cart_button *   { color: #ffffff !important; background-color: #00aeef !important; }\n#pt-cv-view-0e362a8sh1  .woocommerce-onsale   { color: #ffffff !important; background-color: #ff5a5f !important; }\n#pt-cv-view-0e362a8sh1 .pt-cv-readmore  { color: #ffffff !important; background-color: #00aeef !important; }\n#pt-cv-view-0e362a8sh1 .pt-cv-readmore:hover  { color: #ffffff !important; background-color: #00aeef !important; }\n#pt-cv-view-0e362a8sh1  + .pt-cv-pagination-wrapper .pt-cv-more , #pt-cv-view-0e362a8sh1  + .pt-cv-pagination-wrapper .pagination .active a { color: #ffffff !important; background-color: #00aeef !important; }\n[id^='pt-cv-filter-bar-0e362a8sh1'] .active.pt-cv-filter-option, [id^='pt-cv-filter-bar-0e362a8sh1'] .active .pt-cv-filter-option, [id^='pt-cv-filter-bar-0e362a8sh1'] .selected.pt-cv-filter-option, [id^='pt-cv-filter-bar-0e362a8sh1'] .dropdown-toggle   { color: #fff !important; background-color: #00aeef !important; }\n[id^='pt-cv-filter-bar-0e362a8sh1'] .pt-cv-filter-title   { color: #fff !important; background-color: #00aeef !important; }\n#pt-cv-gls-0e362a8sh1 li a.pt-active   { color: #fff !important; background-color: #ff5a5f !important; }\n#pt-cv-view-0e362a8sh1 .pt-cv-gls-header  { color: #fff !important; background-color: #00aeef !important; }<\/style>\r\n\t\t\t<link href='\/\/fonts.googleapis.com\/css?family=Roboto' rel='stylesheet' type='text\/css'>\n","protected":false},"excerpt":{"rendered":"MABY TEC T-44 KAYNAK \u00c7APAK \u00d6NLEME MADDES\u0130 MABY TEC S 14 KONSANTRE YA\u011e PAS S\u00d6K\u00dcC\u00dc MABY TEC M\u0130N KONSANTRA K\u0130RE\u00c7 TORTU PAS S\u00d6K\u00dcC\u00dc MABY TEC L\u0130MESTONE KONSANTRE K\u0130RE\u00c7 \u00c7\u00d6Z\u00dcC\u00dc MABY TEC S 1 YA\u011e VE LEKE \u00c7IKARICI SOLVENT MABY TEC S 2 METAL \u00dcZER\u0130NDEN YA\u011e ALICI SOLVENT MABY TECH S 3 METAL \u00dcZER\u0130NDEN YA\u011e ALICI [...]","protected":false},"author":2,"featured_media":18050,"parent":17907,"menu_order":0,"comment_status":"closed","ping_status":"closed","template":"","meta":[],"_links":{"self":[{"href":"https:\/\/www.tempakimya.com.tr\/TURKISH\/wp-json\/wp\/v2\/pages\/17912"}],"collection":[{"href":"https:\/\/www.tempakimya.com.tr\/TURKISH\/wp-json\/wp\/v2\/pages"}],"about":[{"href":"https:\/\/www.tempakimya.com.tr\/TURKISH\/wp-json\/wp\/v2\/types\/page"}],"author":[{"embeddable":true,"href":"https:\/\/www.tempakimya.com.tr\/TURKISH\/wp-json\/wp\/v2\/users\/2"}],"replies":[{"embeddable":true,"href":"https:\/\/www.tempakimya.com.tr\/TURKISH\/wp-json\/wp\/v2\/comments?post=17912"}],"version-history":[{"count":2,"href":"https:\/\/www.tempakimya.com.tr\/TURKISH\/wp-json\/wp\/v2\/pages\/17912\/revisions"}],"predecessor-version":[{"id":18113,"href":"https:\/\/www.tempakimya.com.tr\/TURKISH\/wp-json\/wp\/v2\/pages\/17912\/revisions\/18113"}],"up":[{"embeddable":true,"href":"https:\/\/www.tempakimya.com.tr\/TURKISH\/wp-json\/wp\/v2\/pages\/17907"}],"wp:featuredmedia":[{"embeddable":true,"href":"https:\/\/www.tempakimya.com.tr\/TURKISH\/wp-json\/wp\/v2\/media\/18050"}],"wp:attachment":[{"href":"https:\/\/www.tempakimya.com.tr\/TURKISH\/wp-json\/wp\/v2\/media?parent=17912"}],"curies":[{"name":"wp","href":"https:\/\/api.w.org\/{rel}","templated":true}]}}