{"id":17910,"date":"2020-09-11T16:16:37","date_gmt":"2020-09-11T13:16:37","guid":{"rendered":"https:\/\/tempakimya.com.tr\/2020\/?page_id=17910"},"modified":"2020-10-02T10:37:21","modified_gmt":"2020-10-02T07:37:21","slug":"genel-temizlik-ve-hijyen-grubu","status":"publish","type":"page","link":"https:\/\/www.tempakimya.com.tr\/TURKISH\/urunler\/genel-temizlik-ve-hijyen-grubu\/","title":{"rendered":"Genel Temizlik ve Hijyen Grubu"},"content":{"rendered":"<div class=\"pt-cv-wrapper\"><div class=\"pt-cv-view pt-cv-timeline pt-cv-left\" id=\"pt-cv-view-2763aeejk1\"><div class=\"tl-spine\"><a href=\"#\"><\/a><\/div>\n<div class=\"tl-items\">\n<div class=\"tl-item pt-left\"><div class=\"tl-item-content\"><i class=\"tl-pointer\"><\/i><div class=\" pt-cv-content-item pt-cv-1-col\"  data-pid=\"18061\"><h4 class=\"pt-cv-title\"><a href=\"https:\/\/www.tempakimya.com.tr\/TURKISH\/urunler\/genel-temizlik-ve-hijyen-grubu\/maby-tech-flash-konsantre-yuzey-temizleyici\/\" class=\"_self cvplbd\" target=\"_self\" >MABY TECH FLASH KONSANTRE Y\u00dcZEY TEM\u0130ZLEY\u0130C\u0130<\/a><\/h4><\/div><\/div><\/div>\n<div class=\"tl-item pt-right\"><div class=\"tl-item-content\"><i class=\"tl-pointer\"><\/i><div class=\" pt-cv-content-item pt-cv-1-col\"  data-pid=\"18068\"><h4 class=\"pt-cv-title\"><a href=\"https:\/\/www.tempakimya.com.tr\/TURKISH\/urunler\/genel-temizlik-ve-hijyen-grubu\/maby-tech-shimmer-konsantre-wc-lavabo-tem\/\" class=\"_self cvplbd\" target=\"_self\" >MABY TECH SHIMMER KONSANTRE WC LAVABO TEM.<\/a><\/h4><\/div><\/div><\/div>\n<div class=\"tl-item pt-left\"><div class=\"tl-item-content\"><i class=\"tl-pointer\"><\/i><div class=\" pt-cv-content-item pt-cv-1-col\"  data-pid=\"18071\"><h4 class=\"pt-cv-title\"><a href=\"https:\/\/www.tempakimya.com.tr\/TURKISH\/urunler\/genel-temizlik-ve-hijyen-grubu\/maby-tec-starway-karbonlasmis-is-yag-sokucu\/\" class=\"_self cvplbd\" target=\"_self\" >MABY TEC STARWAY KARBONLA\u015eMI\u015e \u0130S YA\u011e S\u00d6K\u00dcC\u00dc<\/a><\/h4><\/div><\/div><\/div>\n<div class=\"tl-item pt-right\"><div class=\"tl-item-content\"><i class=\"tl-pointer\"><\/i><div class=\" pt-cv-content-item pt-cv-1-col\"  data-pid=\"18077\"><h4 class=\"pt-cv-title\"><a href=\"https:\/\/www.tempakimya.com.tr\/TURKISH\/urunler\/genel-temizlik-ve-hijyen-grubu\/maby-tec-clean-up-yag-sokucu-koku-giderici\/\" class=\"_self cvplbd\" target=\"_self\" >MABY TEC CLEAN UP YA\u011e S\u00d6K\u00dcC\u00dc KOKU G\u0130DER\u0130C\u0130<\/a><\/h4><\/div><\/div><\/div>\n<div class=\"tl-item pt-left\"><div class=\"tl-item-content\"><i class=\"tl-pointer\"><\/i><div class=\" pt-cv-content-item pt-cv-1-col\"  data-pid=\"18080\"><h4 class=\"pt-cv-title\"><a href=\"https:\/\/www.tempakimya.com.tr\/TURKISH\/urunler\/genel-temizlik-ve-hijyen-grubu\/maby-tec-tsol-konsantre-esansli-yag-cozucu\/\" class=\"_self cvplbd\" target=\"_self\" >MABY TEC TSOL KONSANTRE ESANSLI YA\u011e \u00c7\u00d6Z\u00dcC\u00dc<\/a><\/h4><\/div><\/div><\/div>\n<div class=\"tl-item pt-right\"><div class=\"tl-item-content\"><i class=\"tl-pointer\"><\/i><div class=\" pt-cv-content-item pt-cv-1-col\"  data-pid=\"18083\"><h4 class=\"pt-cv-title\"><a href=\"https:\/\/www.tempakimya.com.tr\/TURKISH\/urunler\/genel-temizlik-ve-hijyen-grubu\/maby-tec-automat-clean-konsantre-otomat-makine-kimyasali\/\" class=\"_self cvplbd\" target=\"_self\" >MABY TEC AUTOMAT CLEAN KONSANTRE OTOMAT MAK\u0130NE K\u0130MYASALI<\/a><\/h4><\/div><\/div><\/div>\n<div class=\"tl-item pt-left\"><div class=\"tl-item-content\"><i class=\"tl-pointer\"><\/i><div class=\" pt-cv-content-item pt-cv-1-col\"  data-pid=\"18088\"><h4 class=\"pt-cv-title\"><a href=\"https:\/\/www.tempakimya.com.tr\/TURKISH\/urunler\/genel-temizlik-ve-hijyen-grubu\/maby-tech-x-66-hijyenik-yuzey-temizleme-maddesi\/\" class=\"_self cvplbd\" target=\"_self\" >MABY TEC X 66 H\u0130JYEN\u0130K Y\u00dcZEY TEM\u0130ZLEME MADDES\u0130<\/a><\/h4><\/div><\/div><\/div>\n<div class=\"tl-item pt-right\"><div class=\"tl-item-content\"><i class=\"tl-pointer\"><\/i><div class=\" pt-cv-content-item pt-cv-1-col\"  data-pid=\"18093\"><h4 class=\"pt-cv-title\"><a href=\"https:\/\/www.tempakimya.com.tr\/TURKISH\/urunler\/genel-temizlik-ve-hijyen-grubu\/maby-camasir-suyu\/\" class=\"_self cvplbd\" target=\"_self\" >MABY \u00c7AMA\u015eIR SUYU<\/a><\/h4><\/div><\/div><\/div>\n<div class=\"tl-item pt-left\"><div class=\"tl-item-content\"><i class=\"tl-pointer\"><\/i><div class=\" pt-cv-content-item pt-cv-1-col\"  data-pid=\"18096\"><h4 class=\"pt-cv-title\"><a href=\"https:\/\/www.tempakimya.com.tr\/TURKISH\/urunler\/genel-temizlik-ve-hijyen-grubu\/maby-ultra-yogun-camasir-suyu\/\" class=\"_self cvplbd\" target=\"_self\" >MABY ULTRA YO\u011eUN \u00c7AMA\u015eIR SUYU<\/a><\/h4><\/div><\/div><\/div>\n<div class=\"tl-item pt-right\"><div class=\"tl-item-content\"><i class=\"tl-pointer\"><\/i><div class=\" pt-cv-content-item pt-cv-1-col\"  data-pid=\"18099\"><h4 class=\"pt-cv-title\"><a href=\"https:\/\/www.tempakimya.com.tr\/TURKISH\/urunler\/genel-temizlik-ve-hijyen-grubu\/maby-salon-kokusu\/\" class=\"_self cvplbd\" target=\"_self\" >MABY SALON KOKUSU<\/a><\/h4><\/div><\/div><\/div>\n<div class=\"tl-item pt-left\"><div class=\"tl-item-content\"><i class=\"tl-pointer\"><\/i><div class=\" pt-cv-content-item pt-cv-1-col\"  data-pid=\"18103\"><h4 class=\"pt-cv-title\"><a href=\"https:\/\/www.tempakimya.com.tr\/TURKISH\/urunler\/genel-temizlik-ve-hijyen-grubu\/maby-cok-amacli-temizleyici\/\" class=\"_self cvplbd\" target=\"_self\" >MABY \u00c7OK AMA\u00c7LI TEM\u0130ZLEY\u0130C\u0130<\/a><\/h4><\/div><\/div><\/div>\n<div class=\"tl-item pt-right\"><div class=\"tl-item-content\"><i class=\"tl-pointer\"><\/i><div class=\" pt-cv-content-item pt-cv-1-col\"  data-pid=\"18126\"><h4 class=\"pt-cv-title\"><a href=\"https:\/\/www.tempakimya.com.tr\/TURKISH\/urunler\/genel-temizlik-ve-hijyen-grubu\/maby-tech-wood-cleaner-ahsap-temizleyici\/\" class=\"_self cvplbd\" target=\"_self\" >MABY TECH WOOD CLEANER AH\u015eAP TEM\u0130ZLEY\u0130C\u0130<\/a><\/h4><\/div><\/div><\/div>\n<div class=\"tl-item pt-left\"><div class=\"tl-item-content\"><i class=\"tl-pointer\"><\/i><div class=\" pt-cv-content-item pt-cv-1-col\"  data-pid=\"18128\"><h4 class=\"pt-cv-title\"><a href=\"https:\/\/www.tempakimya.com.tr\/TURKISH\/urunler\/genel-temizlik-ve-hijyen-grubu\/maby-tec-polex-kir-cila-sokucu\/\" class=\"_self cvplbd\" target=\"_self\" >MABY TEC POLEX K\u0130R C\u0130LA S\u00d6K\u00dcC\u00dc<\/a><\/h4><\/div><\/div><\/div>\n<div class=\"tl-item pt-right\"><div class=\"tl-item-content\"><i class=\"tl-pointer\"><\/i><div class=\" pt-cv-content-item pt-cv-1-col\"  data-pid=\"18136\"><h4 class=\"pt-cv-title\"><a href=\"https:\/\/www.tempakimya.com.tr\/TURKISH\/urunler\/genel-temizlik-ve-hijyen-grubu\/maby-oksijen-bazli-agartici\/\" class=\"_self cvplbd\" target=\"_self\" >MABY OKS\u0130JEN BAZLI A\u011eARTICI<\/a><\/h4><\/div><\/div><\/div>\n<div class=\"tl-item pt-left\"><div class=\"tl-item-content\"><i class=\"tl-pointer\"><\/i><div class=\" pt-cv-content-item pt-cv-1-col\"  data-pid=\"18138\"><h4 class=\"pt-cv-title\"><a href=\"https:\/\/www.tempakimya.com.tr\/TURKISH\/urunler\/genel-temizlik-ve-hijyen-grubu\/maby-tec-star-konsantre-yuzey-temizleyici\/\" class=\"_self cvplbd\" target=\"_self\" >MABY TEC STAR KONSANTRE Y\u00dcZEY TEM\u0130ZLEY\u0130C\u0130<\/a><\/h4><\/div><\/div><\/div>\n<div class=\"tl-item pt-right\"><div class=\"tl-item-content\"><i class=\"tl-pointer\"><\/i><div class=\" pt-cv-content-item pt-cv-1-col\"  data-pid=\"18141\"><h4 class=\"pt-cv-title\"><a href=\"https:\/\/www.tempakimya.com.tr\/TURKISH\/urunler\/genel-temizlik-ve-hijyen-grubu\/maby-hali-sampuani\/\" class=\"_self cvplbd\" target=\"_self\" >MABY HALI \u015eAMPUANI<\/a><\/h4><\/div><\/div><\/div>\n<div class=\"tl-item pt-left\"><div class=\"tl-item-content\"><i class=\"tl-pointer\"><\/i><div class=\" pt-cv-content-item pt-cv-1-col\"  data-pid=\"18143\"><h4 class=\"pt-cv-title\"><a href=\"https:\/\/www.tempakimya.com.tr\/TURKISH\/urunler\/genel-temizlik-ve-hijyen-grubu\/maby-logar-acici\/\" class=\"_self cvplbd\" target=\"_self\" >MABY LOGAR A\u00c7ICI<\/a><\/h4><\/div><\/div><\/div>\n<div class=\"tl-item pt-right\"><div class=\"tl-item-content\"><i class=\"tl-pointer\"><\/i><div class=\" pt-cv-content-item pt-cv-1-col\"  data-pid=\"18145\"><h4 class=\"pt-cv-title\"><a href=\"https:\/\/www.tempakimya.com.tr\/TURKISH\/urunler\/genel-temizlik-ve-hijyen-grubu\/maby-oto-sampuani\/\" class=\"_self cvplbd\" target=\"_self\" >MABY OTO \u015eAMPUANI<\/a><\/h4><\/div><\/div><\/div>\n<div class=\"tl-item pt-left\"><div class=\"tl-item-content\"><i class=\"tl-pointer\"><\/i><div class=\" pt-cv-content-item pt-cv-1-col\"  data-pid=\"18147\"><h4 class=\"pt-cv-title\"><a href=\"https:\/\/www.tempakimya.com.tr\/TURKISH\/urunler\/genel-temizlik-ve-hijyen-grubu\/maby-tec-granit-temizleyici\/\" class=\"_self cvplbd\" target=\"_self\" >MABY TEC GRAN\u0130T TEM\u0130ZLEY\u0130C\u0130<\/a><\/h4><\/div><\/div><\/div>\n<\/div><\/div><\/div>\t\t\t<style type=\"text\/css\" id=\"pt-cv-inline-style-47d9cf41ib\">#pt-cv-view-2763aeejk1  .pt-cv-content-item   { background-color: rgba(30,115,190,0.84) !important; }\n#pt-cv-view-2763aeejk1.pt-cv-post-border { margin: 0; border-top-width: 1px; border-left-width: 1px }\n#pt-cv-view-2763aeejk1.pt-cv-post-border { margin: 0; border-top-style: solid; border-left-style: solid }\n#pt-cv-view-2763aeejk1.pt-cv-post-border { margin: 0; border-top-color: #e5e5e5; border-left-color: #e5e5e5 }\n#pt-cv-view-2763aeejk1.pt-cv-post-border .pt-cv-content-item   { border-right-width: 1px; border-bottom-width: 1px; border-right-style: solid; border-bottom-style: solid; border-right-color: #e5e5e5; border-bottom-color: #e5e5e5; }\n#pt-cv-view-2763aeejk1 .pt-cv-href-thumbnail  { margin-left: auto !important; margin-right: auto !important; display: block !important; text-align: center !important; clear: both !important; }\n#pt-cv-view-2763aeejk1 .pt-cv-title a, #pt-cv-view-2763aeejk1  .panel-title { font-family: 'Nunito', Arial, serif !important; font-size: 13px !important; line-height: 1.3 !important; color: #000000 !important; background-color: rgba(255,255,255,0) !important; font-weight: 600 !important; display: block !important; text-align: left !important; clear: both !important; }\n#pt-cv-view-2763aeejk1  .pt-cv-hover-wrapper::before   { background-color: rgba(0,0,0,.3) !important; }\n#pt-cv-view-2763aeejk1  .pt-cv-content-item:hover .pt-cv-hover-wrapper::before   { background-color: rgba(51,51,51,.6) !important; }\n#pt-cv-view-2763aeejk1:not(.pt-cv-nohover) .pt-cv-mask *   { color: #fff; }\n#pt-cv-view-2763aeejk1 .pt-cv-carousel-caption  { background-color: rgba(51,51,51,.6) !important; }\n#pt-cv-view-2763aeejk1 .pt-cv-specialp { background-color: #CC3333 !important }\n#pt-cv-view-2763aeejk1 .pt-cv-specialp * { color: #fff !important; }\n#pt-cv-view-2763aeejk1 .pt-cv-pficon  { color: #bbb !important; }\n#pt-cv-view-2763aeejk1  .add_to_cart_button, #pt-cv-view-2763aeejk1  .add_to_cart_button *   { color: #ffffff !important; background-color: #00aeef !important; }\n#pt-cv-view-2763aeejk1  .woocommerce-onsale   { color: #ffffff !important; background-color: #ff5a5f !important; }\n#pt-cv-view-2763aeejk1 .pt-cv-readmore  { color: #ffffff !important; background-color: #00aeef !important; }\n#pt-cv-view-2763aeejk1 .pt-cv-readmore:hover  { color: #ffffff !important; background-color: #00aeef !important; }\n#pt-cv-view-2763aeejk1  + .pt-cv-pagination-wrapper .pt-cv-more , #pt-cv-view-2763aeejk1  + .pt-cv-pagination-wrapper .pagination .active a { color: #ffffff !important; background-color: #00aeef !important; }\n[id^='pt-cv-filter-bar-2763aeejk1'] .active.pt-cv-filter-option, [id^='pt-cv-filter-bar-2763aeejk1'] .active .pt-cv-filter-option, [id^='pt-cv-filter-bar-2763aeejk1'] .selected.pt-cv-filter-option, [id^='pt-cv-filter-bar-2763aeejk1'] .dropdown-toggle   { color: #fff !important; background-color: #00aeef !important; }\n[id^='pt-cv-filter-bar-2763aeejk1'] .pt-cv-filter-title   { color: #fff !important; background-color: #00aeef !important; }\n#pt-cv-gls-2763aeejk1 li a.pt-active   { color: #fff !important; background-color: #ff5a5f !important; }\n#pt-cv-view-2763aeejk1 .pt-cv-gls-header  { color: #fff !important; background-color: #00aeef !important; }\n#pt-cv-view-2763aeejk1 { text-align: left; }<\/style>\r\n\t\t\t<link href='\/\/fonts.googleapis.com\/css?family=Nunito' rel='stylesheet' type='text\/css'>\n","protected":false},"excerpt":{"rendered":"MABY TECH FLASH KONSANTRE Y\u00dcZEY TEM\u0130ZLEY\u0130C\u0130 MABY TECH SHIMMER KONSANTRE WC LAVABO TEM. MABY TEC STARWAY KARBONLA\u015eMI\u015e \u0130S YA\u011e S\u00d6K\u00dcC\u00dc MABY TEC CLEAN UP YA\u011e S\u00d6K\u00dcC\u00dc KOKU G\u0130DER\u0130C\u0130 MABY TEC TSOL KONSANTRE ESANSLI YA\u011e \u00c7\u00d6Z\u00dcC\u00dc MABY TEC AUTOMAT CLEAN KONSANTRE OTOMAT MAK\u0130NE K\u0130MYASALI MABY TEC X 66 H\u0130JYEN\u0130K Y\u00dcZEY TEM\u0130ZLEME MADDES\u0130 MABY \u00c7AMA\u015eIR SUYU MABY [...]","protected":false},"author":2,"featured_media":18571,"parent":17907,"menu_order":0,"comment_status":"closed","ping_status":"closed","template":"","meta":[],"_links":{"self":[{"href":"https:\/\/www.tempakimya.com.tr\/TURKISH\/wp-json\/wp\/v2\/pages\/17910"}],"collection":[{"href":"https:\/\/www.tempakimya.com.tr\/TURKISH\/wp-json\/wp\/v2\/pages"}],"about":[{"href":"https:\/\/www.tempakimya.com.tr\/TURKISH\/wp-json\/wp\/v2\/types\/page"}],"author":[{"embeddable":true,"href":"https:\/\/www.tempakimya.com.tr\/TURKISH\/wp-json\/wp\/v2\/users\/2"}],"replies":[{"embeddable":true,"href":"https:\/\/www.tempakimya.com.tr\/TURKISH\/wp-json\/wp\/v2\/comments?post=17910"}],"version-history":[{"count":2,"href":"https:\/\/www.tempakimya.com.tr\/TURKISH\/wp-json\/wp\/v2\/pages\/17910\/revisions"}],"predecessor-version":[{"id":18067,"href":"https:\/\/www.tempakimya.com.tr\/TURKISH\/wp-json\/wp\/v2\/pages\/17910\/revisions\/18067"}],"up":[{"embeddable":true,"href":"https:\/\/www.tempakimya.com.tr\/TURKISH\/wp-json\/wp\/v2\/pages\/17907"}],"wp:featuredmedia":[{"embeddable":true,"href":"https:\/\/www.tempakimya.com.tr\/TURKISH\/wp-json\/wp\/v2\/media\/18571"}],"wp:attachment":[{"href":"https:\/\/www.tempakimya.com.tr\/TURKISH\/wp-json\/wp\/v2\/media?parent=17910"}],"curies":[{"name":"wp","href":"https:\/\/api.w.org\/{rel}","templated":true}]}}