{"id":18269,"date":"2020-09-24T15:52:53","date_gmt":"2020-09-24T12:52:53","guid":{"rendered":"https:\/\/tempakimya.com.tr\/2020\/?page_id=18269"},"modified":"2020-10-02T09:23:44","modified_gmt":"2020-10-02T06:23:44","slug":"maby-tec-green-k-konsantre-bulasik-deterjani","status":"publish","type":"page","link":"https:\/\/www.tempakimya.com.tr\/ENGLISH\/urunler\/bulasik-yikama-grubu\/maby-tec-green-k-konsantre-bulasik-deterjani\/","title":{"rendered":"MABY TEC GREEN K KONSANTRE BULA\u015eIK DETERJANI"},"content":{"rendered":"<p>MABY TEC GREEN K KONSANTRE BULA\u015eIK DETERJANI<\/p>\n<p><strong>Kullan\u0131m Alanlar\u0131:<\/strong> Her t\u00fcrl\u00fc bula\u015f\u0131k y\u0131kamada y\u00fcksek ya\u011f par\u00e7alama \u00f6zelli\u011fi ile kolayl\u0131k sa\u011flar. Elleri \u00e7atlatmaz.<\/p>\n<p><strong>Kullan\u0131m \u015eekli:<\/strong> 1\/8 konsantredir.<\/p>\n","protected":false},"excerpt":{"rendered":"<p>MABY TEC GREEN K KONSANTRE BULA\u015eIK DETERJANI Kullan\u0131m Alanlar\u0131: Her t\u00fcrl\u00fc bula\u015f\u0131k y\u0131kamada y\u00fcksek ya\u011f par\u00e7alama \u00f6zelli\u011fi ile kolayl\u0131k sa\u011flar. Elleri \u00e7atlatmaz. Kullan\u0131m \u015eekli: 1\/8 konsantredir.<\/p>\n","protected":false},"author":2,"featured_media":0,"parent":17916,"menu_order":0,"comment_status":"closed","ping_status":"closed","template":"","meta":[],"_links":{"self":[{"href":"https:\/\/www.tempakimya.com.tr\/ENGLISH\/wp-json\/wp\/v2\/pages\/18269"}],"collection":[{"href":"https:\/\/www.tempakimya.com.tr\/ENGLISH\/wp-json\/wp\/v2\/pages"}],"about":[{"href":"https:\/\/www.tempakimya.com.tr\/ENGLISH\/wp-json\/wp\/v2\/types\/page"}],"author":[{"embeddable":true,"href":"https:\/\/www.tempakimya.com.tr\/ENGLISH\/wp-json\/wp\/v2\/users\/2"}],"replies":[{"embeddable":true,"href":"https:\/\/www.tempakimya.com.tr\/ENGLISH\/wp-json\/wp\/v2\/comments?post=18269"}],"version-history":[{"count":3,"href":"https:\/\/www.tempakimya.com.tr\/ENGLISH\/wp-json\/wp\/v2\/pages\/18269\/revisions"}],"predecessor-version":[{"id":18482,"href":"https:\/\/www.tempakimya.com.tr\/ENGLISH\/wp-json\/wp\/v2\/pages\/18269\/revisions\/18482"}],"up":[{"embeddable":true,"href":"https:\/\/www.tempakimya.com.tr\/ENGLISH\/wp-json\/wp\/v2\/pages\/17916"}],"wp:attachment":[{"href":"https:\/\/www.tempakimya.com.tr\/ENGLISH\/wp-json\/wp\/v2\/media?parent=18269"}],"curies":[{"name":"wp","href":"https:\/\/api.w.org\/{rel}","templated":true}]}}