{"id":17916,"date":"2020-09-11T16:17:41","date_gmt":"2020-09-11T13:17:41","guid":{"rendered":"https:\/\/tempakimya.com.tr\/2020\/?page_id=17916"},"modified":"2020-10-06T09:15:38","modified_gmt":"2020-10-06T06:15:38","slug":"bulasik-yikama-grubu","status":"publish","type":"page","link":"https:\/\/www.tempakimya.com.tr\/ENGLISH\/urunler\/bulasik-yikama-grubu\/","title":{"rendered":"Dishwashing Group"},"content":{"rendered":"<div class=\"pt-cv-wrapper\"><div class=\"pt-cv-view pt-cv-grid pt-cv-colsys pt-cv-post-border\" id=\"pt-cv-view-e507eb5lxy\"><div data-id=\"pt-cv-page-1\" class=\"pt-cv-page\" data-cvc=\"2\"><div class=\"col-md-6 col-sm-6 col-xs-12 pt-cv-content-item pt-cv-1-col\"  data-pid=\"18250\"><div class='pt-cv-ifield'><h4 class=\"pt-cv-title\"><a href=\"https:\/\/www.tempakimya.com.tr\/ENGLISH\/urunler\/bulasik-yikama-grubu\/maby-tec-automat-mat-bulasik-makinesi-deterjani\/\" class=\"_self cvplbd\" target=\"_self\" >MABY TEC AUTOMAT MAT DISH WASHING MACHINE DETERGENT<\/a><\/h4><\/div><\/div>\n<div class=\"col-md-6 col-sm-6 col-xs-12 pt-cv-content-item pt-cv-1-col\"  data-pid=\"18263\"><div class='pt-cv-ifield'><h4 class=\"pt-cv-title\"><a href=\"https:\/\/www.tempakimya.com.tr\/ENGLISH\/urunler\/bulasik-yikama-grubu\/maby-tec-automat-par-bulasik-makinesi-parlaticisi\/\" class=\"_self cvplbd\" target=\"_self\" >MABY TEC AUTOMAT PAR BULA\u015eIK MAK\u0130NES\u0130 PARLATICISI<\/a><\/h4><\/div><\/div>\n<div class=\"col-md-6 col-sm-6 col-xs-12 pt-cv-content-item pt-cv-1-col\"  data-pid=\"18265\"><div class='pt-cv-ifield'><h4 class=\"pt-cv-title\"><a href=\"https:\/\/www.tempakimya.com.tr\/ENGLISH\/urunler\/bulasik-yikama-grubu\/maby-tec-automat-limes-bulasik-makinesi-kirec-cozucu\/\" class=\"_self cvplbd\" target=\"_self\" >MABY TEC AUTOMAT L\u0130MES BULA\u015eIK MAK\u0130NES\u0130 K\u0130RE\u00c7 \u00c7\u00d6Z\u00dcC\u00dc<\/a><\/h4><\/div><\/div>\n<div class=\"col-md-6 col-sm-6 col-xs-12 pt-cv-content-item pt-cv-1-col\"  data-pid=\"18267\"><div class='pt-cv-ifield'><h4 class=\"pt-cv-title\"><a href=\"https:\/\/www.tempakimya.com.tr\/ENGLISH\/urunler\/bulasik-yikama-grubu\/maby-tec-automat-od-bulasik-mak-on-dal-mad\/\" class=\"_self cvplbd\" target=\"_self\" >MABY TEC AUTOMAT \u00d6D BULA\u015eIK MAK. \u00d6N DAL. MAD.<\/a><\/h4><\/div><\/div>\n<div class=\"col-md-6 col-sm-6 col-xs-12 pt-cv-content-item pt-cv-1-col\"  data-pid=\"18269\"><div class='pt-cv-ifield'><h4 class=\"pt-cv-title\"><a href=\"https:\/\/www.tempakimya.com.tr\/ENGLISH\/urunler\/bulasik-yikama-grubu\/maby-tec-green-k-konsantre-bulasik-deterjani\/\" class=\"_self cvplbd\" target=\"_self\" >MABY TEC GREEN K KONSANTRE BULA\u015eIK DETERJANI<\/a><\/h4><\/div><\/div>\n<div class=\"col-md-6 col-sm-6 col-xs-12 pt-cv-content-item pt-cv-1-col\"  data-pid=\"18272\"><div class='pt-cv-ifield'><h4 class=\"pt-cv-title\"><a href=\"https:\/\/www.tempakimya.com.tr\/ENGLISH\/urunler\/bulasik-yikama-grubu\/maby-mineralli-sivi-temizleyici\/\" class=\"_self cvplbd\" target=\"_self\" >MABY M\u0130NERALL\u0130 SIVI TEM\u0130ZLEY\u0130C\u0130<\/a><\/h4><\/div><\/div>\n<div class=\"col-md-6 col-sm-6 col-xs-12 pt-cv-content-item pt-cv-1-col\"  data-pid=\"18274\"><div class='pt-cv-ifield'><h4 class=\"pt-cv-title\"><a href=\"https:\/\/www.tempakimya.com.tr\/ENGLISH\/urunler\/bulasik-yikama-grubu\/maby-yag-cozucu\/\" class=\"_self cvplbd\" target=\"_self\" >MABY YA\u011e \u00c7\u00d6Z\u00dcC\u00dc<\/a><\/h4><\/div><\/div>\n<div class=\"col-md-6 col-sm-6 col-xs-12 pt-cv-content-item pt-cv-1-col\"  data-pid=\"18276\"><div class='pt-cv-ifield'><h4 class=\"pt-cv-title\"><a href=\"https:\/\/www.tempakimya.com.tr\/ENGLISH\/urunler\/bulasik-yikama-grubu\/maby-kirec-cozucu\/\" class=\"_self cvplbd\" target=\"_self\" >MABY K\u0130RE\u00c7 \u00c7\u00d6Z\u00dcC\u00dc<\/a><\/h4><\/div><\/div><\/div><\/div><\/div>\t\t\t<style type=\"text\/css\" id=\"pt-cv-inline-style-ae9bbc6h59\">#pt-cv-view-e507eb5lxy .pt-cv-ifield { padding-top: 15px !important; padding-left: 10px !important; padding-bottom: 10px !important; padding-right: 10px !important; }\n#pt-cv-view-e507eb5lxy.pt-cv-post-border { margin: 0; border-top-width: 1px; border-left-width: 1px }\n#pt-cv-view-e507eb5lxy.pt-cv-post-border { margin: 0; border-top-style: solid; border-left-style: solid }\n#pt-cv-view-e507eb5lxy.pt-cv-post-border { margin: 0; border-top-color: #e5e5e5; border-left-color: #e5e5e5 }\n#pt-cv-view-e507eb5lxy.pt-cv-post-border .pt-cv-content-item   { border-right-width: 1px; border-bottom-width: 1px; border-right-style: solid; border-bottom-style: solid; border-right-color: #e5e5e5; border-bottom-color: #e5e5e5; }\n#pt-cv-view-e507eb5lxy .pt-cv-href-thumbnail  { margin-left: auto !important; margin-right: auto !important; display: block !important; text-align: center !important; clear: both !important; }\n#pt-cv-view-e507eb5lxy .pt-cv-title a, #pt-cv-view-e507eb5lxy  .panel-title { font-family: 'Roboto', Arial, serif !important; font-size: 13px !important; line-height: 1.3 !important; color: #000000 !important; font-weight: 600 !important; display: block !important; text-align: left !important; clear: both !important; }\n#pt-cv-view-e507eb5lxy  .pt-cv-hover-wrapper::before   { background-color: rgba(0,0,0,.3) !important; }\n#pt-cv-view-e507eb5lxy  .pt-cv-content-item:hover .pt-cv-hover-wrapper::before   { background-color: rgba(51,51,51,.6) !important; }\n#pt-cv-view-e507eb5lxy:not(.pt-cv-nohover) .pt-cv-mask *   { color: #fff; }\n#pt-cv-view-e507eb5lxy .pt-cv-carousel-caption  { background-color: rgba(51,51,51,.6) !important; }\n#pt-cv-view-e507eb5lxy .pt-cv-specialp { background-color: #CC3333 !important }\n#pt-cv-view-e507eb5lxy .pt-cv-specialp * { color: #fff !important; }\n#pt-cv-view-e507eb5lxy .pt-cv-pficon  { color: #bbb !important; }\n#pt-cv-view-e507eb5lxy  .add_to_cart_button, #pt-cv-view-e507eb5lxy  .add_to_cart_button *   { color: #ffffff !important; background-color: #00aeef !important; }\n#pt-cv-view-e507eb5lxy  .woocommerce-onsale   { color: #ffffff !important; background-color: #ff5a5f !important; }\n#pt-cv-view-e507eb5lxy .pt-cv-readmore  { color: #ffffff !important; background-color: #00aeef !important; }\n#pt-cv-view-e507eb5lxy .pt-cv-readmore:hover  { color: #ffffff !important; background-color: #00aeef !important; }\n#pt-cv-view-e507eb5lxy  + .pt-cv-pagination-wrapper .pt-cv-more , #pt-cv-view-e507eb5lxy  + .pt-cv-pagination-wrapper .pagination .active a { color: #ffffff !important; background-color: #00aeef !important; }\n[id^='pt-cv-filter-bar-e507eb5lxy'] .active.pt-cv-filter-option, [id^='pt-cv-filter-bar-e507eb5lxy'] .active .pt-cv-filter-option, [id^='pt-cv-filter-bar-e507eb5lxy'] .selected.pt-cv-filter-option, [id^='pt-cv-filter-bar-e507eb5lxy'] .dropdown-toggle   { color: #fff !important; background-color: #00aeef !important; }\n[id^='pt-cv-filter-bar-e507eb5lxy'] .pt-cv-filter-title   { color: #fff !important; background-color: #00aeef !important; }\n#pt-cv-gls-e507eb5lxy li a.pt-active   { color: #fff !important; background-color: #ff5a5f !important; }\n#pt-cv-view-e507eb5lxy .pt-cv-gls-header  { color: #fff !important; background-color: #00aeef !important; }<\/style>\r\n\t\t\t<link href='\/\/fonts.googleapis.com\/css?family=Roboto' rel='stylesheet' type='text\/css'>\n","protected":false},"excerpt":{"rendered":"MABY TEC AUTOMAT MAT DISH WASHING MACHINE DETERGENT MABY TEC AUTOMAT PAR BULA\u015eIK MAK\u0130NES\u0130 PARLATICISI MABY TEC AUTOMAT L\u0130MES BULA\u015eIK MAK\u0130NES\u0130 K\u0130RE\u00c7 \u00c7\u00d6Z\u00dcC\u00dc MABY TEC AUTOMAT \u00d6D BULA\u015eIK MAK. \u00d6N DAL. MAD. MABY TEC GREEN K KONSANTRE BULA\u015eIK DETERJANI MABY M\u0130NERALL\u0130 SIVI TEM\u0130ZLEY\u0130C\u0130 MABY YA\u011e \u00c7\u00d6Z\u00dcC\u00dc MABY K\u0130RE\u00c7 \u00c7\u00d6Z\u00dcC\u00dc","protected":false},"author":2,"featured_media":18052,"parent":17907,"menu_order":0,"comment_status":"closed","ping_status":"closed","template":"","meta":[],"_links":{"self":[{"href":"https:\/\/www.tempakimya.com.tr\/ENGLISH\/wp-json\/wp\/v2\/pages\/17916"}],"collection":[{"href":"https:\/\/www.tempakimya.com.tr\/ENGLISH\/wp-json\/wp\/v2\/pages"}],"about":[{"href":"https:\/\/www.tempakimya.com.tr\/ENGLISH\/wp-json\/wp\/v2\/types\/page"}],"author":[{"embeddable":true,"href":"https:\/\/www.tempakimya.com.tr\/ENGLISH\/wp-json\/wp\/v2\/users\/2"}],"replies":[{"embeddable":true,"href":"https:\/\/www.tempakimya.com.tr\/ENGLISH\/wp-json\/wp\/v2\/comments?post=17916"}],"version-history":[{"count":3,"href":"https:\/\/www.tempakimya.com.tr\/ENGLISH\/wp-json\/wp\/v2\/pages\/17916\/revisions"}],"predecessor-version":[{"id":18600,"href":"https:\/\/www.tempakimya.com.tr\/ENGLISH\/wp-json\/wp\/v2\/pages\/17916\/revisions\/18600"}],"up":[{"embeddable":true,"href":"https:\/\/www.tempakimya.com.tr\/ENGLISH\/wp-json\/wp\/v2\/pages\/17907"}],"wp:featuredmedia":[{"embeddable":true,"href":"https:\/\/www.tempakimya.com.tr\/ENGLISH\/wp-json\/wp\/v2\/media\/18052"}],"wp:attachment":[{"href":"https:\/\/www.tempakimya.com.tr\/ENGLISH\/wp-json\/wp\/v2\/media?parent=17916"}],"curies":[{"name":"wp","href":"https:\/\/api.w.org\/{rel}","templated":true}]}}